{"id":2846,"date":"2024-09-18T13:18:20","date_gmt":"2024-09-18T18:18:20","guid":{"rendered":"https:\/\/heisateam.com.mx\/?page_id=2846"},"modified":"2024-10-09T17:36:28","modified_gmt":"2024-10-09T22:36:28","slug":"watson-mc-daniel","status":"publish","type":"page","link":"https:\/\/heisateam.com.mx\/index.php\/watson-mc-daniel\/","title":{"rendered":"Watson Mc Daniel"},"content":{"rendered":"\t\t<div data-elementor-type=\"wp-page\" data-elementor-id=\"2846\" class=\"elementor elementor-2846\">\n\t\t\t\t\t\t<section class=\"elementor-section elementor-top-section elementor-element elementor-element-931da0e elementor-section-full_width elementor-section-stretched elementor-section-height-min-height elementor-section-height-default elementor-section-items-middle\" data-id=\"931da0e\" data-element_type=\"section\" data-e-type=\"section\" data-settings=\"{&quot;stretch_section&quot;:&quot;section-stretched&quot;}\">\n\t\t\t\t\t\t<div class=\"elementor-container elementor-column-gap-no\">\n\t\t\t\t\t<div class=\"elementor-column elementor-col-100 elementor-top-column elementor-element elementor-element-96ee712\" data-id=\"96ee712\" data-element_type=\"column\" data-e-type=\"column\">\n\t\t\t<div class=\"elementor-widget-wrap elementor-element-populated\">\n\t\t\t\t\t\t<div class=\"elementor-element elementor-element-5a147eb elementor-widget-mobile__width-initial elementor-widget elementor-widget-etheme_slides\" data-id=\"5a147eb\" data-element_type=\"widget\" data-e-type=\"widget\" data-settings=\"{&quot;loop&quot;:&quot;yes&quot;,&quot;lazyload&quot;:&quot;yes&quot;,&quot;effect&quot;:&quot;slide&quot;,&quot;slides_per_view&quot;:&quot;1&quot;,&quot;space_between&quot;:{&quot;unit&quot;:&quot;px&quot;,&quot;size&quot;:20,&quot;sizes&quot;:[]},&quot;space_between_tablet&quot;:{&quot;unit&quot;:&quot;px&quot;,&quot;size&quot;:&quot;&quot;,&quot;sizes&quot;:[]},&quot;space_between_mobile&quot;:{&quot;unit&quot;:&quot;px&quot;,&quot;size&quot;:&quot;&quot;,&quot;sizes&quot;:[]},&quot;navigation&quot;:&quot;arrows&quot;}\" data-widget_type=\"etheme_slides.default\">\n\t\t\t\t<div class=\"elementor-widget-container\">\n\t\t\t\t\t        <div class=\"etheme-elementor-swiper-entry swiper-entry middle-inbox arrows-always\">\n            <div class=\"swiper etheme-elementor-slider swiper-container-main\" dir=\"ltr\" data-animation=\"fadeIn\">\n                <div class=\"swiper-wrapper etheme-elementor-slides\">\n\t\t\t\t\t\t\t\t\t\t<div class=\"elementor-repeater-item-a3649d8 swiper-slide\"><div class=\"swiper-slide-bg\" style=\"background-image: url(https:\/\/heisateam.com.mx\/wp-content\/uploads\/2024\/09\/Diseno-sin-titulo-9.png);\"><\/div><a class=\"swiper-slide-inner\" href=\"#\"><div class=\"swiper-slide-contents\"><div class=\"etheme-slide-heading\">Watson Mc Daniel<\/div><\/div><\/a><\/div>\t\t\t\t<\/div>\n                \n                \t\t\t<\/div>\n\t\n\t                 \n\t\t<\/div>\n\t\t\t\t\t\t<\/div>\n\t\t\t\t<\/div>\n\t\t\t\t\t<\/div>\n\t\t<\/div>\n\t\t\t\t\t<\/div>\n\t\t<\/section>\n\t\t\t\t<section class=\"elementor-section elementor-top-section elementor-element elementor-element-471b8a49 elementor-section-stretched elementor-section-boxed elementor-section-height-default elementor-section-height-default\" data-id=\"471b8a49\" data-element_type=\"section\" data-e-type=\"section\" data-settings=\"{&quot;stretch_section&quot;:&quot;section-stretched&quot;}\">\n\t\t\t\t\t\t<div class=\"elementor-container elementor-column-gap-no\">\n\t\t\t\t\t<div class=\"elementor-column elementor-col-100 elementor-top-column elementor-element elementor-element-4e85459c\" data-id=\"4e85459c\" data-element_type=\"column\" data-e-type=\"column\">\n\t\t\t<div class=\"elementor-widget-wrap elementor-element-populated\">\n\t\t\t\t\t\t<div class=\"elementor-element elementor-element-731bd7c0 elementor-widget-divider--view-line elementor-widget elementor-widget-divider\" data-id=\"731bd7c0\" data-element_type=\"widget\" data-e-type=\"widget\" data-widget_type=\"divider.default\">\n\t\t\t\t<div class=\"elementor-widget-container\">\n\t\t\t\t\t\t\t<div class=\"elementor-divider\">\n\t\t\t<span class=\"elementor-divider-separator\">\n\t\t\t\t\t\t<\/span>\n\t\t<\/div>\n\t\t\t\t\t\t<\/div>\n\t\t\t\t<\/div>\n\t\t\t\t\t<\/div>\n\t\t<\/div>\n\t\t\t\t\t<\/div>\n\t\t<\/section>\n\t\t<div class=\"elementor-element elementor-element-02f4ed6 e-flex e-con-boxed e-con e-parent\" data-id=\"02f4ed6\" data-element_type=\"container\" data-e-type=\"container\">\n\t\t\t\t\t<div class=\"e-con-inner\">\n\t\t\t\t<div class=\"elementor-element elementor-element-f8769c9 elementor-widget elementor-widget-text-editor\" data-id=\"f8769c9\" data-element_type=\"widget\" data-e-type=\"widget\" data-widget_type=\"text-editor.default\">\n\t\t\t\t<div class=\"elementor-widget-container\">\n\t\t\t\t\t\t\t\t\t<h4>Contamos con una l\u00ednea extensa de la marca Watson McDaniel.<br \/>\u00c9sta es una empresa certificada ISO 9001 y es fabricante calificada en ASME.<\/h4>\t\t\t\t\t\t\t\t<\/div>\n\t\t\t\t<\/div>\n\t\t\t\t\t<\/div>\n\t\t\t\t<\/div>\n\t\t<div class=\"elementor-element elementor-element-160e079 e-flex e-con-boxed e-con e-parent\" data-id=\"160e079\" data-element_type=\"container\" data-e-type=\"container\" data-settings=\"{&quot;background_background&quot;:&quot;classic&quot;}\">\n\t\t\t\t\t<div class=\"e-con-inner\">\n\t\t<div class=\"elementor-element elementor-element-41ddbd1 e-con-full e-flex e-con e-child\" data-id=\"41ddbd1\" data-element_type=\"container\" data-e-type=\"container\">\n\t\t\t\t<div class=\"elementor-element elementor-element-4037c36 elementor-widget elementor-widget-heading\" data-id=\"4037c36\" data-element_type=\"widget\" data-e-type=\"widget\" data-widget_type=\"heading.default\">\n\t\t\t\t<div class=\"elementor-widget-container\">\n\t\t\t\t\t<h2 class=\"elementor-heading-title elementor-size-default\">V\u00e1lvulas de Control\n<\/h2>\t\t\t\t<\/div>\n\t\t\t\t<\/div>\n\t\t\t\t<div class=\"elementor-element elementor-element-109ed34 elementor-widget-divider--view-line elementor-widget elementor-widget-divider\" data-id=\"109ed34\" data-element_type=\"widget\" data-e-type=\"widget\" data-widget_type=\"divider.default\">\n\t\t\t\t<div class=\"elementor-widget-container\">\n\t\t\t\t\t\t\t<div class=\"elementor-divider\">\n\t\t\t<span class=\"elementor-divider-separator\">\n\t\t\t\t\t\t<\/span>\n\t\t<\/div>\n\t\t\t\t\t\t<\/div>\n\t\t\t\t<\/div>\n\t\t\t\t<div class=\"elementor-element elementor-element-e535c81 elementor-widget elementor-widget-text-editor\" data-id=\"e535c81\" data-element_type=\"widget\" data-e-type=\"widget\" data-widget_type=\"text-editor.default\">\n\t\t\t\t<div class=\"elementor-widget-container\">\n\t\t\t\t\t\t\t\t\t<p>Una v\u00e1lvula de control es un dispositivo capaz de modular el flujo en diversos grados entre el caudal m\u00ednimo y al capacidad m\u00e1xima de respuesta a una se\u00f1al de un dispositivo de control externo.\u00a0<strong>La serie W910 Watson<\/strong>\u00a0ofrece alta calidad a un precio econ\u00f3mico e incorpora muchas caracter\u00edsticas encontradas solamente en las unidades m\u00e1s costosas.<\/p>\n<p>Contamos con una amplia variedad de modelos, disponibles para proporcionar la respuesta del flujo requerido por la aplicaci\u00f3n.<\/p>\t\t\t\t\t\t\t\t<\/div>\n\t\t\t\t<\/div>\n\t\t\t\t<\/div>\n\t\t<div class=\"elementor-element elementor-element-16fd8c8 e-con-full e-flex e-con e-child\" data-id=\"16fd8c8\" data-element_type=\"container\" data-e-type=\"container\">\n\t\t\t\t<div class=\"elementor-element elementor-element-386a728 elementor-widget elementor-widget-image\" data-id=\"386a728\" data-element_type=\"widget\" data-e-type=\"widget\" data-widget_type=\"image.default\">\n\t\t\t\t<div class=\"elementor-widget-container\">\n\t\t\t\t\t\t\t\t\t\t\t\t\t\t\t<img loading=\"lazy\" loading=\"lazy\" decoding=\"async\" width=\"600\" height=\"400\" src=\"https:\/\/heisateam.com.mx\/wp-content\/uploads\/2024\/09\/Bombas-de-Retorno-de-Condensadol-1.jpg\" class=\"attachment-large size-large wp-image-2848\" alt=\"\" srcset=\"https:\/\/heisateam.com.mx\/wp-content\/uploads\/2024\/09\/Bombas-de-Retorno-de-Condensadol-1.jpg 600w, https:\/\/heisateam.com.mx\/wp-content\/uploads\/2024\/09\/Bombas-de-Retorno-de-Condensadol-1-300x200.jpg 300w, https:\/\/heisateam.com.mx\/wp-content\/uploads\/2024\/09\/Bombas-de-Retorno-de-Condensadol-1-1x1.jpg 1w, https:\/\/heisateam.com.mx\/wp-content\/uploads\/2024\/09\/Bombas-de-Retorno-de-Condensadol-1-10x7.jpg 10w\" sizes=\"auto, (max-width: 600px) 100vw, 600px\">\t\t\t\t\t\t\t\t\t\t\t\t\t\t\t<\/div>\n\t\t\t\t<\/div>\n\t\t\t\t<\/div>\n\t\t\t\t\t<\/div>\n\t\t\t\t<\/div>\n\t\t<div class=\"elementor-element elementor-element-421a3ef e-flex e-con-boxed e-con e-parent\" data-id=\"421a3ef\" data-element_type=\"container\" data-e-type=\"container\" data-settings=\"{&quot;background_background&quot;:&quot;classic&quot;}\">\n\t\t\t\t\t<div class=\"e-con-inner\">\n\t\t<div class=\"elementor-element elementor-element-21e4ba4 e-con-full e-flex e-con e-child\" data-id=\"21e4ba4\" data-element_type=\"container\" data-e-type=\"container\">\n\t\t\t\t<div class=\"elementor-element elementor-element-d375f79 elementor-widget elementor-widget-image\" data-id=\"d375f79\" data-element_type=\"widget\" data-e-type=\"widget\" data-widget_type=\"image.default\">\n\t\t\t\t<div class=\"elementor-widget-container\">\n\t\t\t\t\t\t\t\t\t\t\t\t\t\t\t<img loading=\"lazy\" loading=\"lazy\" decoding=\"async\" width=\"896\" height=\"1024\" src=\"https:\/\/heisateam.com.mx\/wp-content\/uploads\/2024\/09\/Diseno-sin-titulo-10-896x1024.png\" class=\"attachment-large size-large wp-image-2851\" alt=\"\" srcset=\"https:\/\/heisateam.com.mx\/wp-content\/uploads\/2024\/09\/Diseno-sin-titulo-10-896x1024.png 896w, https:\/\/heisateam.com.mx\/wp-content\/uploads\/2024\/09\/Diseno-sin-titulo-10-263x300.png 263w, https:\/\/heisateam.com.mx\/wp-content\/uploads\/2024\/09\/Diseno-sin-titulo-10-768x878.png 768w, https:\/\/heisateam.com.mx\/wp-content\/uploads\/2024\/09\/Diseno-sin-titulo-10-1344x1536.png 1344w, https:\/\/heisateam.com.mx\/wp-content\/uploads\/2024\/09\/Diseno-sin-titulo-10-600x686.png 600w, https:\/\/heisateam.com.mx\/wp-content\/uploads\/2024\/09\/Diseno-sin-titulo-10-1x1.png 1w, https:\/\/heisateam.com.mx\/wp-content\/uploads\/2024\/09\/Diseno-sin-titulo-10-10x10.png 10w, https:\/\/heisateam.com.mx\/wp-content\/uploads\/2024\/09\/Diseno-sin-titulo-10.png 1400w\" sizes=\"auto, (max-width: 896px) 100vw, 896px\">\t\t\t\t\t\t\t\t\t\t\t\t\t\t\t<\/div>\n\t\t\t\t<\/div>\n\t\t\t\t<\/div>\n\t\t<div class=\"elementor-element elementor-element-e8ae4b0 e-con-full e-flex e-con e-child\" data-id=\"e8ae4b0\" data-element_type=\"container\" data-e-type=\"container\">\n\t\t\t\t<div class=\"elementor-element elementor-element-c80c16c elementor-widget elementor-widget-heading\" data-id=\"c80c16c\" data-element_type=\"widget\" data-e-type=\"widget\" data-widget_type=\"heading.default\">\n\t\t\t\t<div class=\"elementor-widget-container\">\n\t\t\t\t\t<h2 class=\"elementor-heading-title elementor-size-default\">Bombas de Retorno de Condensadol<\/h2>\t\t\t\t<\/div>\n\t\t\t\t<\/div>\n\t\t\t\t<div class=\"elementor-element elementor-element-3a2a563 elementor-widget-divider--view-line elementor-widget elementor-widget-divider\" data-id=\"3a2a563\" data-element_type=\"widget\" data-e-type=\"widget\" data-widget_type=\"divider.default\">\n\t\t\t\t<div class=\"elementor-widget-container\">\n\t\t\t\t\t\t\t<div class=\"elementor-divider\">\n\t\t\t<span class=\"elementor-divider-separator\">\n\t\t\t\t\t\t<\/span>\n\t\t<\/div>\n\t\t\t\t\t\t<\/div>\n\t\t\t\t<\/div>\n\t\t\t\t<div class=\"elementor-element elementor-element-3b68659 elementor-widget elementor-widget-text-editor\" data-id=\"3b68659\" data-element_type=\"widget\" data-e-type=\"widget\" data-widget_type=\"text-editor.default\">\n\t\t\t\t<div class=\"elementor-widget-container\">\n\t\t\t\t\t\t\t\t\t<p>Una v\u00e1lvula de control es un dispositivo capaz de modular el flujo en diversos grados entre el caudal m\u00ednimo y al capacidad m\u00e1xima de respuesta a una se\u00f1al de un dispositivo de control externo.\u00a0<strong>La serie W910 Watson<\/strong>\u00a0ofrece alta calidad a un precio econ\u00f3mico e incorpora muchas caracter\u00edsticas encontradas solamente en las unidades m\u00e1s costosas.<\/p>\n<p>Contamos con una amplia variedad de modelos, disponibles para proporcionar la respuesta del flujo requerido por la aplicaci\u00f3n.<\/p>\t\t\t\t\t\t\t\t<\/div>\n\t\t\t\t<\/div>\n\t\t\t\t<\/div>\n\t\t\t\t\t<\/div>\n\t\t\t\t<\/div>\n\t\t<div class=\"elementor-element elementor-element-a29adff e-flex e-con-boxed e-con e-parent\" data-id=\"a29adff\" data-element_type=\"container\" data-e-type=\"container\" data-settings=\"{&quot;background_background&quot;:&quot;classic&quot;}\">\n\t\t\t\t\t<div class=\"e-con-inner\">\n\t\t<div class=\"elementor-element elementor-element-160c6d7 e-con-full e-flex e-con e-child\" data-id=\"160c6d7\" data-element_type=\"container\" data-e-type=\"container\">\n\t\t\t\t<div class=\"elementor-element elementor-element-26c37db elementor-widget elementor-widget-heading\" data-id=\"26c37db\" data-element_type=\"widget\" data-e-type=\"widget\" data-widget_type=\"heading.default\">\n\t\t\t\t<div class=\"elementor-widget-container\">\n\t\t\t\t\t<h2 class=\"elementor-heading-title elementor-size-default\">Reguladores de Acci\u00f3n Directa\n<\/h2>\t\t\t\t<\/div>\n\t\t\t\t<\/div>\n\t\t\t\t<div class=\"elementor-element elementor-element-611454a elementor-widget-divider--view-line elementor-widget elementor-widget-divider\" data-id=\"611454a\" data-element_type=\"widget\" data-e-type=\"widget\" data-widget_type=\"divider.default\">\n\t\t\t\t<div class=\"elementor-widget-container\">\n\t\t\t\t\t\t\t<div class=\"elementor-divider\">\n\t\t\t<span class=\"elementor-divider-separator\">\n\t\t\t\t\t\t<\/span>\n\t\t<\/div>\n\t\t\t\t\t\t<\/div>\n\t\t\t\t<\/div>\n\t\t\t\t<div class=\"elementor-element elementor-element-aacc31d elementor-widget elementor-widget-text-editor\" data-id=\"aacc31d\" data-element_type=\"widget\" data-e-type=\"widget\" data-widget_type=\"text-editor.default\">\n\t\t\t\t<div class=\"elementor-widget-container\">\n\t\t\t\t\t\t\t\t\t<div class=\"wpb_text_column\">\n<div class=\"wpb_wrapper\">\n<p>Los reguladores de presi\u00f3n de la Serie B est\u00e1n dise\u00f1ados para su uso en agua, aceite, aire y otros l\u00edquidos y gases.\u00a0<strong>Estas v\u00e1lvulas pueden regular la presi\u00f3n de salida en el rango de 1-125 PSIG<\/strong>, dependiendo del resorte seleccionado.\u00a0<strong>Presi\u00f3n m\u00e1xima de entrada es de 250 PSIG.<\/strong><\/p>\n<\/div>\n<\/div>\t\t\t\t\t\t\t\t<\/div>\n\t\t\t\t<\/div>\n\t\t\t\t<div class=\"elementor-element elementor-element-cf091a7 elementor-widget elementor-widget-heading\" data-id=\"cf091a7\" data-element_type=\"widget\" data-e-type=\"widget\" data-widget_type=\"heading.default\">\n\t\t\t\t<div class=\"elementor-widget-container\">\n\t\t\t\t\t<h2 class=\"elementor-heading-title elementor-size-default\">Reguladores Piloteados\n<\/h2>\t\t\t\t<\/div>\n\t\t\t\t<\/div>\n\t\t\t\t<div class=\"elementor-element elementor-element-cca76c8 elementor-widget-divider--view-line elementor-widget elementor-widget-divider\" data-id=\"cca76c8\" data-element_type=\"widget\" data-e-type=\"widget\" data-widget_type=\"divider.default\">\n\t\t\t\t<div class=\"elementor-widget-container\">\n\t\t\t\t\t\t\t<div class=\"elementor-divider\">\n\t\t\t<span class=\"elementor-divider-separator\">\n\t\t\t\t\t\t<\/span>\n\t\t<\/div>\n\t\t\t\t\t\t<\/div>\n\t\t\t\t<\/div>\n\t\t\t\t<div class=\"elementor-element elementor-element-33973b8 elementor-widget elementor-widget-text-editor\" data-id=\"33973b8\" data-element_type=\"widget\" data-e-type=\"widget\" data-widget_type=\"text-editor.default\">\n\t\t\t\t<div class=\"elementor-widget-container\">\n\t\t\t\t\t\t\t\t\t<p>Los Reguladores piloteados son m\u00e1s precisos y ofrecen una mayor capacidad que el est\u00e1ndar de accionamiento directo.<\/p>\n<p>Se mantendr\u00e1 una presi\u00f3n constante de salida establecida, incluso cuando var\u00eda la presi\u00f3n de entrada o si hay variaciones en el flujo. Con la selecci\u00f3n adecuada de los pilotos, estos reguladores controlaran con precisi\u00f3n la temperatura, presi\u00f3n o una combinaci\u00f3n de ambos.<\/p>\t\t\t\t\t\t\t\t<\/div>\n\t\t\t\t<\/div>\n\t\t\t\t<\/div>\n\t\t<div class=\"elementor-element elementor-element-474a8dd e-con-full e-flex e-con e-child\" data-id=\"474a8dd\" data-element_type=\"container\" data-e-type=\"container\">\n\t\t\t\t<div class=\"elementor-element elementor-element-e8a9fa1 elementor-widget elementor-widget-image\" data-id=\"e8a9fa1\" data-element_type=\"widget\" data-e-type=\"widget\" data-widget_type=\"image.default\">\n\t\t\t\t<div class=\"elementor-widget-container\">\n\t\t\t\t\t\t\t\t\t\t\t\t\t\t\t<img loading=\"lazy\" loading=\"lazy\" decoding=\"async\" width=\"896\" height=\"1024\" src=\"https:\/\/heisateam.com.mx\/wp-content\/uploads\/2024\/09\/Diseno-sin-titulo-11-896x1024.png\" class=\"attachment-large size-large wp-image-2850\" alt=\"\" srcset=\"https:\/\/heisateam.com.mx\/wp-content\/uploads\/2024\/09\/Diseno-sin-titulo-11-896x1024.png 896w, https:\/\/heisateam.com.mx\/wp-content\/uploads\/2024\/09\/Diseno-sin-titulo-11-263x300.png 263w, https:\/\/heisateam.com.mx\/wp-content\/uploads\/2024\/09\/Diseno-sin-titulo-11-768x878.png 768w, https:\/\/heisateam.com.mx\/wp-content\/uploads\/2024\/09\/Diseno-sin-titulo-11-1344x1536.png 1344w, https:\/\/heisateam.com.mx\/wp-content\/uploads\/2024\/09\/Diseno-sin-titulo-11-600x686.png 600w, https:\/\/heisateam.com.mx\/wp-content\/uploads\/2024\/09\/Diseno-sin-titulo-11-1x1.png 1w, https:\/\/heisateam.com.mx\/wp-content\/uploads\/2024\/09\/Diseno-sin-titulo-11-10x10.png 10w, https:\/\/heisateam.com.mx\/wp-content\/uploads\/2024\/09\/Diseno-sin-titulo-11.png 1400w\" sizes=\"auto, (max-width: 896px) 100vw, 896px\">\t\t\t\t\t\t\t\t\t\t\t\t\t\t\t<\/div>\n\t\t\t\t<\/div>\n\t\t\t\t<\/div>\n\t\t\t\t\t<\/div>\n\t\t\t\t<\/div>\n\t\t\t\t<\/div>\n\t\t","protected":false},"excerpt":{"rendered":"<p>Watson Mc Daniel Contamos con una l\u00ednea extensa de la marca Watson McDaniel.\u00c9sta es una empresa certificada&#8230;<\/p>\n","protected":false},"author":1,"featured_media":0,"parent":0,"menu_order":0,"comment_status":"closed","ping_status":"closed","template":"","meta":{"footnotes":""},"class_list":["post-2846","page","type-page","status-publish","hentry"],"_links":{"self":[{"href":"https:\/\/heisateam.com.mx\/index.php\/wp-json\/wp\/v2\/pages\/2846","targetHints":{"allow":["GET"]}}],"collection":[{"href":"https:\/\/heisateam.com.mx\/index.php\/wp-json\/wp\/v2\/pages"}],"about":[{"href":"https:\/\/heisateam.com.mx\/index.php\/wp-json\/wp\/v2\/types\/page"}],"author":[{"embeddable":true,"href":"https:\/\/heisateam.com.mx\/index.php\/wp-json\/wp\/v2\/users\/1"}],"replies":[{"embeddable":true,"href":"https:\/\/heisateam.com.mx\/index.php\/wp-json\/wp\/v2\/comments?post=2846"}],"version-history":[{"count":16,"href":"https:\/\/heisateam.com.mx\/index.php\/wp-json\/wp\/v2\/pages\/2846\/revisions"}],"predecessor-version":[{"id":3091,"href":"https:\/\/heisateam.com.mx\/index.php\/wp-json\/wp\/v2\/pages\/2846\/revisions\/3091"}],"wp:attachment":[{"href":"https:\/\/heisateam.com.mx\/index.php\/wp-json\/wp\/v2\/media?parent=2846"}],"curies":[{"name":"wp","href":"https:\/\/api.w.org\/{rel}","templated":true}]}}