{"id":2864,"date":"2024-09-18T13:40:08","date_gmt":"2024-09-18T18:40:08","guid":{"rendered":"https:\/\/heisateam.com.mx\/?page_id=2864"},"modified":"2024-12-04T11:31:47","modified_gmt":"2024-12-04T17:31:47","slug":"lechler","status":"publish","type":"page","link":"https:\/\/heisateam.com.mx\/index.php\/lechler\/","title":{"rendered":"Lechler"},"content":{"rendered":"\t\t<div data-elementor-type=\"wp-page\" data-elementor-id=\"2864\" class=\"elementor elementor-2864\">\n\t\t\t\t\t\t<section class=\"elementor-section elementor-top-section elementor-element elementor-element-931da0e elementor-section-full_width elementor-section-stretched elementor-section-height-default elementor-section-height-default\" data-id=\"931da0e\" data-element_type=\"section\" data-settings=\"{&quot;stretch_section&quot;:&quot;section-stretched&quot;}\">\n\t\t\t\t\t\t<div class=\"elementor-container elementor-column-gap-no\">\n\t\t\t\t\t<div class=\"elementor-column elementor-col-100 elementor-top-column elementor-element elementor-element-96ee712\" data-id=\"96ee712\" data-element_type=\"column\">\n\t\t\t<div class=\"elementor-widget-wrap elementor-element-populated\">\n\t\t\t\t\t\t<div class=\"elementor-element elementor-element-5a147eb elementor-widget-mobile__width-initial elementor-widget elementor-widget-etheme_slides\" data-id=\"5a147eb\" data-element_type=\"widget\" data-settings=\"{&quot;loop&quot;:&quot;yes&quot;,&quot;lazyload&quot;:&quot;yes&quot;,&quot;effect&quot;:&quot;slide&quot;,&quot;slides_per_view&quot;:&quot;1&quot;,&quot;space_between&quot;:{&quot;unit&quot;:&quot;px&quot;,&quot;size&quot;:20,&quot;sizes&quot;:[]},&quot;space_between_tablet&quot;:{&quot;unit&quot;:&quot;px&quot;,&quot;size&quot;:&quot;&quot;,&quot;sizes&quot;:[]},&quot;space_between_mobile&quot;:{&quot;unit&quot;:&quot;px&quot;,&quot;size&quot;:&quot;&quot;,&quot;sizes&quot;:[]},&quot;navigation&quot;:&quot;arrows&quot;}\" data-widget_type=\"etheme_slides.default\">\n\t\t\t\t<div class=\"elementor-widget-container\">\n\t\t\t\t\t        <div class=\"etheme-elementor-swiper-entry swiper-entry middle-inbox arrows-always\">\n            <div class=\"swiper etheme-elementor-slider swiper-container-main\" dir=\"ltr\" data-animation=\"fadeIn\">\n                <div class=\"swiper-wrapper etheme-elementor-slides\">\n\t\t\t\t\t\t\t\t\t\t<div class=\"elementor-repeater-item-a3649d8 swiper-slide\"><div class=\"swiper-slide-bg\" style=\"background-image: url(https:\/\/heisateam.com.mx\/wp-content\/uploads\/2024\/09\/magueras-parker--e1726253807922.png);\"><\/div><a class=\"swiper-slide-inner\" href=\"#\"><div class=\"swiper-slide-contents\"><div class=\"etheme-slide-heading\">Lechler<\/div><\/div><\/a><\/div>\t\t\t\t<\/div>\n                \n                \t\t\t<\/div>\n\t\n\t                 \n\t\t<\/div>\n\t\t\t\t\t\t<\/div>\n\t\t\t\t<\/div>\n\t\t\t\t\t<\/div>\n\t\t<\/div>\n\t\t\t\t\t<\/div>\n\t\t<\/section>\n\t\t\t\t<section class=\"elementor-section elementor-top-section elementor-element elementor-element-471b8a49 elementor-section-stretched elementor-section-boxed elementor-section-height-default elementor-section-height-default\" data-id=\"471b8a49\" data-element_type=\"section\" data-settings=\"{&quot;stretch_section&quot;:&quot;section-stretched&quot;}\">\n\t\t\t\t\t\t<div class=\"elementor-container elementor-column-gap-no\">\n\t\t\t\t\t<div class=\"elementor-column elementor-col-100 elementor-top-column elementor-element elementor-element-4e85459c\" data-id=\"4e85459c\" data-element_type=\"column\">\n\t\t\t<div class=\"elementor-widget-wrap elementor-element-populated\">\n\t\t\t\t\t\t<div class=\"elementor-element elementor-element-731bd7c0 elementor-widget-divider--view-line elementor-widget elementor-widget-divider\" data-id=\"731bd7c0\" data-element_type=\"widget\" data-widget_type=\"divider.default\">\n\t\t\t\t<div class=\"elementor-widget-container\">\n\t\t\t\t\t\t\t<div class=\"elementor-divider\">\n\t\t\t<span class=\"elementor-divider-separator\">\n\t\t\t\t\t\t<\/span>\n\t\t<\/div>\n\t\t\t\t\t\t<\/div>\n\t\t\t\t<\/div>\n\t\t\t\t\t<\/div>\n\t\t<\/div>\n\t\t\t\t\t<\/div>\n\t\t<\/section>\n\t\t<div class=\"elementor-element elementor-element-f508168 e-flex e-con-boxed e-con e-parent\" data-id=\"f508168\" data-element_type=\"container\">\n\t\t\t\t\t<div class=\"e-con-inner\">\n\t\t<div class=\"elementor-element elementor-element-45ea773 e-con-full e-flex e-con e-child\" data-id=\"45ea773\" data-element_type=\"container\">\n\t\t\t\t<div class=\"elementor-element elementor-element-dda14e4 elementor-widget elementor-widget-image\" data-id=\"dda14e4\" data-element_type=\"widget\" data-widget_type=\"image.default\">\n\t\t\t\t<div class=\"elementor-widget-container\">\n\t\t\t\t\t\t\t\t\t\t\t\t\t\t\t<img loading=\"lazy\" loading=\"lazy\" decoding=\"async\" width=\"900\" height=\"500\" src=\"https:\/\/heisateam.com.mx\/wp-content\/uploads\/2024\/12\/lechler-vector-logo.png\" class=\"attachment-large size-large wp-image-3625\" alt=\"\" srcset=\"https:\/\/heisateam.com.mx\/wp-content\/uploads\/2024\/12\/lechler-vector-logo.png 900w, https:\/\/heisateam.com.mx\/wp-content\/uploads\/2024\/12\/lechler-vector-logo-300x167.png 300w, https:\/\/heisateam.com.mx\/wp-content\/uploads\/2024\/12\/lechler-vector-logo-768x427.png 768w, https:\/\/heisateam.com.mx\/wp-content\/uploads\/2024\/12\/lechler-vector-logo-600x333.png 600w, https:\/\/heisateam.com.mx\/wp-content\/uploads\/2024\/12\/lechler-vector-logo-1x1.png 1w, https:\/\/heisateam.com.mx\/wp-content\/uploads\/2024\/12\/lechler-vector-logo-10x6.png 10w\" sizes=\"auto, (max-width: 900px) 100vw, 900px\">\t\t\t\t\t\t\t\t\t\t\t\t\t\t\t<\/div>\n\t\t\t\t<\/div>\n\t\t\t\t<\/div>\n\t\t<div class=\"elementor-element elementor-element-77eb40f e-con-full e-flex e-con e-child\" data-id=\"77eb40f\" data-element_type=\"container\">\n\t\t\t\t<div class=\"elementor-element elementor-element-d1bccbd elementor-widget elementor-widget-heading\" data-id=\"d1bccbd\" data-element_type=\"widget\" data-widget_type=\"heading.default\">\n\t\t\t\t<div class=\"elementor-widget-container\">\n\t\t\t\t\t<h1 class=\"elementor-heading-title elementor-size-default\">Cat\u00e1logo Lechler Metals\n<\/h1>\t\t\t\t<\/div>\n\t\t\t\t<\/div>\n\t\t\t\t<div class=\"elementor-element elementor-element-e2b78a4 elementor-widget elementor-widget-heading\" data-id=\"e2b78a4\" data-element_type=\"widget\" data-widget_type=\"heading.default\">\n\t\t\t\t<div class=\"elementor-widget-container\">\n\t\t\t\t\t<h2 class=\"elementor-heading-title elementor-size-default\">Productos Lechler\n<\/h2>\t\t\t\t<\/div>\n\t\t\t\t<\/div>\n\t\t\t\t<div class=\"elementor-element elementor-element-cc1a852 elementor-widget elementor-widget-text-editor\" data-id=\"cc1a852\" data-element_type=\"widget\" data-widget_type=\"text-editor.default\">\n\t\t\t\t<div class=\"elementor-widget-container\">\n\t\t\t\t\t\t\t\t\t<p><strong>Lechler GmbH<\/strong>\u00a0es una empresa familiar con sede en Metzingen, Baden-Wurttemberg.<\/p><p>La compa\u00f1\u00eda desarrolla y fabrica boquillas de pulverizaci\u00f3n de diferentes materiales para diferentes aplicaciones y se encuentra entre las empresas l\u00edderes en el mercado mundial.<\/p>\t\t\t\t\t\t\t\t<\/div>\n\t\t\t\t<\/div>\n\t\t\t\t<div class=\"elementor-element elementor-element-a5232cc elementor-widget-divider--view-line elementor-widget elementor-widget-divider\" data-id=\"a5232cc\" data-element_type=\"widget\" data-widget_type=\"divider.default\">\n\t\t\t\t<div class=\"elementor-widget-container\">\n\t\t\t\t\t\t\t<div class=\"elementor-divider\">\n\t\t\t<span class=\"elementor-divider-separator\">\n\t\t\t\t\t\t<\/span>\n\t\t<\/div>\n\t\t\t\t\t\t<\/div>\n\t\t\t\t<\/div>\n\t\t\t\t<\/div>\n\t\t\t\t\t<\/div>\n\t\t\t\t<\/div>\n\t\t<div class=\"elementor-element elementor-element-aa06915 e-flex e-con-boxed e-con e-parent\" data-id=\"aa06915\" data-element_type=\"container\" data-settings=\"{&quot;background_background&quot;:&quot;classic&quot;}\">\n\t\t\t\t\t<div class=\"e-con-inner\">\n\t\t<div class=\"elementor-element elementor-element-697d214 e-con-full e-flex e-con e-child\" data-id=\"697d214\" data-element_type=\"container\">\n\t\t\t\t<div class=\"elementor-element elementor-element-2125eb1 elementor-widget elementor-widget-heading\" data-id=\"2125eb1\" data-element_type=\"widget\" data-widget_type=\"heading.default\">\n\t\t\t\t<div class=\"elementor-widget-container\">\n\t\t\t\t\t<h2 class=\"elementor-heading-title elementor-size-default\">Cat\u00e1logo Lechler Metals\n<\/h2>\t\t\t\t<\/div>\n\t\t\t\t<\/div>\n\t\t\t\t<div class=\"elementor-element elementor-element-187431e elementor-widget elementor-widget-image\" data-id=\"187431e\" data-element_type=\"widget\" data-widget_type=\"image.default\">\n\t\t\t\t<div class=\"elementor-widget-container\">\n\t\t\t\t\t\t\t\t\t\t\t\t\t\t\t<img loading=\"lazy\" loading=\"lazy\" decoding=\"async\" width=\"480\" height=\"320\" src=\"https:\/\/heisateam.com.mx\/wp-content\/uploads\/2024\/09\/Lecher.png\" class=\"attachment-large size-large wp-image-2867\" alt=\"\" srcset=\"https:\/\/heisateam.com.mx\/wp-content\/uploads\/2024\/09\/Lecher.png 480w, https:\/\/heisateam.com.mx\/wp-content\/uploads\/2024\/09\/Lecher-300x200.png 300w, https:\/\/heisateam.com.mx\/wp-content\/uploads\/2024\/09\/Lecher-1x1.png 1w, https:\/\/heisateam.com.mx\/wp-content\/uploads\/2024\/09\/Lecher-10x7.png 10w\" sizes=\"auto, (max-width: 480px) 100vw, 480px\">\t\t\t\t\t\t\t\t\t\t\t\t\t\t\t<\/div>\n\t\t\t\t<\/div>\n\t\t\t\t<div class=\"elementor-element elementor-element-bbddc66 elementor-widget-divider--view-line elementor-widget elementor-widget-divider\" data-id=\"bbddc66\" data-element_type=\"widget\" data-widget_type=\"divider.default\">\n\t\t\t\t<div class=\"elementor-widget-container\">\n\t\t\t\t\t\t\t<div class=\"elementor-divider\">\n\t\t\t<span class=\"elementor-divider-separator\">\n\t\t\t\t\t\t<\/span>\n\t\t<\/div>\n\t\t\t\t\t\t<\/div>\n\t\t\t\t<\/div>\n\t\t\t\t<\/div>\n\t\t<div class=\"elementor-element elementor-element-4cac986 e-con-full e-flex e-con e-child\" data-id=\"4cac986\" data-element_type=\"container\">\n\t\t\t\t<div class=\"elementor-element elementor-element-20eca04 elementor-align-center elementor-widget elementor-widget-elementskit-button\" data-id=\"20eca04\" data-element_type=\"widget\" data-widget_type=\"elementskit-button.default\">\n\t\t\t\t<div class=\"elementor-widget-container\">\n\t\t\t\t\t<div class=\"ekit-wid-con\" >\t\t<div class=\"ekit-btn-wraper\">\n\t\t\t\t\t\t\t<a href=\"https:\/\/heisateam.com.mx\/wp-content\/uploads\/2024\/12\/Tank_and_Equipment_Cleaning_Brochure-1.pdf\" class=\"elementskit-btn  whitespace--normal\" id=\"\">\n\t\t\t\t\tDescargar cat\u00e1logos\t\t\t\t<\/a>\n\t\t\t\t\t<\/div>\n        <\/div>\t\t\t\t<\/div>\n\t\t\t\t<\/div>\n\t\t\t\t<div class=\"elementor-element elementor-element-c31996e elementor-align-center elementor-widget elementor-widget-elementskit-button\" data-id=\"c31996e\" data-element_type=\"widget\" data-widget_type=\"elementskit-button.default\">\n\t\t\t\t<div class=\"elementor-widget-container\">\n\t\t\t\t\t<div class=\"ekit-wid-con\" >\t\t<div class=\"ekit-btn-wraper\">\n\t\t\t\t\t\t\t<a href=\"https:\/\/heisateam.com.mx\/wp-content\/uploads\/2024\/12\/Descaling_-_SCALEMASTER_HP_Superior.pdf\" class=\"elementskit-btn  whitespace--normal\" id=\"\">\n\t\t\t\t\tDescargar cat\u00e1logos\t\t\t\t<\/a>\n\t\t\t\t\t<\/div>\n        <\/div>\t\t\t\t<\/div>\n\t\t\t\t<\/div>\n\t\t\t\t<div class=\"elementor-element elementor-element-7a2e1ae elementor-align-center elementor-widget elementor-widget-elementskit-button\" data-id=\"7a2e1ae\" data-element_type=\"widget\" data-widget_type=\"elementskit-button.default\">\n\t\t\t\t<div class=\"elementor-widget-container\">\n\t\t\t\t\t<div class=\"ekit-wid-con\" >\t\t<div class=\"ekit-btn-wraper\">\n\t\t\t\t\t\t\t<a href=\"https:\/\/heisateam.com.mx\/wp-content\/uploads\/2024\/12\/Brochure_-_ScalemasterEcoPlus-USA.pdf\" class=\"elementskit-btn  whitespace--normal\" id=\"\">\n\t\t\t\t\tDescargar cat\u00e1logos\t\t\t\t<\/a>\n\t\t\t\t\t<\/div>\n        <\/div>\t\t\t\t<\/div>\n\t\t\t\t<\/div>\n\t\t\t\t<div class=\"elementor-element elementor-element-0156781 elementor-align-center elementor-widget elementor-widget-elementskit-button\" data-id=\"0156781\" data-element_type=\"widget\" data-widget_type=\"elementskit-button.default\">\n\t\t\t\t<div class=\"elementor-widget-container\">\n\t\t\t\t\t<div class=\"ekit-wid-con\" >\t\t<div class=\"ekit-btn-wraper\">\n\t\t\t\t\t\t\t<a href=\"https:\/\/heisateam.com.mx\/wp-content\/uploads\/2024\/12\/CATALOG_600.pdf\" class=\"elementskit-btn  whitespace--normal\" id=\"\">\n\t\t\t\t\tDescargar cat\u00e1logos\t\t\t\t<\/a>\n\t\t\t\t\t<\/div>\n        <\/div>\t\t\t\t<\/div>\n\t\t\t\t<\/div>\n\t\t\t\t<\/div>\n\t\t\t\t\t<\/div>\n\t\t\t\t<\/div>\n\t\t\t\t<\/div>\n\t\t","protected":false},"excerpt":{"rendered":"<p>Lechler Cat\u00e1logo Lechler Metals Productos Lechler Lechler GmbH\u00a0es una empresa familiar con sede en Metzingen, Baden-Wurttemberg. La&#8230;<\/p>\n","protected":false},"author":1,"featured_media":0,"parent":0,"menu_order":0,"comment_status":"closed","ping_status":"closed","template":"","meta":{"footnotes":""},"class_list":["post-2864","page","type-page","status-publish","hentry"],"_links":{"self":[{"href":"https:\/\/heisateam.com.mx\/index.php\/wp-json\/wp\/v2\/pages\/2864","targetHints":{"allow":["GET"]}}],"collection":[{"href":"https:\/\/heisateam.com.mx\/index.php\/wp-json\/wp\/v2\/pages"}],"about":[{"href":"https:\/\/heisateam.com.mx\/index.php\/wp-json\/wp\/v2\/types\/page"}],"author":[{"embeddable":true,"href":"https:\/\/heisateam.com.mx\/index.php\/wp-json\/wp\/v2\/users\/1"}],"replies":[{"embeddable":true,"href":"https:\/\/heisateam.com.mx\/index.php\/wp-json\/wp\/v2\/comments?post=2864"}],"version-history":[{"count":22,"href":"https:\/\/heisateam.com.mx\/index.php\/wp-json\/wp\/v2\/pages\/2864\/revisions"}],"predecessor-version":[{"id":3651,"href":"https:\/\/heisateam.com.mx\/index.php\/wp-json\/wp\/v2\/pages\/2864\/revisions\/3651"}],"wp:attachment":[{"href":"https:\/\/heisateam.com.mx\/index.php\/wp-json\/wp\/v2\/media?parent=2864"}],"curies":[{"name":"wp","href":"https:\/\/api.w.org\/{rel}","templated":true}]}}