{"id":2958,"date":"2024-09-19T12:03:46","date_gmt":"2024-09-19T17:03:46","guid":{"rendered":"https:\/\/heisateam.com.mx\/?page_id=2958"},"modified":"2024-09-19T12:06:35","modified_gmt":"2024-09-19T17:06:35","slug":"politica-de-calidad","status":"publish","type":"page","link":"https:\/\/heisateam.com.mx\/index.php\/politica-de-calidad\/","title":{"rendered":"Politica de Calidad"},"content":{"rendered":"\t\t<div data-elementor-type=\"wp-page\" data-elementor-id=\"2958\" class=\"elementor elementor-2958\">\n\t\t\t\t<div class=\"elementor-element elementor-element-1630dac e-flex e-con-boxed e-con e-parent\" data-id=\"1630dac\" data-element_type=\"container\">\n\t\t\t\t\t<div class=\"e-con-inner\">\n\t\t\t\t<div class=\"elementor-element elementor-element-f4df47b elementor-widget elementor-widget-spacer\" data-id=\"f4df47b\" data-element_type=\"widget\" data-widget_type=\"spacer.default\">\n\t\t\t\t<div class=\"elementor-widget-container\">\n\t\t\t\t\t\t\t<div class=\"elementor-spacer\">\n\t\t\t<div class=\"elementor-spacer-inner\"><\/div>\n\t\t<\/div>\n\t\t\t\t\t\t<\/div>\n\t\t\t\t<\/div>\n\t\t\t\t<div class=\"elementor-element elementor-element-54ff35d elementor-widget elementor-widget-heading\" data-id=\"54ff35d\" data-element_type=\"widget\" data-widget_type=\"heading.default\">\n\t\t\t\t<div class=\"elementor-widget-container\">\n\t\t\t\t\t<h2 class=\"elementor-heading-title elementor-size-default\">Pol\u00edtica de Calidad de HEISATEAM<\/h2>\t\t\t\t<\/div>\n\t\t\t\t<\/div>\n\t\t\t\t<div class=\"elementor-element elementor-element-1987756 elementor-widget-divider--view-line elementor-widget elementor-widget-divider\" data-id=\"1987756\" data-element_type=\"widget\" data-widget_type=\"divider.default\">\n\t\t\t\t<div class=\"elementor-widget-container\">\n\t\t\t\t\t\t\t<div class=\"elementor-divider\">\n\t\t\t<span class=\"elementor-divider-separator\">\n\t\t\t\t\t\t<\/span>\n\t\t<\/div>\n\t\t\t\t\t\t<\/div>\n\t\t\t\t<\/div>\n\t\t\t\t<div class=\"elementor-element elementor-element-b9c94e0 elementor-widget elementor-widget-text-editor\" data-id=\"b9c94e0\" data-element_type=\"widget\" data-widget_type=\"text-editor.default\">\n\t\t\t\t<div class=\"elementor-widget-container\">\n\t\t\t\t\t\t\t\t\t<p>En HEISATEAM, nos comprometemos a satisfacer las necesidades de la industria mediante la provisi\u00f3n de productos y servicios de alta calidad en equipos hidr\u00e1ulicos y neum\u00e1ticos. Nuestra meta es no solo cumplir, sino superar las expectativas de nuestros clientes y de todas las partes interesadas en el contexto de nuestra organizaci\u00f3n.<\/p><p>Fundamentamos nuestro compromiso en un Sistema de Gesti\u00f3n de Calidad alineado con el est\u00e1ndar internacional ISO 9001:2015. Este enfoque nos permite alcanzar nuestros objetivos y fomentar una cultura de mejora continua en todos nuestros procesos.<\/p><p>Nos esforzamos por:<\/p><ol><li><p><strong>Escuchar a nuestros clientes<\/strong>: Comprender sus necesidades y expectativas para ofrecer soluciones efectivas.<\/p><\/li><li><p><strong>Innovar y mejorar<\/strong>: Buscar constantemente nuevas formas de optimizar nuestros productos y servicios.<\/p><\/li><li><p><strong>Formaci\u00f3n y desarrollo<\/strong>: Capacitar a nuestro equipo para garantizar que cuentan con las habilidades y conocimientos necesarios para mantener los est\u00e1ndares de calidad.<\/p><\/li><li><p><strong>Colaboraci\u00f3n<\/strong>: Trabajar de manera conjunta con proveedores y socios estrat\u00e9gicos para asegurar la excelencia en toda la cadena de suministro.<\/p><\/li><li><p><strong>Responsabilidad social<\/strong>: Actuar de manera \u00e9tica y sostenible, considerando el impacto de nuestras operaciones en la sociedad y el medio ambiente.<\/p><\/li><\/ol><p>Nos comprometemos a revisar y actualizar esta pol\u00edtica de forma regular para asegurar su eficacia y pertinencia, aline\u00e1ndonos siempre con las mejores pr\u00e1cticas de la industria.<\/p>\t\t\t\t\t\t\t\t<\/div>\n\t\t\t\t<\/div>\n\t\t\t\t\t<\/div>\n\t\t\t\t<\/div>\n\t\t\t\t<\/div>\n\t\t","protected":false},"excerpt":{"rendered":"<p>Pol\u00edtica de Calidad de HEISATEAM En HEISATEAM, nos comprometemos a satisfacer las necesidades de la industria mediante&#8230;<\/p>\n","protected":false},"author":1,"featured_media":0,"parent":0,"menu_order":0,"comment_status":"closed","ping_status":"closed","template":"","meta":{"footnotes":""},"class_list":["post-2958","page","type-page","status-publish","hentry"],"_links":{"self":[{"href":"https:\/\/heisateam.com.mx\/index.php\/wp-json\/wp\/v2\/pages\/2958","targetHints":{"allow":["GET"]}}],"collection":[{"href":"https:\/\/heisateam.com.mx\/index.php\/wp-json\/wp\/v2\/pages"}],"about":[{"href":"https:\/\/heisateam.com.mx\/index.php\/wp-json\/wp\/v2\/types\/page"}],"author":[{"embeddable":true,"href":"https:\/\/heisateam.com.mx\/index.php\/wp-json\/wp\/v2\/users\/1"}],"replies":[{"embeddable":true,"href":"https:\/\/heisateam.com.mx\/index.php\/wp-json\/wp\/v2\/comments?post=2958"}],"version-history":[{"count":4,"href":"https:\/\/heisateam.com.mx\/index.php\/wp-json\/wp\/v2\/pages\/2958\/revisions"}],"predecessor-version":[{"id":2962,"href":"https:\/\/heisateam.com.mx\/index.php\/wp-json\/wp\/v2\/pages\/2958\/revisions\/2962"}],"wp:attachment":[{"href":"https:\/\/heisateam.com.mx\/index.php\/wp-json\/wp\/v2\/media?parent=2958"}],"curies":[{"name":"wp","href":"https:\/\/api.w.org\/{rel}","templated":true}]}}