{"id":3001,"date":"2024-10-09T12:48:13","date_gmt":"2024-10-09T17:48:13","guid":{"rendered":"https:\/\/heisateam.com.mx\/?page_id=3001"},"modified":"2026-01-13T11:34:28","modified_gmt":"2026-01-13T17:34:28","slug":"nuestro-catalogos","status":"publish","type":"page","link":"https:\/\/heisateam.com.mx\/index.php\/nuestro-catalogos\/","title":{"rendered":"\u00a0Nuestro cat\u00e1logos"},"content":{"rendered":"\t\t<div data-elementor-type=\"wp-page\" data-elementor-id=\"3001\" class=\"elementor elementor-3001\">\n\t\t\t\t<div class=\"elementor-element elementor-element-9fa6fd8 e-flex e-con-boxed e-con e-parent\" data-id=\"9fa6fd8\" data-element_type=\"container\" data-e-type=\"container\">\n\t\t\t\t\t<div class=\"e-con-inner\">\n\t\t\t\t<div class=\"elementor-element elementor-element-4c26c04 elementor-widget elementor-widget-image\" data-id=\"4c26c04\" data-element_type=\"widget\" data-e-type=\"widget\" data-widget_type=\"image.default\">\n\t\t\t\t<div class=\"elementor-widget-container\">\n\t\t\t\t\t\t\t\t\t\t\t\t\t\t\t<img loading=\"lazy\" loading=\"lazy\" decoding=\"async\" width=\"477\" height=\"307\" src=\"https:\/\/heisateam.com.mx\/wp-content\/uploads\/2024\/09\/Parker-e1737053920982.jpg\" class=\"attachment-large size-large wp-image-2672\" alt=\"\" srcset=\"https:\/\/heisateam.com.mx\/wp-content\/uploads\/2024\/09\/Parker-e1737053920982.jpg 477w, https:\/\/heisateam.com.mx\/wp-content\/uploads\/2024\/09\/Parker-e1737053920982-300x193.jpg 300w, https:\/\/heisateam.com.mx\/wp-content\/uploads\/2024\/09\/Parker-e1737053920982-1x1.jpg 1w, https:\/\/heisateam.com.mx\/wp-content\/uploads\/2024\/09\/Parker-e1737053920982-10x6.jpg 10w\" sizes=\"auto, (max-width: 477px) 100vw, 477px\">\t\t\t\t\t\t\t\t\t\t\t\t\t\t\t<\/div>\n\t\t\t\t<\/div>\n\t\t\t\t<div class=\"elementor-element elementor-element-5d20572 elementor-widget elementor-widget-heading\" data-id=\"5d20572\" data-element_type=\"widget\" data-e-type=\"widget\" data-widget_type=\"heading.default\">\n\t\t\t\t<div class=\"elementor-widget-container\">\n\t\t\t\t\t<h2 class=\"elementor-heading-title elementor-size-default\">Consulta los principales cat\u00e1logos\n<\/h2>\t\t\t\t<\/div>\n\t\t\t\t<\/div>\n\t\t\t\t<div class=\"elementor-element elementor-element-05b90bb elementor-widget elementor-widget-text-editor\" data-id=\"05b90bb\" data-element_type=\"widget\" data-e-type=\"widget\" data-widget_type=\"text-editor.default\">\n\t\t\t\t<div class=\"elementor-widget-container\">\n\t\t\t\t\t\t\t\t\t<p>Haz clic en la tecnolog\u00eda de tu inter\u00e9s y explora los cat\u00e1logos m\u00e1s recientes de cada plataforma.<\/p>\t\t\t\t\t\t\t\t<\/div>\n\t\t\t\t<\/div>\n\t\t\t\t\t<\/div>\n\t\t\t\t<\/div>\n\t\t<div class=\"elementor-element elementor-element-b7e158b e-flex e-con-boxed e-con e-parent\" data-id=\"b7e158b\" data-element_type=\"container\" data-e-type=\"container\">\n\t\t\t\t\t<div class=\"e-con-inner\">\n\t\t<div class=\"elementor-element elementor-element-077535b e-con-full e-flex e-con e-child\" data-id=\"077535b\" data-element_type=\"container\" data-e-type=\"container\">\n\t\t\t\t<div class=\"elementor-element elementor-element-0578c02 elementor-widget elementor-widget-heading\" data-id=\"0578c02\" data-element_type=\"widget\" data-e-type=\"widget\" data-widget_type=\"heading.default\">\n\t\t\t\t<div class=\"elementor-widget-container\">\n\t\t\t\t\t<h2 class=\"elementor-heading-title elementor-size-default\">Fluid Connectors<\/h2>\t\t\t\t<\/div>\n\t\t\t\t<\/div>\n\t\t\t\t<div class=\"elementor-element elementor-element-071ab10 elementor-widget-divider--view-line elementor-widget elementor-widget-divider\" data-id=\"071ab10\" data-element_type=\"widget\" data-e-type=\"widget\" data-widget_type=\"divider.default\">\n\t\t\t\t<div class=\"elementor-widget-container\">\n\t\t\t\t\t\t\t<div class=\"elementor-divider\">\n\t\t\t<span class=\"elementor-divider-separator\">\n\t\t\t\t\t\t<\/span>\n\t\t<\/div>\n\t\t\t\t\t\t<\/div>\n\t\t\t\t<\/div>\n\t\t\t\t<div class=\"elementor-element elementor-element-74e8822 elementor-widget elementor-widget-image\" data-id=\"74e8822\" data-element_type=\"widget\" data-e-type=\"widget\" data-widget_type=\"image.default\">\n\t\t\t\t<div class=\"elementor-widget-container\">\n\t\t\t\t\t\t\t\t\t\t\t\t\t\t\t\t<a href=\"https:\/\/heisateam.com.mx\/index.php\/catalogos-de-fluid-connectors\/\" target=\"_blank\">\n\t\t\t\t\t\t\t<img loading=\"lazy\" loading=\"lazy\" decoding=\"async\" width=\"1024\" height=\"279\" src=\"https:\/\/heisateam.com.mx\/wp-content\/uploads\/2024\/10\/Fluid-Connectors-e1730922368223-1024x279.png\" class=\"attachment-large size-large wp-image-3011\" alt=\"\" srcset=\"https:\/\/heisateam.com.mx\/wp-content\/uploads\/2024\/10\/Fluid-Connectors-e1730922368223-1024x279.png 1024w, https:\/\/heisateam.com.mx\/wp-content\/uploads\/2024\/10\/Fluid-Connectors-e1730922368223-300x82.png 300w, https:\/\/heisateam.com.mx\/wp-content\/uploads\/2024\/10\/Fluid-Connectors-e1730922368223-768x209.png 768w, https:\/\/heisateam.com.mx\/wp-content\/uploads\/2024\/10\/Fluid-Connectors-e1730922368223-600x164.png 600w, https:\/\/heisateam.com.mx\/wp-content\/uploads\/2024\/10\/Fluid-Connectors-e1730922368223-1x1.png 1w, https:\/\/heisateam.com.mx\/wp-content\/uploads\/2024\/10\/Fluid-Connectors-e1730922368223-10x3.png 10w, https:\/\/heisateam.com.mx\/wp-content\/uploads\/2024\/10\/Fluid-Connectors-e1730922368223.png 1045w\" sizes=\"auto, (max-width: 1024px) 100vw, 1024px\">\t\t\t\t\t\t\t\t<\/a>\n\t\t\t\t\t\t\t\t\t\t\t\t\t\t\t<\/div>\n\t\t\t\t<\/div>\n\t\t\t\t<\/div>\n\t\t<div class=\"elementor-element elementor-element-f544555 e-con-full e-flex e-con e-child\" data-id=\"f544555\" data-element_type=\"container\" data-e-type=\"container\">\n\t\t\t\t<div class=\"elementor-element elementor-element-8c7c341 elementor-widget elementor-widget-heading\" data-id=\"8c7c341\" data-element_type=\"widget\" data-e-type=\"widget\" data-widget_type=\"heading.default\">\n\t\t\t\t<div class=\"elementor-widget-container\">\n\t\t\t\t\t<h2 class=\"elementor-heading-title elementor-size-default\">Hidr\u00e1ulica<\/h2>\t\t\t\t<\/div>\n\t\t\t\t<\/div>\n\t\t\t\t<div class=\"elementor-element elementor-element-12b37dd elementor-widget-divider--view-line elementor-widget elementor-widget-divider\" data-id=\"12b37dd\" data-element_type=\"widget\" data-e-type=\"widget\" data-widget_type=\"divider.default\">\n\t\t\t\t<div class=\"elementor-widget-container\">\n\t\t\t\t\t\t\t<div class=\"elementor-divider\">\n\t\t\t<span class=\"elementor-divider-separator\">\n\t\t\t\t\t\t<\/span>\n\t\t<\/div>\n\t\t\t\t\t\t<\/div>\n\t\t\t\t<\/div>\n\t\t\t\t<div class=\"elementor-element elementor-element-75165ab elementor-widget elementor-widget-image\" data-id=\"75165ab\" data-element_type=\"widget\" data-e-type=\"widget\" data-widget_type=\"image.default\">\n\t\t\t\t<div class=\"elementor-widget-container\">\n\t\t\t\t\t\t\t\t\t\t\t\t\t\t\t\t<a href=\"https:\/\/heisateam.com.mx\/index.php\/catalogos-hidraulica\/\">\n\t\t\t\t\t\t\t<img loading=\"lazy\" loading=\"lazy\" decoding=\"async\" width=\"1024\" height=\"272\" src=\"https:\/\/heisateam.com.mx\/wp-content\/uploads\/2024\/10\/Hidraulica-e1730922489626-1024x272.png\" class=\"attachment-large size-large wp-image-3012\" alt=\"\" srcset=\"https:\/\/heisateam.com.mx\/wp-content\/uploads\/2024\/10\/Hidraulica-e1730922489626-1024x272.png 1024w, https:\/\/heisateam.com.mx\/wp-content\/uploads\/2024\/10\/Hidraulica-e1730922489626-300x80.png 300w, https:\/\/heisateam.com.mx\/wp-content\/uploads\/2024\/10\/Hidraulica-e1730922489626-768x204.png 768w, https:\/\/heisateam.com.mx\/wp-content\/uploads\/2024\/10\/Hidraulica-e1730922489626-600x160.png 600w, https:\/\/heisateam.com.mx\/wp-content\/uploads\/2024\/10\/Hidraulica-e1730922489626-1x1.png 1w, https:\/\/heisateam.com.mx\/wp-content\/uploads\/2024\/10\/Hidraulica-e1730922489626-10x3.png 10w, https:\/\/heisateam.com.mx\/wp-content\/uploads\/2024\/10\/Hidraulica-e1730922489626.png 1057w\" sizes=\"auto, (max-width: 1024px) 100vw, 1024px\">\t\t\t\t\t\t\t\t<\/a>\n\t\t\t\t\t\t\t\t\t\t\t\t\t\t\t<\/div>\n\t\t\t\t<\/div>\n\t\t\t\t<\/div>\n\t\t\t\t\t<\/div>\n\t\t\t\t<\/div>\n\t\t<div class=\"elementor-element elementor-element-25e49c6 e-flex e-con-boxed e-con e-parent\" data-id=\"25e49c6\" data-element_type=\"container\" data-e-type=\"container\">\n\t\t\t\t\t<div class=\"e-con-inner\">\n\t\t<div class=\"elementor-element elementor-element-40e1642 e-con-full e-flex e-con e-child\" data-id=\"40e1642\" data-element_type=\"container\" data-e-type=\"container\">\n\t\t\t\t<div class=\"elementor-element elementor-element-644d914 elementor-widget elementor-widget-heading\" data-id=\"644d914\" data-element_type=\"widget\" data-e-type=\"widget\" data-widget_type=\"heading.default\">\n\t\t\t\t<div class=\"elementor-widget-container\">\n\t\t\t\t\t<h2 class=\"elementor-heading-title elementor-size-default\">Neum\u00e1tica<\/h2>\t\t\t\t<\/div>\n\t\t\t\t<\/div>\n\t\t\t\t<div class=\"elementor-element elementor-element-3c32adb elementor-widget-divider--view-line elementor-widget elementor-widget-divider\" data-id=\"3c32adb\" data-element_type=\"widget\" data-e-type=\"widget\" data-widget_type=\"divider.default\">\n\t\t\t\t<div class=\"elementor-widget-container\">\n\t\t\t\t\t\t\t<div class=\"elementor-divider\">\n\t\t\t<span class=\"elementor-divider-separator\">\n\t\t\t\t\t\t<\/span>\n\t\t<\/div>\n\t\t\t\t\t\t<\/div>\n\t\t\t\t<\/div>\n\t\t\t\t<div class=\"elementor-element elementor-element-93d3080 elementor-widget elementor-widget-image\" data-id=\"93d3080\" data-element_type=\"widget\" data-e-type=\"widget\" data-widget_type=\"image.default\">\n\t\t\t\t<div class=\"elementor-widget-container\">\n\t\t\t\t\t\t\t\t\t\t\t\t\t\t\t\t<a href=\"https:\/\/heisateam.com.mx\/index.php\/catalogos-de-neumatica\/\">\n\t\t\t\t\t\t\t<img loading=\"lazy\" loading=\"lazy\" decoding=\"async\" width=\"1024\" height=\"274\" src=\"https:\/\/heisateam.com.mx\/wp-content\/uploads\/2024\/10\/Neumatica-e1730922628684-1024x274.png\" class=\"attachment-large size-large wp-image-3014\" alt=\"\" srcset=\"https:\/\/heisateam.com.mx\/wp-content\/uploads\/2024\/10\/Neumatica-e1730922628684-1024x274.png 1024w, https:\/\/heisateam.com.mx\/wp-content\/uploads\/2024\/10\/Neumatica-e1730922628684-300x80.png 300w, https:\/\/heisateam.com.mx\/wp-content\/uploads\/2024\/10\/Neumatica-e1730922628684-768x205.png 768w, https:\/\/heisateam.com.mx\/wp-content\/uploads\/2024\/10\/Neumatica-e1730922628684-600x161.png 600w, https:\/\/heisateam.com.mx\/wp-content\/uploads\/2024\/10\/Neumatica-e1730922628684-1x1.png 1w, https:\/\/heisateam.com.mx\/wp-content\/uploads\/2024\/10\/Neumatica-e1730922628684-10x3.png 10w, https:\/\/heisateam.com.mx\/wp-content\/uploads\/2024\/10\/Neumatica-e1730922628684.png 1054w\" sizes=\"auto, (max-width: 1024px) 100vw, 1024px\">\t\t\t\t\t\t\t\t<\/a>\n\t\t\t\t\t\t\t\t\t\t\t\t\t\t\t<\/div>\n\t\t\t\t<\/div>\n\t\t\t\t<\/div>\n\t\t<div class=\"elementor-element elementor-element-cc16bd5 e-con-full e-flex e-con e-child\" data-id=\"cc16bd5\" data-element_type=\"container\" data-e-type=\"container\">\n\t\t\t\t<div class=\"elementor-element elementor-element-efae930 elementor-widget elementor-widget-heading\" data-id=\"efae930\" data-element_type=\"widget\" data-e-type=\"widget\" data-widget_type=\"heading.default\">\n\t\t\t\t<div class=\"elementor-widget-container\">\n\t\t\t\t\t<h2 class=\"elementor-heading-title elementor-size-default\">Filtraci\u00f3n<\/h2>\t\t\t\t<\/div>\n\t\t\t\t<\/div>\n\t\t\t\t<div class=\"elementor-element elementor-element-bc457b5 elementor-widget-divider--view-line elementor-widget elementor-widget-divider\" data-id=\"bc457b5\" data-element_type=\"widget\" data-e-type=\"widget\" data-widget_type=\"divider.default\">\n\t\t\t\t<div class=\"elementor-widget-container\">\n\t\t\t\t\t\t\t<div class=\"elementor-divider\">\n\t\t\t<span class=\"elementor-divider-separator\">\n\t\t\t\t\t\t<\/span>\n\t\t<\/div>\n\t\t\t\t\t\t<\/div>\n\t\t\t\t<\/div>\n\t\t\t\t<div class=\"elementor-element elementor-element-b103c39 elementor-widget elementor-widget-image\" data-id=\"b103c39\" data-element_type=\"widget\" data-e-type=\"widget\" data-widget_type=\"image.default\">\n\t\t\t\t<div class=\"elementor-widget-container\">\n\t\t\t\t\t\t\t\t\t\t\t\t\t\t\t\t<a href=\"https:\/\/heisateam.com.mx\/index.php\/catalogos-de-filtracion\/\">\n\t\t\t\t\t\t\t<img loading=\"lazy\" loading=\"lazy\" decoding=\"async\" width=\"1024\" height=\"275\" src=\"https:\/\/heisateam.com.mx\/wp-content\/uploads\/2024\/10\/Filtracion-e1730922693657-1024x275.png\" class=\"attachment-large size-large wp-image-3010\" alt=\"\" srcset=\"https:\/\/heisateam.com.mx\/wp-content\/uploads\/2024\/10\/Filtracion-e1730922693657-1024x275.png 1024w, https:\/\/heisateam.com.mx\/wp-content\/uploads\/2024\/10\/Filtracion-e1730922693657-300x80.png 300w, https:\/\/heisateam.com.mx\/wp-content\/uploads\/2024\/10\/Filtracion-e1730922693657-768x206.png 768w, https:\/\/heisateam.com.mx\/wp-content\/uploads\/2024\/10\/Filtracion-e1730922693657-600x161.png 600w, https:\/\/heisateam.com.mx\/wp-content\/uploads\/2024\/10\/Filtracion-e1730922693657-1x1.png 1w, https:\/\/heisateam.com.mx\/wp-content\/uploads\/2024\/10\/Filtracion-e1730922693657-10x3.png 10w, https:\/\/heisateam.com.mx\/wp-content\/uploads\/2024\/10\/Filtracion-e1730922693657.png 1055w\" sizes=\"auto, (max-width: 1024px) 100vw, 1024px\">\t\t\t\t\t\t\t\t<\/a>\n\t\t\t\t\t\t\t\t\t\t\t\t\t\t\t<\/div>\n\t\t\t\t<\/div>\n\t\t\t\t<\/div>\n\t\t\t\t\t<\/div>\n\t\t\t\t<\/div>\n\t\t<div class=\"elementor-element elementor-element-1637855 e-flex e-con-boxed e-con e-parent\" data-id=\"1637855\" data-element_type=\"container\" data-e-type=\"container\">\n\t\t\t\t\t<div class=\"e-con-inner\">\n\t\t<div class=\"elementor-element elementor-element-ec50a97 e-con-full e-flex e-con e-child\" data-id=\"ec50a97\" data-element_type=\"container\" data-e-type=\"container\">\n\t\t\t\t<div class=\"elementor-element elementor-element-e4707bd elementor-widget elementor-widget-heading\" data-id=\"e4707bd\" data-element_type=\"widget\" data-e-type=\"widget\" data-widget_type=\"heading.default\">\n\t\t\t\t<div class=\"elementor-widget-container\">\n\t\t\t\t\t<h2 class=\"elementor-heading-title elementor-size-default\">Electromec\u00e1nica<\/h2>\t\t\t\t<\/div>\n\t\t\t\t<\/div>\n\t\t\t\t<div class=\"elementor-element elementor-element-81e4a5b elementor-widget-divider--view-line elementor-widget elementor-widget-divider\" data-id=\"81e4a5b\" data-element_type=\"widget\" data-e-type=\"widget\" data-widget_type=\"divider.default\">\n\t\t\t\t<div class=\"elementor-widget-container\">\n\t\t\t\t\t\t\t<div class=\"elementor-divider\">\n\t\t\t<span class=\"elementor-divider-separator\">\n\t\t\t\t\t\t<\/span>\n\t\t<\/div>\n\t\t\t\t\t\t<\/div>\n\t\t\t\t<\/div>\n\t\t\t\t<div class=\"elementor-element elementor-element-b0e3d24 elementor-widget elementor-widget-image\" data-id=\"b0e3d24\" data-element_type=\"widget\" data-e-type=\"widget\" data-widget_type=\"image.default\">\n\t\t\t\t<div class=\"elementor-widget-container\">\n\t\t\t\t\t\t\t\t\t\t\t\t\t\t\t\t<a href=\"https:\/\/heisateam.com.mx\/index.php\/catalogos-de-electromecanica\/\">\n\t\t\t\t\t\t\t<img loading=\"lazy\" loading=\"lazy\" decoding=\"async\" width=\"1024\" height=\"275\" src=\"https:\/\/heisateam.com.mx\/wp-content\/uploads\/2024\/10\/Electromecanica-e1730922775722-1024x275.png\" class=\"attachment-large size-large wp-image-3008\" alt=\"\" srcset=\"https:\/\/heisateam.com.mx\/wp-content\/uploads\/2024\/10\/Electromecanica-e1730922775722-1024x275.png 1024w, https:\/\/heisateam.com.mx\/wp-content\/uploads\/2024\/10\/Electromecanica-e1730922775722-300x80.png 300w, https:\/\/heisateam.com.mx\/wp-content\/uploads\/2024\/10\/Electromecanica-e1730922775722-768x206.png 768w, https:\/\/heisateam.com.mx\/wp-content\/uploads\/2024\/10\/Electromecanica-e1730922775722-600x161.png 600w, https:\/\/heisateam.com.mx\/wp-content\/uploads\/2024\/10\/Electromecanica-e1730922775722-1x1.png 1w, https:\/\/heisateam.com.mx\/wp-content\/uploads\/2024\/10\/Electromecanica-e1730922775722-10x3.png 10w, https:\/\/heisateam.com.mx\/wp-content\/uploads\/2024\/10\/Electromecanica-e1730922775722.png 1055w\" sizes=\"auto, (max-width: 1024px) 100vw, 1024px\">\t\t\t\t\t\t\t\t<\/a>\n\t\t\t\t\t\t\t\t\t\t\t\t\t\t\t<\/div>\n\t\t\t\t<\/div>\n\t\t\t\t<\/div>\n\t\t<div class=\"elementor-element elementor-element-9ef3d2a e-con-full e-flex e-con e-child\" data-id=\"9ef3d2a\" data-element_type=\"container\" data-e-type=\"container\">\n\t\t\t\t<div class=\"elementor-element elementor-element-6805672 elementor-widget elementor-widget-heading\" data-id=\"6805672\" data-element_type=\"widget\" data-e-type=\"widget\" data-widget_type=\"heading.default\">\n\t\t\t\t<div class=\"elementor-widget-container\">\n\t\t\t\t\t<h2 class=\"elementor-heading-title elementor-size-default\">Instrumentaci\u00f3n<\/h2>\t\t\t\t<\/div>\n\t\t\t\t<\/div>\n\t\t\t\t<div class=\"elementor-element elementor-element-22830e3 elementor-widget-divider--view-line elementor-widget elementor-widget-divider\" data-id=\"22830e3\" data-element_type=\"widget\" data-e-type=\"widget\" data-widget_type=\"divider.default\">\n\t\t\t\t<div class=\"elementor-widget-container\">\n\t\t\t\t\t\t\t<div class=\"elementor-divider\">\n\t\t\t<span class=\"elementor-divider-separator\">\n\t\t\t\t\t\t<\/span>\n\t\t<\/div>\n\t\t\t\t\t\t<\/div>\n\t\t\t\t<\/div>\n\t\t\t\t<div class=\"elementor-element elementor-element-df8af64 elementor-widget elementor-widget-image\" data-id=\"df8af64\" data-element_type=\"widget\" data-e-type=\"widget\" data-widget_type=\"image.default\">\n\t\t\t\t<div class=\"elementor-widget-container\">\n\t\t\t\t\t\t\t\t\t\t\t\t\t\t\t\t<a href=\"https:\/\/heisateam.com.mx\/index.php\/catalogos-de-instrumentacion\/\">\n\t\t\t\t\t\t\t<img loading=\"lazy\" loading=\"lazy\" decoding=\"async\" width=\"1024\" height=\"271\" src=\"https:\/\/heisateam.com.mx\/wp-content\/uploads\/2024\/10\/Instrumentacion-e1730922932482-1024x271.png\" class=\"attachment-large size-large wp-image-3013\" alt=\"\" srcset=\"https:\/\/heisateam.com.mx\/wp-content\/uploads\/2024\/10\/Instrumentacion-e1730922932482-1024x271.png 1024w, https:\/\/heisateam.com.mx\/wp-content\/uploads\/2024\/10\/Instrumentacion-e1730922932482-300x79.png 300w, https:\/\/heisateam.com.mx\/wp-content\/uploads\/2024\/10\/Instrumentacion-e1730922932482-768x203.png 768w, https:\/\/heisateam.com.mx\/wp-content\/uploads\/2024\/10\/Instrumentacion-e1730922932482-600x159.png 600w, https:\/\/heisateam.com.mx\/wp-content\/uploads\/2024\/10\/Instrumentacion-e1730922932482-1x1.png 1w, https:\/\/heisateam.com.mx\/wp-content\/uploads\/2024\/10\/Instrumentacion-e1730922932482-10x3.png 10w, https:\/\/heisateam.com.mx\/wp-content\/uploads\/2024\/10\/Instrumentacion-e1730922932482.png 1054w\" sizes=\"auto, (max-width: 1024px) 100vw, 1024px\">\t\t\t\t\t\t\t\t<\/a>\n\t\t\t\t\t\t\t\t\t\t\t\t\t\t\t<\/div>\n\t\t\t\t<\/div>\n\t\t\t\t<\/div>\n\t\t\t\t\t<\/div>\n\t\t\t\t<\/div>\n\t\t<div class=\"elementor-element elementor-element-604313b e-flex e-con-boxed e-con e-parent\" data-id=\"604313b\" data-element_type=\"container\" data-e-type=\"container\">\n\t\t\t\t\t<div class=\"e-con-inner\">\n\t\t<div class=\"elementor-element elementor-element-3c2bf99 e-con-full e-flex e-con e-child\" data-id=\"3c2bf99\" data-element_type=\"container\" data-e-type=\"container\">\n\t\t\t\t<div class=\"elementor-element elementor-element-9af9671 elementor-widget elementor-widget-heading\" data-id=\"9af9671\" data-element_type=\"widget\" data-e-type=\"widget\" data-widget_type=\"heading.default\">\n\t\t\t\t<div class=\"elementor-widget-container\">\n\t\t\t\t\t<h2 class=\"elementor-heading-title elementor-size-default\">Transair<\/h2>\t\t\t\t<\/div>\n\t\t\t\t<\/div>\n\t\t\t\t<div class=\"elementor-element elementor-element-eaee217 elementor-widget-divider--view-line elementor-widget elementor-widget-divider\" data-id=\"eaee217\" data-element_type=\"widget\" data-e-type=\"widget\" data-widget_type=\"divider.default\">\n\t\t\t\t<div class=\"elementor-widget-container\">\n\t\t\t\t\t\t\t<div class=\"elementor-divider\">\n\t\t\t<span class=\"elementor-divider-separator\">\n\t\t\t\t\t\t<\/span>\n\t\t<\/div>\n\t\t\t\t\t\t<\/div>\n\t\t\t\t<\/div>\n\t\t\t\t<div class=\"elementor-element elementor-element-81b354d elementor-widget elementor-widget-image\" data-id=\"81b354d\" data-element_type=\"widget\" data-e-type=\"widget\" data-widget_type=\"image.default\">\n\t\t\t\t<div class=\"elementor-widget-container\">\n\t\t\t\t\t\t\t\t\t\t\t\t\t\t\t\t<a href=\"https:\/\/heisateam.com.mx\/index.php\/catalogos-de-transair\/\">\n\t\t\t\t\t\t\t<img loading=\"lazy\" loading=\"lazy\" decoding=\"async\" width=\"1024\" height=\"270\" src=\"https:\/\/heisateam.com.mx\/wp-content\/uploads\/2024\/10\/Transair-e1730923057349-1024x270.png\" class=\"attachment-large size-large wp-image-3015\" alt=\"\" srcset=\"https:\/\/heisateam.com.mx\/wp-content\/uploads\/2024\/10\/Transair-e1730923057349-1024x270.png 1024w, https:\/\/heisateam.com.mx\/wp-content\/uploads\/2024\/10\/Transair-e1730923057349-300x79.png 300w, https:\/\/heisateam.com.mx\/wp-content\/uploads\/2024\/10\/Transair-e1730923057349-768x203.png 768w, https:\/\/heisateam.com.mx\/wp-content\/uploads\/2024\/10\/Transair-e1730923057349-600x158.png 600w, https:\/\/heisateam.com.mx\/wp-content\/uploads\/2024\/10\/Transair-e1730923057349-1x1.png 1w, https:\/\/heisateam.com.mx\/wp-content\/uploads\/2024\/10\/Transair-e1730923057349-10x3.png 10w, https:\/\/heisateam.com.mx\/wp-content\/uploads\/2024\/10\/Transair-e1730923057349.png 1060w\" sizes=\"auto, (max-width: 1024px) 100vw, 1024px\">\t\t\t\t\t\t\t\t<\/a>\n\t\t\t\t\t\t\t\t\t\t\t\t\t\t\t<\/div>\n\t\t\t\t<\/div>\n\t\t\t\t<\/div>\n\t\t<div class=\"elementor-element elementor-element-c9f8152 e-con-full e-flex e-con e-child\" data-id=\"c9f8152\" data-element_type=\"container\" data-e-type=\"container\">\n\t\t\t\t<div class=\"elementor-element elementor-element-240e864 elementor-widget elementor-widget-heading\" data-id=\"240e864\" data-element_type=\"widget\" data-e-type=\"widget\" data-widget_type=\"heading.default\">\n\t\t\t\t<div class=\"elementor-widget-container\">\n\t\t\t\t\t<h2 class=\"elementor-heading-title elementor-size-default\">FCD<\/h2>\t\t\t\t<\/div>\n\t\t\t\t<\/div>\n\t\t\t\t<div class=\"elementor-element elementor-element-eefc05e elementor-widget-divider--view-line elementor-widget elementor-widget-divider\" data-id=\"eefc05e\" data-element_type=\"widget\" data-e-type=\"widget\" data-widget_type=\"divider.default\">\n\t\t\t\t<div class=\"elementor-widget-container\">\n\t\t\t\t\t\t\t<div class=\"elementor-divider\">\n\t\t\t<span class=\"elementor-divider-separator\">\n\t\t\t\t\t\t<\/span>\n\t\t<\/div>\n\t\t\t\t\t\t<\/div>\n\t\t\t\t<\/div>\n\t\t\t\t<div class=\"elementor-element elementor-element-fe240ae elementor-widget elementor-widget-image\" data-id=\"fe240ae\" data-element_type=\"widget\" data-e-type=\"widget\" data-widget_type=\"image.default\">\n\t\t\t\t<div class=\"elementor-widget-container\">\n\t\t\t\t\t\t\t\t\t\t\t\t\t\t\t\t<a href=\"https:\/\/heisateam.com.mx\/index.php\/catalogos-de-fcd\/\">\n\t\t\t\t\t\t\t<img loading=\"lazy\" loading=\"lazy\" decoding=\"async\" width=\"1024\" height=\"277\" src=\"https:\/\/heisateam.com.mx\/wp-content\/uploads\/2024\/10\/FCD-e1730923112716-1024x277.png\" class=\"attachment-large size-large wp-image-3009\" alt=\"\" srcset=\"https:\/\/heisateam.com.mx\/wp-content\/uploads\/2024\/10\/FCD-e1730923112716-1024x277.png 1024w, https:\/\/heisateam.com.mx\/wp-content\/uploads\/2024\/10\/FCD-e1730923112716-300x81.png 300w, https:\/\/heisateam.com.mx\/wp-content\/uploads\/2024\/10\/FCD-e1730923112716-768x207.png 768w, https:\/\/heisateam.com.mx\/wp-content\/uploads\/2024\/10\/FCD-e1730923112716-600x162.png 600w, https:\/\/heisateam.com.mx\/wp-content\/uploads\/2024\/10\/FCD-e1730923112716-1x1.png 1w, https:\/\/heisateam.com.mx\/wp-content\/uploads\/2024\/10\/FCD-e1730923112716-10x3.png 10w, https:\/\/heisateam.com.mx\/wp-content\/uploads\/2024\/10\/FCD-e1730923112716.png 1055w\" sizes=\"auto, (max-width: 1024px) 100vw, 1024px\">\t\t\t\t\t\t\t\t<\/a>\n\t\t\t\t\t\t\t\t\t\t\t\t\t\t\t<\/div>\n\t\t\t\t<\/div>\n\t\t\t\t<\/div>\n\t\t\t\t\t<\/div>\n\t\t\t\t<\/div>\n\t\t\t\t<\/div>\n\t\t","protected":false},"excerpt":{"rendered":"<p>Consulta los principales cat\u00e1logos Haz clic en la tecnolog\u00eda de tu inter\u00e9s y explora los cat\u00e1logos m\u00e1s&#8230;<\/p>\n","protected":false},"author":1,"featured_media":0,"parent":0,"menu_order":0,"comment_status":"closed","ping_status":"closed","template":"","meta":{"footnotes":""},"class_list":["post-3001","page","type-page","status-publish","hentry"],"_links":{"self":[{"href":"https:\/\/heisateam.com.mx\/index.php\/wp-json\/wp\/v2\/pages\/3001","targetHints":{"allow":["GET"]}}],"collection":[{"href":"https:\/\/heisateam.com.mx\/index.php\/wp-json\/wp\/v2\/pages"}],"about":[{"href":"https:\/\/heisateam.com.mx\/index.php\/wp-json\/wp\/v2\/types\/page"}],"author":[{"embeddable":true,"href":"https:\/\/heisateam.com.mx\/index.php\/wp-json\/wp\/v2\/users\/1"}],"replies":[{"embeddable":true,"href":"https:\/\/heisateam.com.mx\/index.php\/wp-json\/wp\/v2\/comments?post=3001"}],"version-history":[{"count":70,"href":"https:\/\/heisateam.com.mx\/index.php\/wp-json\/wp\/v2\/pages\/3001\/revisions"}],"predecessor-version":[{"id":4286,"href":"https:\/\/heisateam.com.mx\/index.php\/wp-json\/wp\/v2\/pages\/3001\/revisions\/4286"}],"wp:attachment":[{"href":"https:\/\/heisateam.com.mx\/index.php\/wp-json\/wp\/v2\/media?parent=3001"}],"curies":[{"name":"wp","href":"https:\/\/api.w.org\/{rel}","templated":true}]}}