{"id":3023,"date":"2024-10-09T13:55:15","date_gmt":"2024-10-09T18:55:15","guid":{"rendered":"https:\/\/heisateam.com.mx\/?page_id=3023"},"modified":"2024-10-10T13:40:37","modified_gmt":"2024-10-10T18:40:37","slug":"catalogos-de-fluid-connectors","status":"publish","type":"page","link":"https:\/\/heisateam.com.mx\/index.php\/catalogos-de-fluid-connectors\/","title":{"rendered":"Cat\u00e1logos de Fluid Connectors"},"content":{"rendered":"\t\t<div data-elementor-type=\"wp-page\" data-elementor-id=\"3023\" class=\"elementor elementor-3023\">\n\t\t\t\t<div class=\"elementor-element elementor-element-1533d2d e-flex e-con-boxed e-con e-parent\" data-id=\"1533d2d\" data-element_type=\"container\" data-e-type=\"container\">\n\t\t\t\t\t<div class=\"e-con-inner\">\n\t\t<div class=\"elementor-element elementor-element-09f4239 e-con-full e-flex e-con e-child\" data-id=\"09f4239\" data-element_type=\"container\" data-e-type=\"container\">\n\t\t\t\t<div class=\"elementor-element elementor-element-91f78d9 elementor-widget elementor-widget-image\" data-id=\"91f78d9\" data-element_type=\"widget\" data-e-type=\"widget\" data-widget_type=\"image.default\">\n\t\t\t\t<div class=\"elementor-widget-container\">\n\t\t\t\t\t\t\t\t\t\t\t\t\t\t\t<img loading=\"lazy\" loading=\"lazy\" decoding=\"async\" width=\"477\" height=\"307\" src=\"https:\/\/heisateam.com.mx\/wp-content\/uploads\/2024\/09\/Parker-e1737053920982.jpg\" class=\"attachment-large size-large wp-image-2672\" alt=\"\" srcset=\"https:\/\/heisateam.com.mx\/wp-content\/uploads\/2024\/09\/Parker-e1737053920982.jpg 477w, https:\/\/heisateam.com.mx\/wp-content\/uploads\/2024\/09\/Parker-e1737053920982-300x193.jpg 300w, https:\/\/heisateam.com.mx\/wp-content\/uploads\/2024\/09\/Parker-e1737053920982-1x1.jpg 1w, https:\/\/heisateam.com.mx\/wp-content\/uploads\/2024\/09\/Parker-e1737053920982-10x6.jpg 10w\" sizes=\"auto, (max-width: 477px) 100vw, 477px\">\t\t\t\t\t\t\t\t\t\t\t\t\t\t\t<\/div>\n\t\t\t\t<\/div>\n\t\t\t\t<\/div>\n\t\t<div class=\"elementor-element elementor-element-5f26c48 e-con-full e-flex e-con e-child\" data-id=\"5f26c48\" data-element_type=\"container\" data-e-type=\"container\">\n\t\t\t\t<div class=\"elementor-element elementor-element-6ee4b85 elementor-widget elementor-widget-heading\" data-id=\"6ee4b85\" data-element_type=\"widget\" data-e-type=\"widget\" data-widget_type=\"heading.default\">\n\t\t\t\t<div class=\"elementor-widget-container\">\n\t\t\t\t\t<h2 class=\"elementor-heading-title elementor-size-default\">Cat\u00e1logos Fluid Connectors<\/h2>\t\t\t\t<\/div>\n\t\t\t\t<\/div>\n\t\t\t\t<div class=\"elementor-element elementor-element-3e07da5 elementor-widget elementor-widget-text-editor\" data-id=\"3e07da5\" data-element_type=\"widget\" data-e-type=\"widget\" data-widget_type=\"text-editor.default\">\n\t\t\t\t<div class=\"elementor-widget-container\">\n\t\t\t\t\t\t\t\t\t<p>Haz clic en la tecnolog\u00eda de tu inter\u00e9s y explora los cat\u00e1logos m\u00e1s recientes de cada plataforma.<\/p>\t\t\t\t\t\t\t\t<\/div>\n\t\t\t\t<\/div>\n\t\t\t\t<div class=\"elementor-element elementor-element-4b81dd4 elementor-widget-divider--view-line elementor-widget elementor-widget-divider\" data-id=\"4b81dd4\" data-element_type=\"widget\" data-e-type=\"widget\" data-widget_type=\"divider.default\">\n\t\t\t\t<div class=\"elementor-widget-container\">\n\t\t\t\t\t\t\t<div class=\"elementor-divider\">\n\t\t\t<span class=\"elementor-divider-separator\">\n\t\t\t\t\t\t<\/span>\n\t\t<\/div>\n\t\t\t\t\t\t<\/div>\n\t\t\t\t<\/div>\n\t\t\t\t<\/div>\n\t\t\t\t\t<\/div>\n\t\t\t\t<\/div>\n\t\t<div class=\"elementor-element elementor-element-d6fd833 e-flex e-con-boxed e-con e-parent\" data-id=\"d6fd833\" data-element_type=\"container\" data-e-type=\"container\">\n\t\t\t\t\t<div class=\"e-con-inner\">\n\t\t<div class=\"elementor-element elementor-element-0e323ce e-con-full e-flex e-con e-child\" data-id=\"0e323ce\" data-element_type=\"container\" data-e-type=\"container\">\n\t\t\t\t<div class=\"elementor-element elementor-element-ff7c25f elementor-widget elementor-widget-image\" data-id=\"ff7c25f\" data-element_type=\"widget\" data-e-type=\"widget\" data-widget_type=\"image.default\">\n\t\t\t\t<div class=\"elementor-widget-container\">\n\t\t\t\t\t\t\t\t\t\t\t\t\t\t\t\t<a href=\"https:\/\/heisateam.com.mx\/wp-content\/uploads\/2024\/10\/Catalog-4800-Parker-Industrial-Hose.pdf\">\n\t\t\t\t\t\t\t<img loading=\"lazy\" loading=\"lazy\" decoding=\"async\" width=\"623\" height=\"287\" src=\"https:\/\/heisateam.com.mx\/wp-content\/uploads\/2024\/10\/CAT-4800.png\" class=\"attachment-large size-large wp-image-3043\" alt=\"\" srcset=\"https:\/\/heisateam.com.mx\/wp-content\/uploads\/2024\/10\/CAT-4800.png 623w, https:\/\/heisateam.com.mx\/wp-content\/uploads\/2024\/10\/CAT-4800-300x138.png 300w, https:\/\/heisateam.com.mx\/wp-content\/uploads\/2024\/10\/CAT-4800-600x276.png 600w, https:\/\/heisateam.com.mx\/wp-content\/uploads\/2024\/10\/CAT-4800-1x1.png 1w, https:\/\/heisateam.com.mx\/wp-content\/uploads\/2024\/10\/CAT-4800-10x5.png 10w\" sizes=\"auto, (max-width: 623px) 100vw, 623px\">\t\t\t\t\t\t\t\t<\/a>\n\t\t\t\t\t\t\t\t\t\t\t\t\t\t\t<\/div>\n\t\t\t\t<\/div>\n\t\t\t\t<\/div>\n\t\t<div class=\"elementor-element elementor-element-472be13 e-con-full e-flex e-con e-child\" data-id=\"472be13\" data-element_type=\"container\" data-e-type=\"container\">\n\t\t\t\t<div class=\"elementor-element elementor-element-fceb19d elementor-widget elementor-widget-image\" data-id=\"fceb19d\" data-element_type=\"widget\" data-e-type=\"widget\" data-widget_type=\"image.default\">\n\t\t\t\t<div class=\"elementor-widget-container\">\n\t\t\t\t\t\t\t\t\t\t\t\t\t\t\t\t<a href=\"https:\/\/heisateam.com.mx\/wp-content\/uploads\/2024\/10\/HPD_4400_Catalog.pdf\">\n\t\t\t\t\t\t\t<img loading=\"lazy\" loading=\"lazy\" decoding=\"async\" width=\"623\" height=\"287\" src=\"https:\/\/heisateam.com.mx\/wp-content\/uploads\/2024\/10\/CAT-4400.jpg\" class=\"attachment-large size-large wp-image-3044\" alt=\"\" srcset=\"https:\/\/heisateam.com.mx\/wp-content\/uploads\/2024\/10\/CAT-4400.jpg 623w, https:\/\/heisateam.com.mx\/wp-content\/uploads\/2024\/10\/CAT-4400-300x138.jpg 300w, https:\/\/heisateam.com.mx\/wp-content\/uploads\/2024\/10\/CAT-4400-600x276.jpg 600w, https:\/\/heisateam.com.mx\/wp-content\/uploads\/2024\/10\/CAT-4400-1x1.jpg 1w, https:\/\/heisateam.com.mx\/wp-content\/uploads\/2024\/10\/CAT-4400-10x5.jpg 10w\" sizes=\"auto, (max-width: 623px) 100vw, 623px\">\t\t\t\t\t\t\t\t<\/a>\n\t\t\t\t\t\t\t\t\t\t\t\t\t\t\t<\/div>\n\t\t\t\t<\/div>\n\t\t\t\t<\/div>\n\t\t\t\t\t<\/div>\n\t\t\t\t<\/div>\n\t\t<div class=\"elementor-element elementor-element-14e5325 e-flex e-con-boxed e-con e-parent\" data-id=\"14e5325\" data-element_type=\"container\" data-e-type=\"container\">\n\t\t\t\t\t<div class=\"e-con-inner\">\n\t\t<div class=\"elementor-element elementor-element-c1e32d9 e-con-full e-flex e-con e-child\" data-id=\"c1e32d9\" data-element_type=\"container\" data-e-type=\"container\">\n\t\t\t\t<div class=\"elementor-element elementor-element-6ddf177 elementor-widget elementor-widget-image\" data-id=\"6ddf177\" data-element_type=\"widget\" data-e-type=\"widget\" data-widget_type=\"image.default\">\n\t\t\t\t<div class=\"elementor-widget-container\">\n\t\t\t\t\t\t\t\t\t\t\t\t\t\t\t\t<a href=\"https:\/\/heisateam.com.mx\/wp-content\/uploads\/2024\/10\/CAT-4100-ES.pdf\">\n\t\t\t\t\t\t\t<img loading=\"lazy\" loading=\"lazy\" decoding=\"async\" width=\"623\" height=\"287\" src=\"https:\/\/heisateam.com.mx\/wp-content\/uploads\/2024\/10\/CAT-4100.jpg\" class=\"attachment-large size-large wp-image-3045\" alt=\"\" srcset=\"https:\/\/heisateam.com.mx\/wp-content\/uploads\/2024\/10\/CAT-4100.jpg 623w, https:\/\/heisateam.com.mx\/wp-content\/uploads\/2024\/10\/CAT-4100-300x138.jpg 300w, https:\/\/heisateam.com.mx\/wp-content\/uploads\/2024\/10\/CAT-4100-600x276.jpg 600w, https:\/\/heisateam.com.mx\/wp-content\/uploads\/2024\/10\/CAT-4100-1x1.jpg 1w, https:\/\/heisateam.com.mx\/wp-content\/uploads\/2024\/10\/CAT-4100-10x5.jpg 10w\" sizes=\"auto, (max-width: 623px) 100vw, 623px\">\t\t\t\t\t\t\t\t<\/a>\n\t\t\t\t\t\t\t\t\t\t\t\t\t\t\t<\/div>\n\t\t\t\t<\/div>\n\t\t\t\t<\/div>\n\t\t<div class=\"elementor-element elementor-element-e20cb89 e-con-full e-flex e-con e-child\" data-id=\"e20cb89\" data-element_type=\"container\" data-e-type=\"container\">\n\t\t\t\t<div class=\"elementor-element elementor-element-b060067 elementor-widget elementor-widget-image\" data-id=\"b060067\" data-element_type=\"widget\" data-e-type=\"widget\" data-widget_type=\"image.default\">\n\t\t\t\t<div class=\"elementor-widget-container\">\n\t\t\t\t\t\t\t\t\t\t\t\t\t\t\t\t<a href=\"https:\/\/heisateam.com.mx\/wp-content\/uploads\/2024\/10\/Coples-Rapidos-FY23.pdf\">\n\t\t\t\t\t\t\t<img loading=\"lazy\" loading=\"lazy\" decoding=\"async\" width=\"623\" height=\"287\" src=\"https:\/\/heisateam.com.mx\/wp-content\/uploads\/2024\/10\/Coples-Rapidos-FY23.jpg\" class=\"attachment-large size-large wp-image-3046\" alt=\"\" srcset=\"https:\/\/heisateam.com.mx\/wp-content\/uploads\/2024\/10\/Coples-Rapidos-FY23.jpg 623w, https:\/\/heisateam.com.mx\/wp-content\/uploads\/2024\/10\/Coples-Rapidos-FY23-300x138.jpg 300w, https:\/\/heisateam.com.mx\/wp-content\/uploads\/2024\/10\/Coples-Rapidos-FY23-600x276.jpg 600w, https:\/\/heisateam.com.mx\/wp-content\/uploads\/2024\/10\/Coples-Rapidos-FY23-1x1.jpg 1w, https:\/\/heisateam.com.mx\/wp-content\/uploads\/2024\/10\/Coples-Rapidos-FY23-10x5.jpg 10w\" sizes=\"auto, (max-width: 623px) 100vw, 623px\">\t\t\t\t\t\t\t\t<\/a>\n\t\t\t\t\t\t\t\t\t\t\t\t\t\t\t<\/div>\n\t\t\t\t<\/div>\n\t\t\t\t<\/div>\n\t\t\t\t\t<\/div>\n\t\t\t\t<\/div>\n\t\t<div class=\"elementor-element elementor-element-a1f094c e-flex e-con-boxed e-con e-parent\" data-id=\"a1f094c\" data-element_type=\"container\" data-e-type=\"container\">\n\t\t\t\t\t<div class=\"e-con-inner\">\n\t\t\t\t<div class=\"elementor-element elementor-element-3926aca elementor-widget elementor-widget-image\" data-id=\"3926aca\" data-element_type=\"widget\" data-e-type=\"widget\" data-widget_type=\"image.default\">\n\t\t\t\t<div class=\"elementor-widget-container\">\n\t\t\t\t\t\t\t\t\t\t\t\t\t\t\t\t<a href=\"https:\/\/heisateam.com.mx\/wp-content\/uploads\/2024\/10\/Catalogo-de-Parker-Legris-FY23.pdf\">\n\t\t\t\t\t\t\t<img loading=\"lazy\" loading=\"lazy\" decoding=\"async\" width=\"623\" height=\"287\" src=\"https:\/\/heisateam.com.mx\/wp-content\/uploads\/2024\/10\/Parker-Legris-FY23.jpg\" class=\"attachment-large size-large wp-image-3047\" alt=\"\" srcset=\"https:\/\/heisateam.com.mx\/wp-content\/uploads\/2024\/10\/Parker-Legris-FY23.jpg 623w, https:\/\/heisateam.com.mx\/wp-content\/uploads\/2024\/10\/Parker-Legris-FY23-300x138.jpg 300w, https:\/\/heisateam.com.mx\/wp-content\/uploads\/2024\/10\/Parker-Legris-FY23-600x276.jpg 600w, https:\/\/heisateam.com.mx\/wp-content\/uploads\/2024\/10\/Parker-Legris-FY23-1x1.jpg 1w, https:\/\/heisateam.com.mx\/wp-content\/uploads\/2024\/10\/Parker-Legris-FY23-10x5.jpg 10w\" sizes=\"auto, (max-width: 623px) 100vw, 623px\">\t\t\t\t\t\t\t\t<\/a>\n\t\t\t\t\t\t\t\t\t\t\t\t\t\t\t<\/div>\n\t\t\t\t<\/div>\n\t\t\t\t\t<\/div>\n\t\t\t\t<\/div>\n\t\t\t\t<\/div>\n\t\t","protected":false},"excerpt":{"rendered":"<p>Cat\u00e1logos Fluid Connectors Haz clic en la tecnolog\u00eda de tu inter\u00e9s y explora los cat\u00e1logos m\u00e1s recientes&#8230;<\/p>\n","protected":false},"author":1,"featured_media":0,"parent":0,"menu_order":0,"comment_status":"closed","ping_status":"closed","template":"","meta":{"footnotes":""},"class_list":["post-3023","page","type-page","status-publish","hentry"],"_links":{"self":[{"href":"https:\/\/heisateam.com.mx\/index.php\/wp-json\/wp\/v2\/pages\/3023","targetHints":{"allow":["GET"]}}],"collection":[{"href":"https:\/\/heisateam.com.mx\/index.php\/wp-json\/wp\/v2\/pages"}],"about":[{"href":"https:\/\/heisateam.com.mx\/index.php\/wp-json\/wp\/v2\/types\/page"}],"author":[{"embeddable":true,"href":"https:\/\/heisateam.com.mx\/index.php\/wp-json\/wp\/v2\/users\/1"}],"replies":[{"embeddable":true,"href":"https:\/\/heisateam.com.mx\/index.php\/wp-json\/wp\/v2\/comments?post=3023"}],"version-history":[{"count":22,"href":"https:\/\/heisateam.com.mx\/index.php\/wp-json\/wp\/v2\/pages\/3023\/revisions"}],"predecessor-version":[{"id":3105,"href":"https:\/\/heisateam.com.mx\/index.php\/wp-json\/wp\/v2\/pages\/3023\/revisions\/3105"}],"wp:attachment":[{"href":"https:\/\/heisateam.com.mx\/index.php\/wp-json\/wp\/v2\/media?parent=3023"}],"curies":[{"name":"wp","href":"https:\/\/api.w.org\/{rel}","templated":true}]}}