{"id":3256,"date":"2024-11-06T14:38:34","date_gmt":"2024-11-06T20:38:34","guid":{"rendered":"https:\/\/heisateam.com.mx\/?page_id=3256"},"modified":"2024-11-07T12:08:34","modified_gmt":"2024-11-07T18:08:34","slug":"catalogos-de-neumatica","status":"publish","type":"page","link":"https:\/\/heisateam.com.mx\/index.php\/catalogos-de-neumatica\/","title":{"rendered":"Cat\u00e1logos de Neum\u00e1tica"},"content":{"rendered":"\t\t<div data-elementor-type=\"wp-page\" data-elementor-id=\"3256\" class=\"elementor elementor-3256\">\n\t\t\t\t<div class=\"elementor-element elementor-element-1533d2d e-flex e-con-boxed e-con e-parent\" data-id=\"1533d2d\" data-element_type=\"container\" data-e-type=\"container\">\n\t\t\t\t\t<div class=\"e-con-inner\">\n\t\t<div class=\"elementor-element elementor-element-09f4239 e-con-full e-flex e-con e-child\" data-id=\"09f4239\" data-element_type=\"container\" data-e-type=\"container\">\n\t\t\t\t<div class=\"elementor-element elementor-element-91f78d9 elementor-widget elementor-widget-image\" data-id=\"91f78d9\" data-element_type=\"widget\" data-e-type=\"widget\" data-widget_type=\"image.default\">\n\t\t\t\t<div class=\"elementor-widget-container\">\n\t\t\t\t\t\t\t\t\t\t\t\t\t\t\t<img loading=\"lazy\" loading=\"lazy\" decoding=\"async\" width=\"477\" height=\"307\" src=\"https:\/\/heisateam.com.mx\/wp-content\/uploads\/2024\/09\/Parker-e1737053920982.jpg\" class=\"attachment-large size-large wp-image-2672\" alt=\"\" srcset=\"https:\/\/heisateam.com.mx\/wp-content\/uploads\/2024\/09\/Parker-e1737053920982.jpg 477w, https:\/\/heisateam.com.mx\/wp-content\/uploads\/2024\/09\/Parker-e1737053920982-300x193.jpg 300w, https:\/\/heisateam.com.mx\/wp-content\/uploads\/2024\/09\/Parker-e1737053920982-1x1.jpg 1w, https:\/\/heisateam.com.mx\/wp-content\/uploads\/2024\/09\/Parker-e1737053920982-10x6.jpg 10w\" sizes=\"auto, (max-width: 477px) 100vw, 477px\">\t\t\t\t\t\t\t\t\t\t\t\t\t\t\t<\/div>\n\t\t\t\t<\/div>\n\t\t\t\t<\/div>\n\t\t<div class=\"elementor-element elementor-element-5f26c48 e-con-full e-flex e-con e-child\" data-id=\"5f26c48\" data-element_type=\"container\" data-e-type=\"container\">\n\t\t\t\t<div class=\"elementor-element elementor-element-6ee4b85 elementor-widget elementor-widget-heading\" data-id=\"6ee4b85\" data-element_type=\"widget\" data-e-type=\"widget\" data-widget_type=\"heading.default\">\n\t\t\t\t<div class=\"elementor-widget-container\">\n\t\t\t\t\t<h1 class=\"elementor-heading-title elementor-size-default\">Cat\u00e1logos de Neum\u00e1tica<\/h1>\t\t\t\t<\/div>\n\t\t\t\t<\/div>\n\t\t\t\t<div class=\"elementor-element elementor-element-3e07da5 elementor-widget elementor-widget-text-editor\" data-id=\"3e07da5\" data-element_type=\"widget\" data-e-type=\"widget\" data-widget_type=\"text-editor.default\">\n\t\t\t\t<div class=\"elementor-widget-container\">\n\t\t\t\t\t\t\t\t\t<p>Haz clic en la tecnolog\u00eda de tu inter\u00e9s y explora los cat\u00e1logos m\u00e1s recientes de cada plataforma.<\/p>\t\t\t\t\t\t\t\t<\/div>\n\t\t\t\t<\/div>\n\t\t\t\t<div class=\"elementor-element elementor-element-4b81dd4 elementor-widget-divider--view-line elementor-widget elementor-widget-divider\" data-id=\"4b81dd4\" data-element_type=\"widget\" data-e-type=\"widget\" data-widget_type=\"divider.default\">\n\t\t\t\t<div class=\"elementor-widget-container\">\n\t\t\t\t\t\t\t<div class=\"elementor-divider\">\n\t\t\t<span class=\"elementor-divider-separator\">\n\t\t\t\t\t\t<\/span>\n\t\t<\/div>\n\t\t\t\t\t\t<\/div>\n\t\t\t\t<\/div>\n\t\t\t\t<\/div>\n\t\t\t\t\t<\/div>\n\t\t\t\t<\/div>\n\t\t<div class=\"elementor-element elementor-element-d6fb257 e-flex e-con-boxed e-con e-parent\" data-id=\"d6fb257\" data-element_type=\"container\" data-e-type=\"container\" data-settings=\"{&quot;background_background&quot;:&quot;classic&quot;}\">\n\t\t\t\t\t<div class=\"e-con-inner\">\n\t\t\t\t<div class=\"elementor-element elementor-element-d25a5fd elementor-widget elementor-widget-heading\" data-id=\"d25a5fd\" data-element_type=\"widget\" data-e-type=\"widget\" data-widget_type=\"heading.default\">\n\t\t\t\t<div class=\"elementor-widget-container\">\n\t\t\t\t\t<h2 class=\"elementor-heading-title elementor-size-default\">Neum\u00e1tica<\/h2>\t\t\t\t<\/div>\n\t\t\t\t<\/div>\n\t\t\t\t\t<\/div>\n\t\t\t\t<\/div>\n\t\t<div class=\"elementor-element elementor-element-16f53d1 e-flex e-con-boxed e-con e-parent\" data-id=\"16f53d1\" data-element_type=\"container\" data-e-type=\"container\">\n\t\t\t\t\t<div class=\"e-con-inner\">\n\t\t<div class=\"elementor-element elementor-element-347357d e-con-full e-flex e-con e-child\" data-id=\"347357d\" data-element_type=\"container\" data-e-type=\"container\" data-settings=\"{&quot;background_background&quot;:&quot;classic&quot;}\">\n\t\t\t\t<div class=\"elementor-element elementor-element-0a69be5 elementor-widget elementor-widget-heading\" data-id=\"0a69be5\" data-element_type=\"widget\" data-e-type=\"widget\" data-widget_type=\"heading.default\">\n\t\t\t\t<div class=\"elementor-widget-container\">\n\t\t\t\t\t<h1 class=\"elementor-heading-title elementor-size-default\">CAT.0600P<\/h1>\t\t\t\t<\/div>\n\t\t\t\t<\/div>\n\t\t\t\t<div class=\"elementor-element elementor-element-8da4516 elementor-widget elementor-widget-text-editor\" data-id=\"8da4516\" data-element_type=\"widget\" data-e-type=\"widget\" data-widget_type=\"text-editor.default\">\n\t\t\t\t<div class=\"elementor-widget-container\">\n\t\t\t\t\t\t\t\t\t<p>V\u00e1lvulas Neum\u00e1ticas<\/p>\t\t\t\t\t\t\t\t<\/div>\n\t\t\t\t<\/div>\n\t\t\t\t<div class=\"elementor-element elementor-element-9444b82 elementor-widget elementor-widget-image\" data-id=\"9444b82\" data-element_type=\"widget\" data-e-type=\"widget\" data-widget_type=\"image.default\">\n\t\t\t\t<div class=\"elementor-widget-container\">\n\t\t\t\t\t\t\t\t\t\t\t\t\t\t\t\t<a href=\"https:\/\/heisateam.com.mx\/wp-content\/uploads\/2024\/11\/0600P_Complete.pdf\">\n\t\t\t\t\t\t\t<img loading=\"lazy\" loading=\"lazy\" decoding=\"async\" width=\"271\" height=\"263\" src=\"https:\/\/heisateam.com.mx\/wp-content\/uploads\/2024\/11\/8.png\" class=\"attachment-large size-large wp-image-3316\" alt=\"\" srcset=\"https:\/\/heisateam.com.mx\/wp-content\/uploads\/2024\/11\/8.png 271w, https:\/\/heisateam.com.mx\/wp-content\/uploads\/2024\/11\/8-1x1.png 1w, https:\/\/heisateam.com.mx\/wp-content\/uploads\/2024\/11\/8-10x10.png 10w\" sizes=\"auto, (max-width: 271px) 100vw, 271px\">\t\t\t\t\t\t\t\t<\/a>\n\t\t\t\t\t\t\t\t\t\t\t\t\t\t\t<\/div>\n\t\t\t\t<\/div>\n\t\t\t\t<\/div>\n\t\t<div class=\"elementor-element elementor-element-6d0864e e-con-full e-flex e-con e-child\" data-id=\"6d0864e\" data-element_type=\"container\" data-e-type=\"container\" data-settings=\"{&quot;background_background&quot;:&quot;classic&quot;}\">\n\t\t\t\t<div class=\"elementor-element elementor-element-207165b elementor-widget elementor-widget-heading\" data-id=\"207165b\" data-element_type=\"widget\" data-e-type=\"widget\" data-widget_type=\"heading.default\">\n\t\t\t\t<div class=\"elementor-widget-container\">\n\t\t\t\t\t<h1 class=\"elementor-heading-title elementor-size-default\">CAT.0700P<\/h1>\t\t\t\t<\/div>\n\t\t\t\t<\/div>\n\t\t\t\t<div class=\"elementor-element elementor-element-5bd3742 elementor-widget elementor-widget-text-editor\" data-id=\"5bd3742\" data-element_type=\"widget\" data-e-type=\"widget\" data-widget_type=\"text-editor.default\">\n\t\t\t\t<div class=\"elementor-widget-container\">\n\t\t\t\t\t\t\t\t\t<p>Preparaci\u00f3n de Aire\u00a0<\/p>\t\t\t\t\t\t\t\t<\/div>\n\t\t\t\t<\/div>\n\t\t\t\t<div class=\"elementor-element elementor-element-3110dbe elementor-widget elementor-widget-image\" data-id=\"3110dbe\" data-element_type=\"widget\" data-e-type=\"widget\" data-widget_type=\"image.default\">\n\t\t\t\t<div class=\"elementor-widget-container\">\n\t\t\t\t\t\t\t\t\t\t\t\t\t\t\t\t<a href=\"https:\/\/heisateam.com.mx\/wp-content\/uploads\/2024\/11\/0700P_Complete.pdf\">\n\t\t\t\t\t\t\t<img loading=\"lazy\" loading=\"lazy\" decoding=\"async\" width=\"271\" height=\"263\" src=\"https:\/\/heisateam.com.mx\/wp-content\/uploads\/2024\/11\/1-1.png\" class=\"attachment-large size-large wp-image-3309\" alt=\"\" srcset=\"https:\/\/heisateam.com.mx\/wp-content\/uploads\/2024\/11\/1-1.png 271w, https:\/\/heisateam.com.mx\/wp-content\/uploads\/2024\/11\/1-1-1x1.png 1w, https:\/\/heisateam.com.mx\/wp-content\/uploads\/2024\/11\/1-1-10x10.png 10w\" sizes=\"auto, (max-width: 271px) 100vw, 271px\">\t\t\t\t\t\t\t\t<\/a>\n\t\t\t\t\t\t\t\t\t\t\t\t\t\t\t<\/div>\n\t\t\t\t<\/div>\n\t\t\t\t<\/div>\n\t\t<div class=\"elementor-element elementor-element-333872c e-con-full e-flex e-con e-child\" data-id=\"333872c\" data-element_type=\"container\" data-e-type=\"container\" data-settings=\"{&quot;background_background&quot;:&quot;classic&quot;}\">\n\t\t\t\t<div class=\"elementor-element elementor-element-d692a5d elementor-widget elementor-widget-heading\" data-id=\"d692a5d\" data-element_type=\"widget\" data-e-type=\"widget\" data-widget_type=\"heading.default\">\n\t\t\t\t<div class=\"elementor-widget-container\">\n\t\t\t\t\t<h1 class=\"elementor-heading-title elementor-size-default\">CAT.0802<\/h1>\t\t\t\t<\/div>\n\t\t\t\t<\/div>\n\t\t\t\t<div class=\"elementor-element elementor-element-c87a6a5 elementor-widget elementor-widget-text-editor\" data-id=\"c87a6a5\" data-element_type=\"widget\" data-e-type=\"widget\" data-widget_type=\"text-editor.default\">\n\t\t\t\t<div class=\"elementor-widget-container\">\n\t\t\t\t\t\t\t\t\t<p>Producto de Vac\u00edo<\/p>\t\t\t\t\t\t\t\t<\/div>\n\t\t\t\t<\/div>\n\t\t\t\t<div class=\"elementor-element elementor-element-ef3c7be elementor-widget elementor-widget-image\" data-id=\"ef3c7be\" data-element_type=\"widget\" data-e-type=\"widget\" data-widget_type=\"image.default\">\n\t\t\t\t<div class=\"elementor-widget-container\">\n\t\t\t\t\t\t\t\t\t\t\t\t\t\t\t\t<a href=\"https:\/\/heisateam.com.mx\/wp-content\/uploads\/2024\/11\/0802_Vacuum_Cover.pdf\">\n\t\t\t\t\t\t\t<img loading=\"lazy\" loading=\"lazy\" decoding=\"async\" width=\"272\" height=\"264\" src=\"https:\/\/heisateam.com.mx\/wp-content\/uploads\/2024\/11\/2-1.png\" class=\"attachment-large size-large wp-image-3310\" alt=\"\" srcset=\"https:\/\/heisateam.com.mx\/wp-content\/uploads\/2024\/11\/2-1.png 272w, https:\/\/heisateam.com.mx\/wp-content\/uploads\/2024\/11\/2-1-1x1.png 1w, https:\/\/heisateam.com.mx\/wp-content\/uploads\/2024\/11\/2-1-10x10.png 10w\" sizes=\"auto, (max-width: 272px) 100vw, 272px\">\t\t\t\t\t\t\t\t<\/a>\n\t\t\t\t\t\t\t\t\t\t\t\t\t\t\t<\/div>\n\t\t\t\t<\/div>\n\t\t\t\t<\/div>\n\t\t\t\t\t<\/div>\n\t\t\t\t<\/div>\n\t\t<div class=\"elementor-element elementor-element-f0fced3 e-flex e-con-boxed e-con e-parent\" data-id=\"f0fced3\" data-element_type=\"container\" data-e-type=\"container\">\n\t\t\t\t\t<div class=\"e-con-inner\">\n\t\t<div class=\"elementor-element elementor-element-98bfb23 e-con-full e-flex e-con e-child\" data-id=\"98bfb23\" data-element_type=\"container\" data-e-type=\"container\" data-settings=\"{&quot;background_background&quot;:&quot;classic&quot;}\">\n\t\t\t\t<div class=\"elementor-element elementor-element-6a59900 elementor-widget elementor-widget-heading\" data-id=\"6a59900\" data-element_type=\"widget\" data-e-type=\"widget\" data-widget_type=\"heading.default\">\n\t\t\t\t<div class=\"elementor-widget-container\">\n\t\t\t\t\t<h1 class=\"elementor-heading-title elementor-size-default\">CAT.0900P<\/h1>\t\t\t\t<\/div>\n\t\t\t\t<\/div>\n\t\t\t\t<div class=\"elementor-element elementor-element-4321096 elementor-widget elementor-widget-text-editor\" data-id=\"4321096\" data-element_type=\"widget\" data-e-type=\"widget\" data-widget_type=\"text-editor.default\">\n\t\t\t\t<div class=\"elementor-widget-container\">\n\t\t\t\t\t\t\t\t\t<p>Actuadores Neum\u00e1ticos\u00a0<\/p>\t\t\t\t\t\t\t\t<\/div>\n\t\t\t\t<\/div>\n\t\t\t\t<div class=\"elementor-element elementor-element-a502f71 elementor-widget elementor-widget-image\" data-id=\"a502f71\" data-element_type=\"widget\" data-e-type=\"widget\" data-widget_type=\"image.default\">\n\t\t\t\t<div class=\"elementor-widget-container\">\n\t\t\t\t\t\t\t\t\t\t\t\t\t\t\t\t<a href=\"https:\/\/heisateam.com.mx\/wp-content\/uploads\/2024\/11\/0900P_Complete.pdf\">\n\t\t\t\t\t\t\t<img loading=\"lazy\" loading=\"lazy\" decoding=\"async\" width=\"273\" height=\"264\" src=\"https:\/\/heisateam.com.mx\/wp-content\/uploads\/2024\/11\/3-1.png\" class=\"attachment-large size-large wp-image-3311\" alt=\"\" srcset=\"https:\/\/heisateam.com.mx\/wp-content\/uploads\/2024\/11\/3-1.png 273w, https:\/\/heisateam.com.mx\/wp-content\/uploads\/2024\/11\/3-1-1x1.png 1w, https:\/\/heisateam.com.mx\/wp-content\/uploads\/2024\/11\/3-1-10x10.png 10w\" sizes=\"auto, (max-width: 273px) 100vw, 273px\">\t\t\t\t\t\t\t\t<\/a>\n\t\t\t\t\t\t\t\t\t\t\t\t\t\t\t<\/div>\n\t\t\t\t<\/div>\n\t\t\t\t<\/div>\n\t\t<div class=\"elementor-element elementor-element-3a3eebb e-con-full e-flex e-con e-child\" data-id=\"3a3eebb\" data-element_type=\"container\" data-e-type=\"container\" data-settings=\"{&quot;background_background&quot;:&quot;classic&quot;}\">\n\t\t\t\t<div class=\"elementor-element elementor-element-a58b5e7 elementor-widget elementor-widget-heading\" data-id=\"a58b5e7\" data-element_type=\"widget\" data-e-type=\"widget\" data-widget_type=\"heading.default\">\n\t\t\t\t<div class=\"elementor-widget-container\">\n\t\t\t\t\t<h1 class=\"elementor-heading-title elementor-size-default\">CAT.0600-B97<\/h1>\t\t\t\t<\/div>\n\t\t\t\t<\/div>\n\t\t\t\t<div class=\"elementor-element elementor-element-618535f elementor-widget elementor-widget-text-editor\" data-id=\"618535f\" data-element_type=\"widget\" data-e-type=\"widget\" data-widget_type=\"text-editor.default\">\n\t\t\t\t<div class=\"elementor-widget-container\">\n\t\t\t\t\t\t\t\t\t<p>Soluciones Ethernet<\/p>\t\t\t\t\t\t\t\t<\/div>\n\t\t\t\t<\/div>\n\t\t\t\t<div class=\"elementor-element elementor-element-6c74367 elementor-widget elementor-widget-image\" data-id=\"6c74367\" data-element_type=\"widget\" data-e-type=\"widget\" data-widget_type=\"image.default\">\n\t\t\t\t<div class=\"elementor-widget-container\">\n\t\t\t\t\t\t\t\t\t\t\t\t\t\t\t\t<a href=\"https:\/\/heisateam.com.mx\/wp-content\/uploads\/2024\/11\/0600-B97-Industrial-Ethernet-Solutions-Brochure.pdf\">\n\t\t\t\t\t\t\t<img loading=\"lazy\" loading=\"lazy\" decoding=\"async\" width=\"268\" height=\"264\" src=\"https:\/\/heisateam.com.mx\/wp-content\/uploads\/2024\/11\/4-1.png\" class=\"attachment-large size-large wp-image-3312\" alt=\"\" srcset=\"https:\/\/heisateam.com.mx\/wp-content\/uploads\/2024\/11\/4-1.png 268w, https:\/\/heisateam.com.mx\/wp-content\/uploads\/2024\/11\/4-1-100x100.png 100w, https:\/\/heisateam.com.mx\/wp-content\/uploads\/2024\/11\/4-1-1x1.png 1w, https:\/\/heisateam.com.mx\/wp-content\/uploads\/2024\/11\/4-1-10x10.png 10w\" sizes=\"auto, (max-width: 268px) 100vw, 268px\">\t\t\t\t\t\t\t\t<\/a>\n\t\t\t\t\t\t\t\t\t\t\t\t\t\t\t<\/div>\n\t\t\t\t<\/div>\n\t\t\t\t<\/div>\n\t\t<div class=\"elementor-element elementor-element-cadd542 e-con-full e-flex e-con e-child\" data-id=\"cadd542\" data-element_type=\"container\" data-e-type=\"container\" data-settings=\"{&quot;background_background&quot;:&quot;classic&quot;}\">\n\t\t\t\t<div class=\"elementor-element elementor-element-d629a0e elementor-widget elementor-widget-heading\" data-id=\"d629a0e\" data-element_type=\"widget\" data-e-type=\"widget\" data-widget_type=\"heading.default\">\n\t\t\t\t<div class=\"elementor-widget-container\">\n\t\t\t\t\t<h1 class=\"elementor-heading-title elementor-size-default\">Preparaci\u00f3n de Aire <\/h1>\t\t\t\t<\/div>\n\t\t\t\t<\/div>\n\t\t\t\t<div class=\"elementor-element elementor-element-b846f34 elementor-widget elementor-widget-text-editor\" data-id=\"b846f34\" data-element_type=\"widget\" data-e-type=\"widget\" data-widget_type=\"text-editor.default\">\n\t\t\t\t<div class=\"elementor-widget-container\">\n\t\t\t\t\t\t\t\t\t<p>FY23<\/p>\t\t\t\t\t\t\t\t<\/div>\n\t\t\t\t<\/div>\n\t\t\t\t<div class=\"elementor-element elementor-element-34064eb elementor-widget elementor-widget-image\" data-id=\"34064eb\" data-element_type=\"widget\" data-e-type=\"widget\" data-widget_type=\"image.default\">\n\t\t\t\t<div class=\"elementor-widget-container\">\n\t\t\t\t\t\t\t\t\t\t\t\t\t\t\t\t<a href=\"https:\/\/heisateam.com.mx\/wp-content\/uploads\/2024\/11\/25784b78-3413-44a6-af52-a08da4322a5f_MEX_NEU_Preparacion_de_Aire_FY23.pdf\">\n\t\t\t\t\t\t\t<img loading=\"lazy\" loading=\"lazy\" decoding=\"async\" width=\"240\" height=\"232\" src=\"https:\/\/heisateam.com.mx\/wp-content\/uploads\/2024\/11\/5.jpg\" class=\"attachment-large size-large wp-image-3313\" alt=\"\" srcset=\"https:\/\/heisateam.com.mx\/wp-content\/uploads\/2024\/11\/5.jpg 240w, https:\/\/heisateam.com.mx\/wp-content\/uploads\/2024\/11\/5-1x1.jpg 1w, https:\/\/heisateam.com.mx\/wp-content\/uploads\/2024\/11\/5-10x10.jpg 10w\" sizes=\"auto, (max-width: 240px) 100vw, 240px\">\t\t\t\t\t\t\t\t<\/a>\n\t\t\t\t\t\t\t\t\t\t\t\t\t\t\t<\/div>\n\t\t\t\t<\/div>\n\t\t\t\t<\/div>\n\t\t\t\t\t<\/div>\n\t\t\t\t<\/div>\n\t\t<div class=\"elementor-element elementor-element-30845d3 e-flex e-con-boxed e-con e-parent\" data-id=\"30845d3\" data-element_type=\"container\" data-e-type=\"container\">\n\t\t\t\t\t<div class=\"e-con-inner\">\n\t\t<div class=\"elementor-element elementor-element-bd82140 e-con-full e-flex e-con e-child\" data-id=\"bd82140\" data-element_type=\"container\" data-e-type=\"container\" data-settings=\"{&quot;background_background&quot;:&quot;classic&quot;}\">\n\t\t\t\t<div class=\"elementor-element elementor-element-aae1e44 elementor-widget elementor-widget-heading\" data-id=\"aae1e44\" data-element_type=\"widget\" data-e-type=\"widget\" data-widget_type=\"heading.default\">\n\t\t\t\t<div class=\"elementor-widget-container\">\n\t\t\t\t\t<h1 class=\"elementor-heading-title elementor-size-default\">V\u00e1lvulas Neum\u00e1ticas <\/h1>\t\t\t\t<\/div>\n\t\t\t\t<\/div>\n\t\t\t\t<div class=\"elementor-element elementor-element-b74f074 elementor-widget elementor-widget-text-editor\" data-id=\"b74f074\" data-element_type=\"widget\" data-e-type=\"widget\" data-widget_type=\"text-editor.default\">\n\t\t\t\t<div class=\"elementor-widget-container\">\n\t\t\t\t\t\t\t\t\t<p>FY23<\/p>\t\t\t\t\t\t\t\t<\/div>\n\t\t\t\t<\/div>\n\t\t\t\t<div class=\"elementor-element elementor-element-93a7271 elementor-widget elementor-widget-image\" data-id=\"93a7271\" data-element_type=\"widget\" data-e-type=\"widget\" data-widget_type=\"image.default\">\n\t\t\t\t<div class=\"elementor-widget-container\">\n\t\t\t\t\t\t\t\t\t\t\t\t\t\t\t\t<a href=\"https:\/\/heisateam.com.mx\/wp-content\/uploads\/2024\/11\/bf5da426-7e8c-4852-8fc8-4c22584e7fca_MEX_NEU_Valvulas_Neumaticas_FY23.pdf\">\n\t\t\t\t\t\t\t<img loading=\"lazy\" loading=\"lazy\" decoding=\"async\" width=\"240\" height=\"233\" src=\"https:\/\/heisateam.com.mx\/wp-content\/uploads\/2024\/11\/6-1.jpg\" class=\"attachment-large size-large wp-image-3314\" alt=\"\" srcset=\"https:\/\/heisateam.com.mx\/wp-content\/uploads\/2024\/11\/6-1.jpg 240w, https:\/\/heisateam.com.mx\/wp-content\/uploads\/2024\/11\/6-1-1x1.jpg 1w, https:\/\/heisateam.com.mx\/wp-content\/uploads\/2024\/11\/6-1-10x10.jpg 10w\" sizes=\"auto, (max-width: 240px) 100vw, 240px\">\t\t\t\t\t\t\t\t<\/a>\n\t\t\t\t\t\t\t\t\t\t\t\t\t\t\t<\/div>\n\t\t\t\t<\/div>\n\t\t\t\t<\/div>\n\t\t<div class=\"elementor-element elementor-element-f85163b e-con-full e-flex e-con e-child\" data-id=\"f85163b\" data-element_type=\"container\" data-e-type=\"container\" data-settings=\"{&quot;background_background&quot;:&quot;classic&quot;}\">\n\t\t\t\t<div class=\"elementor-element elementor-element-47881e5 elementor-widget elementor-widget-heading\" data-id=\"47881e5\" data-element_type=\"widget\" data-e-type=\"widget\" data-widget_type=\"heading.default\">\n\t\t\t\t<div class=\"elementor-widget-container\">\n\t\t\t\t\t<h1 class=\"elementor-heading-title elementor-size-default\">Cilindros Neum\u00e1ticos <\/h1>\t\t\t\t<\/div>\n\t\t\t\t<\/div>\n\t\t\t\t<div class=\"elementor-element elementor-element-8d3a586 elementor-widget elementor-widget-text-editor\" data-id=\"8d3a586\" data-element_type=\"widget\" data-e-type=\"widget\" data-widget_type=\"text-editor.default\">\n\t\t\t\t<div class=\"elementor-widget-container\">\n\t\t\t\t\t\t\t\t\t<p>FY23<\/p>\t\t\t\t\t\t\t\t<\/div>\n\t\t\t\t<\/div>\n\t\t\t\t<div class=\"elementor-element elementor-element-a33a6cd elementor-widget elementor-widget-image\" data-id=\"a33a6cd\" data-element_type=\"widget\" data-e-type=\"widget\" data-widget_type=\"image.default\">\n\t\t\t\t<div class=\"elementor-widget-container\">\n\t\t\t\t\t\t\t\t\t\t\t\t\t\t\t\t<a href=\"https:\/\/heisateam.com.mx\/wp-content\/uploads\/2024\/11\/bb258b4f-1078-48fe-9cb2-51a52ec7c6f4_MEX_NEU_Cilindros_Neumaticos_FY23.pdf\">\n\t\t\t\t\t\t\t<img loading=\"lazy\" loading=\"lazy\" decoding=\"async\" width=\"240\" height=\"232\" src=\"https:\/\/heisateam.com.mx\/wp-content\/uploads\/2024\/11\/5.jpg\" class=\"attachment-large size-large wp-image-3313\" alt=\"\" srcset=\"https:\/\/heisateam.com.mx\/wp-content\/uploads\/2024\/11\/5.jpg 240w, https:\/\/heisateam.com.mx\/wp-content\/uploads\/2024\/11\/5-1x1.jpg 1w, https:\/\/heisateam.com.mx\/wp-content\/uploads\/2024\/11\/5-10x10.jpg 10w\" sizes=\"auto, (max-width: 240px) 100vw, 240px\">\t\t\t\t\t\t\t\t<\/a>\n\t\t\t\t\t\t\t\t\t\t\t\t\t\t\t<\/div>\n\t\t\t\t<\/div>\n\t\t\t\t<\/div>\n\t\t\t\t\t<\/div>\n\t\t\t\t<\/div>\n\t\t\t\t<\/div>\n\t\t","protected":false},"excerpt":{"rendered":"<p>Cat\u00e1logos de Neum\u00e1tica Haz clic en la tecnolog\u00eda de tu inter\u00e9s y explora los cat\u00e1logos m\u00e1s recientes&#8230;<\/p>\n","protected":false},"author":1,"featured_media":0,"parent":0,"menu_order":0,"comment_status":"closed","ping_status":"closed","template":"","meta":{"footnotes":""},"class_list":["post-3256","page","type-page","status-publish","hentry"],"_links":{"self":[{"href":"https:\/\/heisateam.com.mx\/index.php\/wp-json\/wp\/v2\/pages\/3256","targetHints":{"allow":["GET"]}}],"collection":[{"href":"https:\/\/heisateam.com.mx\/index.php\/wp-json\/wp\/v2\/pages"}],"about":[{"href":"https:\/\/heisateam.com.mx\/index.php\/wp-json\/wp\/v2\/types\/page"}],"author":[{"embeddable":true,"href":"https:\/\/heisateam.com.mx\/index.php\/wp-json\/wp\/v2\/users\/1"}],"replies":[{"embeddable":true,"href":"https:\/\/heisateam.com.mx\/index.php\/wp-json\/wp\/v2\/comments?post=3256"}],"version-history":[{"count":16,"href":"https:\/\/heisateam.com.mx\/index.php\/wp-json\/wp\/v2\/pages\/3256\/revisions"}],"predecessor-version":[{"id":3330,"href":"https:\/\/heisateam.com.mx\/index.php\/wp-json\/wp\/v2\/pages\/3256\/revisions\/3330"}],"wp:attachment":[{"href":"https:\/\/heisateam.com.mx\/index.php\/wp-json\/wp\/v2\/media?parent=3256"}],"curies":[{"name":"wp","href":"https:\/\/api.w.org\/{rel}","templated":true}]}}