{"id":3488,"date":"2024-11-22T15:58:41","date_gmt":"2024-11-22T21:58:41","guid":{"rendered":"https:\/\/heisateam.com.mx\/?page_id=3488"},"modified":"2024-11-22T16:21:07","modified_gmt":"2024-11-22T22:21:07","slug":"catalogos-de-fcd","status":"publish","type":"page","link":"https:\/\/heisateam.com.mx\/index.php\/catalogos-de-fcd\/","title":{"rendered":"Cat\u00e1logos de FCD"},"content":{"rendered":"\t\t<div data-elementor-type=\"wp-page\" data-elementor-id=\"3488\" class=\"elementor elementor-3488\">\n\t\t\t\t<div class=\"elementor-element elementor-element-1533d2d e-flex e-con-boxed e-con e-parent\" data-id=\"1533d2d\" data-element_type=\"container\" data-e-type=\"container\">\n\t\t\t\t\t<div class=\"e-con-inner\">\n\t\t<div class=\"elementor-element elementor-element-09f4239 e-con-full e-flex e-con e-child\" data-id=\"09f4239\" data-element_type=\"container\" data-e-type=\"container\">\n\t\t\t\t<div class=\"elementor-element elementor-element-91f78d9 elementor-widget elementor-widget-image\" data-id=\"91f78d9\" data-element_type=\"widget\" data-e-type=\"widget\" data-widget_type=\"image.default\">\n\t\t\t\t<div class=\"elementor-widget-container\">\n\t\t\t\t\t\t\t\t\t\t\t\t\t\t\t<img loading=\"lazy\" loading=\"lazy\" decoding=\"async\" width=\"477\" height=\"307\" src=\"https:\/\/heisateam.com.mx\/wp-content\/uploads\/2024\/09\/Parker-e1737053920982.jpg\" class=\"attachment-large size-large wp-image-2672\" alt=\"\" srcset=\"https:\/\/heisateam.com.mx\/wp-content\/uploads\/2024\/09\/Parker-e1737053920982.jpg 477w, https:\/\/heisateam.com.mx\/wp-content\/uploads\/2024\/09\/Parker-e1737053920982-300x193.jpg 300w, https:\/\/heisateam.com.mx\/wp-content\/uploads\/2024\/09\/Parker-e1737053920982-1x1.jpg 1w, https:\/\/heisateam.com.mx\/wp-content\/uploads\/2024\/09\/Parker-e1737053920982-10x6.jpg 10w\" sizes=\"auto, (max-width: 477px) 100vw, 477px\">\t\t\t\t\t\t\t\t\t\t\t\t\t\t\t<\/div>\n\t\t\t\t<\/div>\n\t\t\t\t<\/div>\n\t\t<div class=\"elementor-element elementor-element-5f26c48 e-con-full e-flex e-con e-child\" data-id=\"5f26c48\" data-element_type=\"container\" data-e-type=\"container\">\n\t\t\t\t<div class=\"elementor-element elementor-element-6ee4b85 elementor-widget elementor-widget-heading\" data-id=\"6ee4b85\" data-element_type=\"widget\" data-e-type=\"widget\" data-widget_type=\"heading.default\">\n\t\t\t\t<div class=\"elementor-widget-container\">\n\t\t\t\t\t<h1 class=\"elementor-heading-title elementor-size-default\">Cat\u00e1logos de FCD<\/h1>\t\t\t\t<\/div>\n\t\t\t\t<\/div>\n\t\t\t\t<div class=\"elementor-element elementor-element-3e07da5 elementor-widget elementor-widget-text-editor\" data-id=\"3e07da5\" data-element_type=\"widget\" data-e-type=\"widget\" data-widget_type=\"text-editor.default\">\n\t\t\t\t<div class=\"elementor-widget-container\">\n\t\t\t\t\t\t\t\t\t<p>Haz clic en la tecnolog\u00eda de tu inter\u00e9s y explora los cat\u00e1logos m\u00e1s recientes de cada plataforma.<\/p>\t\t\t\t\t\t\t\t<\/div>\n\t\t\t\t<\/div>\n\t\t\t\t<div class=\"elementor-element elementor-element-4b81dd4 elementor-widget-divider--view-line elementor-widget elementor-widget-divider\" data-id=\"4b81dd4\" data-element_type=\"widget\" data-e-type=\"widget\" data-widget_type=\"divider.default\">\n\t\t\t\t<div class=\"elementor-widget-container\">\n\t\t\t\t\t\t\t<div class=\"elementor-divider\">\n\t\t\t<span class=\"elementor-divider-separator\">\n\t\t\t\t\t\t<\/span>\n\t\t<\/div>\n\t\t\t\t\t\t<\/div>\n\t\t\t\t<\/div>\n\t\t\t\t<\/div>\n\t\t\t\t\t<\/div>\n\t\t\t\t<\/div>\n\t\t<div class=\"elementor-element elementor-element-d6fb257 e-flex e-con-boxed e-con e-parent\" data-id=\"d6fb257\" data-element_type=\"container\" data-e-type=\"container\" data-settings=\"{&quot;background_background&quot;:&quot;classic&quot;}\">\n\t\t\t\t\t<div class=\"e-con-inner\">\n\t\t\t\t<div class=\"elementor-element elementor-element-d25a5fd elementor-widget elementor-widget-heading\" data-id=\"d25a5fd\" data-element_type=\"widget\" data-e-type=\"widget\" data-widget_type=\"heading.default\">\n\t\t\t\t<div class=\"elementor-widget-container\">\n\t\t\t\t\t<h2 class=\"elementor-heading-title elementor-size-default\">Cat\u00e1logos de FCD<\/h2>\t\t\t\t<\/div>\n\t\t\t\t<\/div>\n\t\t\t\t\t<\/div>\n\t\t\t\t<\/div>\n\t\t<div class=\"elementor-element elementor-element-d6fd833 e-flex e-con-boxed e-con e-parent\" data-id=\"d6fd833\" data-element_type=\"container\" data-e-type=\"container\">\n\t\t\t\t\t<div class=\"e-con-inner\">\n\t\t<div class=\"elementor-element elementor-element-0e323ce e-con-full e-flex e-con e-child\" data-id=\"0e323ce\" data-element_type=\"container\" data-e-type=\"container\" data-settings=\"{&quot;background_background&quot;:&quot;classic&quot;}\">\n\t\t\t\t<div class=\"elementor-element elementor-element-15f71fe elementor-widget elementor-widget-heading\" data-id=\"15f71fe\" data-element_type=\"widget\" data-e-type=\"widget\" data-widget_type=\"heading.default\">\n\t\t\t\t<div class=\"elementor-widget-container\">\n\t\t\t\t\t<h1 class=\"elementor-heading-title elementor-size-default\">CAT.FCDFL0918<\/h1>\t\t\t\t<\/div>\n\t\t\t\t<\/div>\n\t\t\t\t<div class=\"elementor-element elementor-element-38c98fd elementor-widget elementor-widget-text-editor\" data-id=\"38c98fd\" data-element_type=\"widget\" data-e-type=\"widget\" data-widget_type=\"text-editor.default\">\n\t\t\t\t<div class=\"elementor-widget-container\">\n\t\t\t\t\t\t\t\t\t<p>General Divisi\u00f3n de Control de Fluidos USA<\/p>\t\t\t\t\t\t\t\t<\/div>\n\t\t\t\t<\/div>\n\t\t\t\t<div class=\"elementor-element elementor-element-9233de2 elementor-widget elementor-widget-image\" data-id=\"9233de2\" data-element_type=\"widget\" data-e-type=\"widget\" data-widget_type=\"image.default\">\n\t\t\t\t<div class=\"elementor-widget-container\">\n\t\t\t\t\t\t\t\t\t\t\t\t\t\t\t\t<a href=\"https:\/\/heisateam.com.mx\/wp-content\/uploads\/2024\/11\/general_purpose_solenoid_valves_cat_fcdfl0911-with-bookmarks.pdf\">\n\t\t\t\t\t\t\t<img loading=\"lazy\" loading=\"lazy\" decoding=\"async\" width=\"271\" height=\"265\" src=\"https:\/\/heisateam.com.mx\/wp-content\/uploads\/2024\/11\/Catalogos-de-FCD3.png\" class=\"attachment-large size-large wp-image-3494\" alt=\"\" srcset=\"https:\/\/heisateam.com.mx\/wp-content\/uploads\/2024\/11\/Catalogos-de-FCD3.png 271w, https:\/\/heisateam.com.mx\/wp-content\/uploads\/2024\/11\/Catalogos-de-FCD3-1x1.png 1w, https:\/\/heisateam.com.mx\/wp-content\/uploads\/2024\/11\/Catalogos-de-FCD3-10x10.png 10w\" sizes=\"auto, (max-width: 271px) 100vw, 271px\">\t\t\t\t\t\t\t\t<\/a>\n\t\t\t\t\t\t\t\t\t\t\t\t\t\t\t<\/div>\n\t\t\t\t<\/div>\n\t\t\t\t<\/div>\n\t\t<div class=\"elementor-element elementor-element-c5c86a1 e-con-full e-flex e-con e-child\" data-id=\"c5c86a1\" data-element_type=\"container\" data-e-type=\"container\" data-settings=\"{&quot;background_background&quot;:&quot;classic&quot;}\">\n\t\t\t\t<div class=\"elementor-element elementor-element-bfb660b elementor-widget elementor-widget-heading\" data-id=\"bfb660b\" data-element_type=\"widget\" data-e-type=\"widget\" data-widget_type=\"heading.default\">\n\t\t\t\t<div class=\"elementor-widget-container\">\n\t\t\t\t\t<h1 class=\"elementor-heading-title elementor-size-default\">CAT.FCSE\/0112\/UK03\/2021<\/h1>\t\t\t\t<\/div>\n\t\t\t\t<\/div>\n\t\t\t\t<div class=\"elementor-element elementor-element-ae3bada elementor-widget elementor-widget-text-editor\" data-id=\"ae3bada\" data-element_type=\"widget\" data-e-type=\"widget\" data-widget_type=\"text-editor.default\">\n\t\t\t\t<div class=\"elementor-widget-container\">\n\t\t\t\t\t\t\t\t\t<p>General Divisi\u00f3n de Control de Fluidos EUROPA<\/p>\t\t\t\t\t\t\t\t<\/div>\n\t\t\t\t<\/div>\n\t\t\t\t<div class=\"elementor-element elementor-element-caa209b elementor-widget elementor-widget-image\" data-id=\"caa209b\" data-element_type=\"widget\" data-e-type=\"widget\" data-widget_type=\"image.default\">\n\t\t\t\t<div class=\"elementor-widget-container\">\n\t\t\t\t\t\t\t\t\t\t\t\t\t\t\t\t<a href=\"https:\/\/heisateam.com.mx\/wp-content\/uploads\/2024\/11\/General-Catalogue-FCSE-0112UK-July.pdf\">\n\t\t\t\t\t\t\t<img loading=\"lazy\" loading=\"lazy\" decoding=\"async\" width=\"271\" height=\"263\" src=\"https:\/\/heisateam.com.mx\/wp-content\/uploads\/2024\/11\/Catalogos-de-FCD1.png\" class=\"attachment-large size-large wp-image-3495\" alt=\"\" srcset=\"https:\/\/heisateam.com.mx\/wp-content\/uploads\/2024\/11\/Catalogos-de-FCD1.png 271w, https:\/\/heisateam.com.mx\/wp-content\/uploads\/2024\/11\/Catalogos-de-FCD1-1x1.png 1w, https:\/\/heisateam.com.mx\/wp-content\/uploads\/2024\/11\/Catalogos-de-FCD1-10x10.png 10w\" sizes=\"auto, (max-width: 271px) 100vw, 271px\">\t\t\t\t\t\t\t\t<\/a>\n\t\t\t\t\t\t\t\t\t\t\t\t\t\t\t<\/div>\n\t\t\t\t<\/div>\n\t\t\t\t<\/div>\n\t\t<div class=\"elementor-element elementor-element-baa8f90 e-con-full e-flex e-con e-child\" data-id=\"baa8f90\" data-element_type=\"container\" data-e-type=\"container\" data-settings=\"{&quot;background_background&quot;:&quot;classic&quot;}\">\n\t\t\t\t<div class=\"elementor-element elementor-element-d74ff53 elementor-widget elementor-widget-heading\" data-id=\"d74ff53\" data-element_type=\"widget\" data-e-type=\"widget\" data-widget_type=\"heading.default\">\n\t\t\t\t<div class=\"elementor-widget-container\">\n\t\t\t\t\t<h1 class=\"elementor-heading-title elementor-size-default\">CAT.FCDABV0218<\/h1>\t\t\t\t<\/div>\n\t\t\t\t<\/div>\n\t\t\t\t<div class=\"elementor-element elementor-element-bb1fbfa elementor-widget elementor-widget-text-editor\" data-id=\"bb1fbfa\" data-element_type=\"widget\" data-e-type=\"widget\" data-widget_type=\"text-editor.default\">\n\t\t\t\t<div class=\"elementor-widget-container\">\n\t\t\t\t\t\t\t\t\t<p>V\u00e1lvulas Angulares Serie PA<\/p>\t\t\t\t\t\t\t\t<\/div>\n\t\t\t\t<\/div>\n\t\t\t\t<div class=\"elementor-element elementor-element-5a171a6 elementor-widget elementor-widget-image\" data-id=\"5a171a6\" data-element_type=\"widget\" data-e-type=\"widget\" data-widget_type=\"image.default\">\n\t\t\t\t<div class=\"elementor-widget-container\">\n\t\t\t\t\t\t\t\t\t\t\t\t\t\t\t\t<a href=\"https:\/\/heisateam.com.mx\/wp-content\/uploads\/2024\/11\/CIC_FCD_AngleBodyValve-Catalog.pdf\">\n\t\t\t\t\t\t\t<img loading=\"lazy\" loading=\"lazy\" decoding=\"async\" width=\"269\" height=\"264\" src=\"https:\/\/heisateam.com.mx\/wp-content\/uploads\/2024\/11\/Catalogos-de-FCD2.png\" class=\"attachment-large size-large wp-image-3496\" alt=\"\" srcset=\"https:\/\/heisateam.com.mx\/wp-content\/uploads\/2024\/11\/Catalogos-de-FCD2.png 269w, https:\/\/heisateam.com.mx\/wp-content\/uploads\/2024\/11\/Catalogos-de-FCD2-1x1.png 1w, https:\/\/heisateam.com.mx\/wp-content\/uploads\/2024\/11\/Catalogos-de-FCD2-10x10.png 10w\" sizes=\"auto, (max-width: 269px) 100vw, 269px\">\t\t\t\t\t\t\t\t<\/a>\n\t\t\t\t\t\t\t\t\t\t\t\t\t\t\t<\/div>\n\t\t\t\t<\/div>\n\t\t\t\t<\/div>\n\t\t\t\t\t<\/div>\n\t\t\t\t<\/div>\n\t\t\t\t<\/div>\n\t\t","protected":false},"excerpt":{"rendered":"<p>Cat\u00e1logos de FCD Haz clic en la tecnolog\u00eda de tu inter\u00e9s y explora los cat\u00e1logos m\u00e1s recientes&#8230;<\/p>\n","protected":false},"author":1,"featured_media":0,"parent":0,"menu_order":0,"comment_status":"closed","ping_status":"closed","template":"","meta":{"footnotes":""},"class_list":["post-3488","page","type-page","status-publish","hentry"],"_links":{"self":[{"href":"https:\/\/heisateam.com.mx\/index.php\/wp-json\/wp\/v2\/pages\/3488","targetHints":{"allow":["GET"]}}],"collection":[{"href":"https:\/\/heisateam.com.mx\/index.php\/wp-json\/wp\/v2\/pages"}],"about":[{"href":"https:\/\/heisateam.com.mx\/index.php\/wp-json\/wp\/v2\/types\/page"}],"author":[{"embeddable":true,"href":"https:\/\/heisateam.com.mx\/index.php\/wp-json\/wp\/v2\/users\/1"}],"replies":[{"embeddable":true,"href":"https:\/\/heisateam.com.mx\/index.php\/wp-json\/wp\/v2\/comments?post=3488"}],"version-history":[{"count":16,"href":"https:\/\/heisateam.com.mx\/index.php\/wp-json\/wp\/v2\/pages\/3488\/revisions"}],"predecessor-version":[{"id":3512,"href":"https:\/\/heisateam.com.mx\/index.php\/wp-json\/wp\/v2\/pages\/3488\/revisions\/3512"}],"wp:attachment":[{"href":"https:\/\/heisateam.com.mx\/index.php\/wp-json\/wp\/v2\/media?parent=3488"}],"curies":[{"name":"wp","href":"https:\/\/api.w.org\/{rel}","templated":true}]}}