{"id":3623,"date":"2024-12-04T11:16:58","date_gmt":"2024-12-04T17:16:58","guid":{"rendered":"https:\/\/heisateam.com.mx\/?page_id=3623"},"modified":"2025-11-19T11:09:36","modified_gmt":"2025-11-19T17:09:36","slug":"glual-hydraulics-en-monterrey","status":"publish","type":"page","link":"https:\/\/heisateam.com.mx\/index.php\/glual-hydraulics-en-monterrey\/","title":{"rendered":"Glual Hydraulics en Monterrey"},"content":{"rendered":"\t\t<div data-elementor-type=\"wp-page\" data-elementor-id=\"3623\" class=\"elementor elementor-3623\">\n\t\t\t\t<div class=\"elementor-element elementor-element-1533d2d e-flex e-con-boxed e-con e-parent\" data-id=\"1533d2d\" data-element_type=\"container\">\n\t\t\t\t\t<div class=\"e-con-inner\">\n\t\t<div class=\"elementor-element elementor-element-09f4239 e-con-full e-flex e-con e-child\" data-id=\"09f4239\" data-element_type=\"container\">\n\t\t\t\t<div class=\"elementor-element elementor-element-91f78d9 elementor-widget elementor-widget-image\" data-id=\"91f78d9\" data-element_type=\"widget\" data-widget_type=\"image.default\">\n\t\t\t\t<div class=\"elementor-widget-container\">\n\t\t\t\t\t\t\t\t\t\t\t\t\t\t\t<img loading=\"lazy\" loading=\"lazy\" decoding=\"async\" width=\"567\" height=\"283\" src=\"https:\/\/heisateam.com.mx\/wp-content\/uploads\/2024\/12\/GUAL-Hydraulics_Color.png\" class=\"attachment-large size-large wp-image-3624\" alt=\"\" srcset=\"https:\/\/heisateam.com.mx\/wp-content\/uploads\/2024\/12\/GUAL-Hydraulics_Color.png 567w, https:\/\/heisateam.com.mx\/wp-content\/uploads\/2024\/12\/GUAL-Hydraulics_Color-300x150.png 300w, https:\/\/heisateam.com.mx\/wp-content\/uploads\/2024\/12\/GUAL-Hydraulics_Color-1x1.png 1w, https:\/\/heisateam.com.mx\/wp-content\/uploads\/2024\/12\/GUAL-Hydraulics_Color-10x5.png 10w\" sizes=\"auto, (max-width: 567px) 100vw, 567px\">\t\t\t\t\t\t\t\t\t\t\t\t\t\t\t<\/div>\n\t\t\t\t<\/div>\n\t\t\t\t<\/div>\n\t\t<div class=\"elementor-element elementor-element-5f26c48 e-con-full e-flex e-con e-child\" data-id=\"5f26c48\" data-element_type=\"container\">\n\t\t\t\t<div class=\"elementor-element elementor-element-6ee4b85 elementor-widget elementor-widget-heading\" data-id=\"6ee4b85\" data-element_type=\"widget\" data-widget_type=\"heading.default\">\n\t\t\t\t<div class=\"elementor-widget-container\">\n\t\t\t\t\t<h1 class=\"elementor-heading-title elementor-size-default\">Glual Hydraulics<\/h1>\t\t\t\t<\/div>\n\t\t\t\t<\/div>\n\t\t\t\t<div class=\"elementor-element elementor-element-3e07da5 elementor-widget elementor-widget-text-editor\" data-id=\"3e07da5\" data-element_type=\"widget\" data-widget_type=\"text-editor.default\">\n\t\t\t\t<div class=\"elementor-widget-container\">\n\t\t\t\t\t\t\t\t\t<p style=\"font-weight: 400;\">Glual Hydraulics es una ingenier\u00eda dedicada a la fabricaci\u00f3n de cilindros est\u00e1ndares y especiales, grupos hidr\u00e1ulicos, acumuladores de pist\u00f3n, y dem\u00e1s componentes hidr\u00e1ulicos. \u00a0La sede central est\u00e1 establecida en el norte de Espa\u00f1a , y estamos presentes en m\u00e1s de 80 pa\u00edses \u00a0con 8 plantas de producci\u00f3n. Nos avala una experiencia de m\u00e1s de 50 a\u00f1os en diversos sectores como la siderurgia, prensas, energ\u00edas renovables, maquinaria especial, etc.<\/p>\t\t\t\t\t\t\t\t<\/div>\n\t\t\t\t<\/div>\n\t\t\t\t<div class=\"elementor-element elementor-element-4b81dd4 elementor-widget-divider--view-line elementor-widget elementor-widget-divider\" data-id=\"4b81dd4\" data-element_type=\"widget\" data-widget_type=\"divider.default\">\n\t\t\t\t<div class=\"elementor-widget-container\">\n\t\t\t\t\t\t\t<div class=\"elementor-divider\">\n\t\t\t<span class=\"elementor-divider-separator\">\n\t\t\t\t\t\t<\/span>\n\t\t<\/div>\n\t\t\t\t\t\t<\/div>\n\t\t\t\t<\/div>\n\t\t\t\t<\/div>\n\t\t\t\t\t<\/div>\n\t\t\t\t<\/div>\n\t\t<div class=\"elementor-element elementor-element-d6fb257 e-flex e-con-boxed e-con e-parent\" data-id=\"d6fb257\" data-element_type=\"container\" data-settings=\"{&quot;background_background&quot;:&quot;classic&quot;}\">\n\t\t\t\t\t<div class=\"e-con-inner\">\n\t\t\t\t<div class=\"elementor-element elementor-element-d25a5fd elementor-widget elementor-widget-heading\" data-id=\"d25a5fd\" data-element_type=\"widget\" data-widget_type=\"heading.default\">\n\t\t\t\t<div class=\"elementor-widget-container\">\n\t\t\t\t\t<h2 class=\"elementor-heading-title elementor-size-default\">Glual Hydraulics en M\u00e9xico<\/h2>\t\t\t\t<\/div>\n\t\t\t\t<\/div>\n\t\t\t\t\t<\/div>\n\t\t\t\t<\/div>\n\t\t<div class=\"elementor-element elementor-element-622fcb8 e-flex e-con-boxed e-con e-parent\" data-id=\"622fcb8\" data-element_type=\"container\">\n\t\t\t\t\t<div class=\"e-con-inner\">\n\t\t\t\t<div class=\"elementor-element elementor-element-2b75fb5 elementor-widget elementor-widget-text-editor\" data-id=\"2b75fb5\" data-element_type=\"widget\" data-widget_type=\"text-editor.default\">\n\t\t\t\t<div class=\"elementor-widget-container\">\n\t\t\t\t\t\t\t\t\t<p><strong>\u00a1Descarga los siguientes cat\u00e1logos y haz clic para ver m\u00e1s!<\/strong><br \/>Accede a toda la informaci\u00f3n que necesitas de manera f\u00e1cil y r\u00e1pida. Solo haz clic y empieza a explorar. \u00a1No te lo pierdas!<\/p>\t\t\t\t\t\t\t\t<\/div>\n\t\t\t\t<\/div>\n\t\t\t\t\t<\/div>\n\t\t\t\t<\/div>\n\t\t<div class=\"elementor-element elementor-element-61d35a1 e-flex e-con-boxed e-con e-parent\" data-id=\"61d35a1\" data-element_type=\"container\">\n\t\t\t\t\t<div class=\"e-con-inner\">\n\t\t<div class=\"elementor-element elementor-element-9bf49e3 e-con-full e-flex e-con e-child\" data-id=\"9bf49e3\" data-element_type=\"container\">\n\t\t\t\t<div class=\"elementor-element elementor-element-39ac8ad elementor-align-center elementor-widget elementor-widget-elementskit-button\" data-id=\"39ac8ad\" data-element_type=\"widget\" data-widget_type=\"elementskit-button.default\">\n\t\t\t\t<div class=\"elementor-widget-container\">\n\t\t\t\t\t<div class=\"ekit-wid-con\" >\t\t<div class=\"ekit-btn-wraper\">\n\t\t\t\t\t\t\t<a href=\"https:\/\/heisateam.com.mx\/wp-content\/uploads\/2024\/12\/catalogo-cilindros-soldados-350bar-y-rotarios.pdf\" class=\"elementskit-btn  whitespace--normal\" id=\"\">\n\t\t\t\t\tCILINDROS SERIE KZ KP K\t\t\t\t<\/a>\n\t\t\t\t\t<\/div>\n        <\/div>\t\t\t\t<\/div>\n\t\t\t\t<\/div>\n\t\t\t\t<\/div>\n\t\t<div class=\"elementor-element elementor-element-c284287 e-con-full e-flex e-con e-child\" data-id=\"c284287\" data-element_type=\"container\">\n\t\t\t\t<div class=\"elementor-element elementor-element-e298a1e elementor-align-center elementor-widget elementor-widget-elementskit-button\" data-id=\"e298a1e\" data-element_type=\"widget\" data-widget_type=\"elementskit-button.default\">\n\t\t\t\t<div class=\"elementor-widget-container\">\n\t\t\t\t\t<div class=\"ekit-wid-con\" >\t\t<div class=\"ekit-btn-wraper\">\n\t\t\t\t\t\t\t<a href=\"https:\/\/heisateam.com.mx\/wp-content\/uploads\/2024\/12\/Catalogo-cilindros-normalizados.pdf\" class=\"elementskit-btn  whitespace--normal\" id=\"\">\n\t\t\t\t\tCILINDROS SERIE KI KR KD\t\t\t\t<\/a>\n\t\t\t\t\t<\/div>\n        <\/div>\t\t\t\t<\/div>\n\t\t\t\t<\/div>\n\t\t\t\t<\/div>\n\t\t<div class=\"elementor-element elementor-element-a02d65b e-con-full e-flex e-con e-child\" data-id=\"a02d65b\" data-element_type=\"container\">\n\t\t\t\t<div class=\"elementor-element elementor-element-9990ceb elementor-align-center elementor-widget elementor-widget-elementskit-button\" data-id=\"9990ceb\" data-element_type=\"widget\" data-widget_type=\"elementskit-button.default\">\n\t\t\t\t<div class=\"elementor-widget-container\">\n\t\t\t\t\t<div class=\"ekit-wid-con\" >\t\t<div class=\"ekit-btn-wraper\">\n\t\t\t\t\t\t\t<a href=\"https:\/\/heisateam.com.mx\/wp-content\/uploads\/2024\/12\/GLUAL-ACUMULADORES.pdf\" class=\"elementskit-btn  whitespace--normal\" id=\"\">\n\t\t\t\t\tCILINDRO ACUMULADOR SERIE KA\t\t\t\t<\/a>\n\t\t\t\t\t<\/div>\n        <\/div>\t\t\t\t<\/div>\n\t\t\t\t<\/div>\n\t\t\t\t<\/div>\n\t\t\t\t\t<\/div>\n\t\t\t\t<\/div>\n\t\t\t\t<\/div>\n\t\t","protected":false},"excerpt":{"rendered":"<p>Glual Hydraulics Glual Hydraulics es una ingenier\u00eda dedicada a la fabricaci\u00f3n de cilindros est\u00e1ndares y especiales, grupos&#8230;<\/p>\n","protected":false},"author":1,"featured_media":0,"parent":0,"menu_order":0,"comment_status":"closed","ping_status":"closed","template":"","meta":{"footnotes":""},"class_list":["post-3623","page","type-page","status-publish","hentry"],"_links":{"self":[{"href":"https:\/\/heisateam.com.mx\/index.php\/wp-json\/wp\/v2\/pages\/3623","targetHints":{"allow":["GET"]}}],"collection":[{"href":"https:\/\/heisateam.com.mx\/index.php\/wp-json\/wp\/v2\/pages"}],"about":[{"href":"https:\/\/heisateam.com.mx\/index.php\/wp-json\/wp\/v2\/types\/page"}],"author":[{"embeddable":true,"href":"https:\/\/heisateam.com.mx\/index.php\/wp-json\/wp\/v2\/users\/1"}],"replies":[{"embeddable":true,"href":"https:\/\/heisateam.com.mx\/index.php\/wp-json\/wp\/v2\/comments?post=3623"}],"version-history":[{"count":19,"href":"https:\/\/heisateam.com.mx\/index.php\/wp-json\/wp\/v2\/pages\/3623\/revisions"}],"predecessor-version":[{"id":4263,"href":"https:\/\/heisateam.com.mx\/index.php\/wp-json\/wp\/v2\/pages\/3623\/revisions\/4263"}],"wp:attachment":[{"href":"https:\/\/heisateam.com.mx\/index.php\/wp-json\/wp\/v2\/media?parent=3623"}],"curies":[{"name":"wp","href":"https:\/\/api.w.org\/{rel}","templated":true}]}}