{"id":3999,"date":"2025-07-04T15:26:45","date_gmt":"2025-07-04T21:26:45","guid":{"rendered":"https:\/\/heisateam.com.mx\/?post_type=product&#038;p=3999"},"modified":"2025-07-07T07:54:08","modified_gmt":"2025-07-07T13:54:08","slug":"valvulas-de-control-de-fujo-en-linea-serie-f-alto-desempeno-y-durabilidad","status":"publish","type":"product","link":"https:\/\/heisateam.com.mx\/index.php\/product\/valvulas-de-control-de-fujo-en-linea-serie-f-alto-desempeno-y-durabilidad\/","title":{"rendered":"Valvulas de Control de Fujo en L\u00ednea Serie F200B &#8211; Alto desempe\u00f1o y Durabilidad"},"content":{"rendered":"<p>La Serie F de v\u00e1lvulas hidr\u00e1ulicas de control de flujo en l\u00ednea es una v\u00e1lvula manual de 2 v\u00edas que permite el flujo libre en una direcci\u00f3n y un flujo controlado en la direcci\u00f3n opuesta. Dise\u00f1ada para aplicaciones con aire y aceite, esta v\u00e1lvula ofrece precisi\u00f3n en la medici\u00f3n y regulaci\u00f3n del flujo. Parte de la reconocida l\u00ednea Colorflow, garantiza un rendimiento confiable y duradero en sistemas hidr\u00e1ulicos e industriales.<\/p>\n","protected":false},"excerpt":{"rendered":"<p>V\u00e1lvula de control de flujo en l\u00ednea Serie F, manual de 2 v\u00edas. Flujo libre en un sentido y controlado en sentido inverso. Para aplicaciones con aire y aceite. L\u00ednea Colorflow.<\/p>\n","protected":false},"featured_media":4004,"comment_status":"open","ping_status":"closed","template":"","meta":[],"product_brand":[],"product_cat":[65],"product_tag":[],"class_list":{"0":"post-3999","1":"product","2":"type-product","3":"status-publish","4":"has-post-thumbnail","6":"product_cat-parker-hannifin","8":"first","9":"instock","10":"shipping-taxable","11":"product-type-simple"},"etheme_brands":{"errors":{"invalid_taxonomy":["Taxonom\u00eda no v\u00e1lida."]},"error_data":[]},"_links":{"self":[{"href":"https:\/\/heisateam.com.mx\/index.php\/wp-json\/wp\/v2\/product\/3999","targetHints":{"allow":["GET"]}}],"collection":[{"href":"https:\/\/heisateam.com.mx\/index.php\/wp-json\/wp\/v2\/product"}],"about":[{"href":"https:\/\/heisateam.com.mx\/index.php\/wp-json\/wp\/v2\/types\/product"}],"replies":[{"embeddable":true,"href":"https:\/\/heisateam.com.mx\/index.php\/wp-json\/wp\/v2\/comments?post=3999"}],"version-history":[{"count":2,"href":"https:\/\/heisateam.com.mx\/index.php\/wp-json\/wp\/v2\/product\/3999\/revisions"}],"predecessor-version":[{"id":4021,"href":"https:\/\/heisateam.com.mx\/index.php\/wp-json\/wp\/v2\/product\/3999\/revisions\/4021"}],"wp:featuredmedia":[{"embeddable":true,"href":"https:\/\/heisateam.com.mx\/index.php\/wp-json\/wp\/v2\/media\/4004"}],"wp:attachment":[{"href":"https:\/\/heisateam.com.mx\/index.php\/wp-json\/wp\/v2\/media?parent=3999"}],"wp:term":[{"taxonomy":"product_brand","embeddable":true,"href":"https:\/\/heisateam.com.mx\/index.php\/wp-json\/wp\/v2\/product_brand?post=3999"},{"taxonomy":"product_cat","embeddable":true,"href":"https:\/\/heisateam.com.mx\/index.php\/wp-json\/wp\/v2\/product_cat?post=3999"},{"taxonomy":"product_tag","embeddable":true,"href":"https:\/\/heisateam.com.mx\/index.php\/wp-json\/wp\/v2\/product_tag?post=3999"}],"curies":[{"name":"wp","href":"https:\/\/api.w.org\/{rel}","templated":true}]}}