{"id":4006,"date":"2025-07-07T06:50:58","date_gmt":"2025-07-07T12:50:58","guid":{"rendered":"https:\/\/heisateam.com.mx\/?post_type=product&#038;p=4006"},"modified":"2025-07-07T08:07:06","modified_gmt":"2025-07-07T14:07:06","slug":"valvulas-de-control-de-flujo-en-linea-serie-f-eficiencia-y-precision-en-cada-aplicacion","status":"publish","type":"product","link":"https:\/\/heisateam.com.mx\/index.php\/product\/valvulas-de-control-de-flujo-en-linea-serie-f-eficiencia-y-precision-en-cada-aplicacion\/","title":{"rendered":"V\u00e1lvulas de control de flujo en l\u00ednea \u2013 Serie F200S: eficiencia y precisi\u00f3n en cada aplicaci\u00f3n"},"content":{"rendered":"<p><strong data-start=\"101\" data-end=\"177\">V\u00e1lvulas hidr\u00e1ulicas de control de flujo en l\u00ednea \u2013 Serie F (Colorflow):<\/strong><br data-start=\"177\" data-end=\"180\" \/>V\u00e1lvula manual de medici\u00f3n de 2 v\u00edas, dise\u00f1ada para permitir flujo libre en una direcci\u00f3n y controlado en la direcci\u00f3n opuesta. Ideal para aplicaciones con aire y aceite, ofrece un control preciso del caudal en sistemas hidr\u00e1ulicos y neum\u00e1ticos.<\/p>\n","protected":false},"excerpt":{"rendered":"<p data-start=\"301\" data-end=\"689\">Las v\u00e1lvulas de la Serie F de Parker est\u00e1n dise\u00f1adas para ofrecer un control de flujo preciso en aplicaciones hidr\u00e1ulicas y neum\u00e1ticas. Incorporan agujas de medici\u00f3n finas o est\u00e1ndar para un control exacto del caudal y un resorte completamente guiado que permite un flujo libre en direcci\u00f3n inversa, eliminando el tambaleo y el recorrido err\u00e1tico comunes en dise\u00f1os con retenci\u00f3n de bola.<\/p>\n","protected":false},"featured_media":4004,"comment_status":"open","ping_status":"closed","template":"","meta":[],"product_brand":[],"product_cat":[65],"product_tag":[],"class_list":{"0":"post-4006","1":"product","2":"type-product","3":"status-publish","4":"has-post-thumbnail","6":"product_cat-parker-hannifin","8":"first","9":"instock","10":"shipping-taxable","11":"product-type-simple"},"etheme_brands":{"errors":{"invalid_taxonomy":["Taxonom\u00eda no v\u00e1lida."]},"error_data":[]},"_links":{"self":[{"href":"https:\/\/heisateam.com.mx\/index.php\/wp-json\/wp\/v2\/product\/4006","targetHints":{"allow":["GET"]}}],"collection":[{"href":"https:\/\/heisateam.com.mx\/index.php\/wp-json\/wp\/v2\/product"}],"about":[{"href":"https:\/\/heisateam.com.mx\/index.php\/wp-json\/wp\/v2\/types\/product"}],"replies":[{"embeddable":true,"href":"https:\/\/heisateam.com.mx\/index.php\/wp-json\/wp\/v2\/comments?post=4006"}],"version-history":[{"count":4,"href":"https:\/\/heisateam.com.mx\/index.php\/wp-json\/wp\/v2\/product\/4006\/revisions"}],"predecessor-version":[{"id":4020,"href":"https:\/\/heisateam.com.mx\/index.php\/wp-json\/wp\/v2\/product\/4006\/revisions\/4020"}],"wp:featuredmedia":[{"embeddable":true,"href":"https:\/\/heisateam.com.mx\/index.php\/wp-json\/wp\/v2\/media\/4004"}],"wp:attachment":[{"href":"https:\/\/heisateam.com.mx\/index.php\/wp-json\/wp\/v2\/media?parent=4006"}],"wp:term":[{"taxonomy":"product_brand","embeddable":true,"href":"https:\/\/heisateam.com.mx\/index.php\/wp-json\/wp\/v2\/product_brand?post=4006"},{"taxonomy":"product_cat","embeddable":true,"href":"https:\/\/heisateam.com.mx\/index.php\/wp-json\/wp\/v2\/product_cat?post=4006"},{"taxonomy":"product_tag","embeddable":true,"href":"https:\/\/heisateam.com.mx\/index.php\/wp-json\/wp\/v2\/product_tag?post=4006"}],"curies":[{"name":"wp","href":"https:\/\/api.w.org\/{rel}","templated":true}]}}