{"id":4013,"date":"2025-07-07T07:39:19","date_gmt":"2025-07-07T13:39:19","guid":{"rendered":"https:\/\/heisateam.com.mx\/?post_type=product&#038;p=4013"},"modified":"2025-07-07T07:40:57","modified_gmt":"2025-07-07T13:40:57","slug":"serie-f400b-valvulas-de-control-de-flujo-en-linea-de-alta-precision","status":"publish","type":"product","link":"https:\/\/heisateam.com.mx\/index.php\/product\/serie-f400b-valvulas-de-control-de-flujo-en-linea-de-alta-precision\/","title":{"rendered":"Serie F400B: V\u00e1lvulas de Control de Flujo en L\u00ednea de Alta Precisi\u00f3n"},"content":{"rendered":"<p>V\u00e1lvula manual de medici\u00f3n de 2 v\u00edas, dise\u00f1ada para permitir flujo libre en una direcci\u00f3n y controlado (medido) en la direcci\u00f3n inversa. Ideal para aplicaciones con aire o aceite, esta v\u00e1lvula ofrece un control preciso del caudal gracias a su dise\u00f1o robusto y confiable. Perteneciente a la reconocida serie Colorflow de Parker, garantiza un rendimiento eficiente y duradero en sistemas hidr\u00e1ulicos y neum\u00e1ticos.<\/p>\n","protected":false},"excerpt":{"rendered":"<p>Las v\u00e1lvulas de control de flujo en l\u00ednea Serie F Colorflow de Parker cuentan con agujas de medici\u00f3n finas o est\u00e1ndar para un control preciso del caudal y un resorte completamente guiado que permite flujo libre en sentido inverso.<\/p>\n","protected":false},"featured_media":4004,"comment_status":"open","ping_status":"closed","template":"","meta":[],"product_brand":[],"product_cat":[65],"product_tag":[],"class_list":{"0":"post-4013","1":"product","2":"type-product","3":"status-publish","4":"has-post-thumbnail","6":"product_cat-parker-hannifin","8":"first","9":"instock","10":"shipping-taxable","11":"product-type-simple"},"etheme_brands":{"errors":{"invalid_taxonomy":["Taxonom\u00eda no v\u00e1lida."]},"error_data":[]},"_links":{"self":[{"href":"https:\/\/heisateam.com.mx\/index.php\/wp-json\/wp\/v2\/product\/4013","targetHints":{"allow":["GET"]}}],"collection":[{"href":"https:\/\/heisateam.com.mx\/index.php\/wp-json\/wp\/v2\/product"}],"about":[{"href":"https:\/\/heisateam.com.mx\/index.php\/wp-json\/wp\/v2\/types\/product"}],"replies":[{"embeddable":true,"href":"https:\/\/heisateam.com.mx\/index.php\/wp-json\/wp\/v2\/comments?post=4013"}],"version-history":[{"count":2,"href":"https:\/\/heisateam.com.mx\/index.php\/wp-json\/wp\/v2\/product\/4013\/revisions"}],"predecessor-version":[{"id":4015,"href":"https:\/\/heisateam.com.mx\/index.php\/wp-json\/wp\/v2\/product\/4013\/revisions\/4015"}],"wp:featuredmedia":[{"embeddable":true,"href":"https:\/\/heisateam.com.mx\/index.php\/wp-json\/wp\/v2\/media\/4004"}],"wp:attachment":[{"href":"https:\/\/heisateam.com.mx\/index.php\/wp-json\/wp\/v2\/media?parent=4013"}],"wp:term":[{"taxonomy":"product_brand","embeddable":true,"href":"https:\/\/heisateam.com.mx\/index.php\/wp-json\/wp\/v2\/product_brand?post=4013"},{"taxonomy":"product_cat","embeddable":true,"href":"https:\/\/heisateam.com.mx\/index.php\/wp-json\/wp\/v2\/product_cat?post=4013"},{"taxonomy":"product_tag","embeddable":true,"href":"https:\/\/heisateam.com.mx\/index.php\/wp-json\/wp\/v2\/product_tag?post=4013"}],"curies":[{"name":"wp","href":"https:\/\/api.w.org\/{rel}","templated":true}]}}