{"id":4022,"date":"2025-07-07T08:06:02","date_gmt":"2025-07-07T14:06:02","guid":{"rendered":"https:\/\/heisateam.com.mx\/?post_type=product&#038;p=4022"},"modified":"2025-07-07T08:06:02","modified_gmt":"2025-07-07T14:06:02","slug":"serie-f-valvula-de-control-de-flujo-en-linea-modelo-f600b","status":"publish","type":"product","link":"https:\/\/heisateam.com.mx\/index.php\/product\/serie-f-valvula-de-control-de-flujo-en-linea-modelo-f600b\/","title":{"rendered":"Serie F \u2013 V\u00e1lvula de Control de Flujo en L\u00ednea, Modelo F600B"},"content":{"rendered":"<p>Las v\u00e1lvulas en l\u00ednea Serie F de Parker incorporan agujas de medici\u00f3n finas o est\u00e1ndar y un resorte completamente guiado que permite flujo libre en una direcci\u00f3n y medido en la otra. Su dise\u00f1o evita el tambaleo com\u00fan en v\u00e1lvulas con retenci\u00f3n de bola. Disponibles en versiones manuales para aplicaciones hidr\u00e1ulicas y neum\u00e1ticas con aire o aceite.<\/p>\n","protected":false},"excerpt":{"rendered":"<p>V\u00e1lvula manual de medici\u00f3n 2 v\u00edas: permite flujo libre en una direcci\u00f3n y controlado en la inversa. Apta para aplicaciones con aire o aceite.<\/p>\n","protected":false},"featured_media":4004,"comment_status":"open","ping_status":"closed","template":"","meta":[],"product_brand":[],"product_cat":[65],"product_tag":[],"class_list":{"0":"post-4022","1":"product","2":"type-product","3":"status-publish","4":"has-post-thumbnail","6":"product_cat-parker-hannifin","8":"first","9":"instock","10":"shipping-taxable","11":"product-type-simple"},"etheme_brands":{"errors":{"invalid_taxonomy":["Taxonom\u00eda no v\u00e1lida."]},"error_data":[]},"_links":{"self":[{"href":"https:\/\/heisateam.com.mx\/index.php\/wp-json\/wp\/v2\/product\/4022","targetHints":{"allow":["GET"]}}],"collection":[{"href":"https:\/\/heisateam.com.mx\/index.php\/wp-json\/wp\/v2\/product"}],"about":[{"href":"https:\/\/heisateam.com.mx\/index.php\/wp-json\/wp\/v2\/types\/product"}],"replies":[{"embeddable":true,"href":"https:\/\/heisateam.com.mx\/index.php\/wp-json\/wp\/v2\/comments?post=4022"}],"version-history":[{"count":1,"href":"https:\/\/heisateam.com.mx\/index.php\/wp-json\/wp\/v2\/product\/4022\/revisions"}],"predecessor-version":[{"id":4023,"href":"https:\/\/heisateam.com.mx\/index.php\/wp-json\/wp\/v2\/product\/4022\/revisions\/4023"}],"wp:featuredmedia":[{"embeddable":true,"href":"https:\/\/heisateam.com.mx\/index.php\/wp-json\/wp\/v2\/media\/4004"}],"wp:attachment":[{"href":"https:\/\/heisateam.com.mx\/index.php\/wp-json\/wp\/v2\/media?parent=4022"}],"wp:term":[{"taxonomy":"product_brand","embeddable":true,"href":"https:\/\/heisateam.com.mx\/index.php\/wp-json\/wp\/v2\/product_brand?post=4022"},{"taxonomy":"product_cat","embeddable":true,"href":"https:\/\/heisateam.com.mx\/index.php\/wp-json\/wp\/v2\/product_cat?post=4022"},{"taxonomy":"product_tag","embeddable":true,"href":"https:\/\/heisateam.com.mx\/index.php\/wp-json\/wp\/v2\/product_tag?post=4022"}],"curies":[{"name":"wp","href":"https:\/\/api.w.org\/{rel}","templated":true}]}}