{"id":4027,"date":"2025-07-07T08:36:15","date_gmt":"2025-07-07T14:36:15","guid":{"rendered":"https:\/\/heisateam.com.mx\/?post_type=product&#038;p=4027"},"modified":"2025-07-07T08:37:54","modified_gmt":"2025-07-07T14:37:54","slug":"4027","status":"publish","type":"product","link":"https:\/\/heisateam.com.mx\/index.php\/product\/4027\/","title":{"rendered":"V\u00e1lvula de Flujo en L\u00ednea F800B \u2013 Serie F"},"content":{"rendered":"<p>Permite un flujo libre en una direcci\u00f3n y un flujo medido con precisi\u00f3n en la direcci\u00f3n opuesta. Su dise\u00f1o evita el tambaleo y las fugas, gracias a un asiento blando de alta eficiencia. Es ideal para aplicaciones hidr\u00e1ulicas y neum\u00e1ticas que utilicen aceite o aire.<\/p>\n","protected":false},"excerpt":{"rendered":"<p>V\u00e1lvula manual de control de flujo en l\u00ednea, 2 v\u00edas, Serie F (Colorflow). Con flujo libre en una direcci\u00f3n y flujo medido en la inversa. Para sistemas hidr\u00e1ulicos y neum\u00e1ticos con aire o aceite.<\/p>\n","protected":false},"featured_media":4025,"comment_status":"open","ping_status":"closed","template":"","meta":[],"product_brand":[],"product_cat":[65],"product_tag":[],"class_list":{"0":"post-4027","1":"product","2":"type-product","3":"status-publish","4":"has-post-thumbnail","6":"product_cat-parker-hannifin","8":"first","9":"instock","10":"shipping-taxable","11":"product-type-simple"},"etheme_brands":{"errors":{"invalid_taxonomy":["Taxonom\u00eda no v\u00e1lida."]},"error_data":[]},"_links":{"self":[{"href":"https:\/\/heisateam.com.mx\/index.php\/wp-json\/wp\/v2\/product\/4027","targetHints":{"allow":["GET"]}}],"collection":[{"href":"https:\/\/heisateam.com.mx\/index.php\/wp-json\/wp\/v2\/product"}],"about":[{"href":"https:\/\/heisateam.com.mx\/index.php\/wp-json\/wp\/v2\/types\/product"}],"replies":[{"embeddable":true,"href":"https:\/\/heisateam.com.mx\/index.php\/wp-json\/wp\/v2\/comments?post=4027"}],"version-history":[{"count":2,"href":"https:\/\/heisateam.com.mx\/index.php\/wp-json\/wp\/v2\/product\/4027\/revisions"}],"predecessor-version":[{"id":4029,"href":"https:\/\/heisateam.com.mx\/index.php\/wp-json\/wp\/v2\/product\/4027\/revisions\/4029"}],"wp:featuredmedia":[{"embeddable":true,"href":"https:\/\/heisateam.com.mx\/index.php\/wp-json\/wp\/v2\/media\/4025"}],"wp:attachment":[{"href":"https:\/\/heisateam.com.mx\/index.php\/wp-json\/wp\/v2\/media?parent=4027"}],"wp:term":[{"taxonomy":"product_brand","embeddable":true,"href":"https:\/\/heisateam.com.mx\/index.php\/wp-json\/wp\/v2\/product_brand?post=4027"},{"taxonomy":"product_cat","embeddable":true,"href":"https:\/\/heisateam.com.mx\/index.php\/wp-json\/wp\/v2\/product_cat?post=4027"},{"taxonomy":"product_tag","embeddable":true,"href":"https:\/\/heisateam.com.mx\/index.php\/wp-json\/wp\/v2\/product_tag?post=4027"}],"curies":[{"name":"wp","href":"https:\/\/api.w.org\/{rel}","templated":true}]}}