{"id":4058,"date":"2025-07-07T10:11:39","date_gmt":"2025-07-07T16:11:39","guid":{"rendered":"https:\/\/heisateam.com.mx\/?post_type=product&#038;p=4058"},"modified":"2025-07-07T10:11:39","modified_gmt":"2025-07-07T16:11:39","slug":"regulador-de-presion-06r218ac-1-2-npt","status":"publish","type":"product","link":"https:\/\/heisateam.com.mx\/index.php\/product\/regulador-de-presion-06r218ac-1-2-npt\/","title":{"rendered":"Regulador de Presi\u00f3n 06R218AC, 1\/2&#8243; NPT"},"content":{"rendered":"<p>Regulador con entrada\/salida NPT de 1\/2&#8243;, dise\u00f1ado para ofrecer control de presi\u00f3n confiable y estable en sistemas neum\u00e1ticos de alto flujo.<\/p>\n","protected":false},"excerpt":{"rendered":"<p>Dise\u00f1ado para brindar un control de presi\u00f3n preciso en aplicaciones neum\u00e1ticas industriales. Con conexiones NPT de 1\/2&#8243;, este modelo permite un mayor caudal, siendo ideal para sistemas que manejan mayores vol\u00famenes de aire comprimido sin comprometer la estabilidad del flujo.<\/p>\n","protected":false},"featured_media":3822,"comment_status":"open","ping_status":"closed","template":"","meta":[],"product_brand":[],"product_cat":[65],"product_tag":[],"class_list":{"0":"post-4058","1":"product","2":"type-product","3":"status-publish","4":"has-post-thumbnail","6":"product_cat-parker-hannifin","8":"first","9":"instock","10":"shipping-taxable","11":"product-type-simple"},"etheme_brands":{"errors":{"invalid_taxonomy":["Taxonom\u00eda no v\u00e1lida."]},"error_data":[]},"_links":{"self":[{"href":"https:\/\/heisateam.com.mx\/index.php\/wp-json\/wp\/v2\/product\/4058","targetHints":{"allow":["GET"]}}],"collection":[{"href":"https:\/\/heisateam.com.mx\/index.php\/wp-json\/wp\/v2\/product"}],"about":[{"href":"https:\/\/heisateam.com.mx\/index.php\/wp-json\/wp\/v2\/types\/product"}],"replies":[{"embeddable":true,"href":"https:\/\/heisateam.com.mx\/index.php\/wp-json\/wp\/v2\/comments?post=4058"}],"version-history":[{"count":1,"href":"https:\/\/heisateam.com.mx\/index.php\/wp-json\/wp\/v2\/product\/4058\/revisions"}],"predecessor-version":[{"id":4059,"href":"https:\/\/heisateam.com.mx\/index.php\/wp-json\/wp\/v2\/product\/4058\/revisions\/4059"}],"wp:featuredmedia":[{"embeddable":true,"href":"https:\/\/heisateam.com.mx\/index.php\/wp-json\/wp\/v2\/media\/3822"}],"wp:attachment":[{"href":"https:\/\/heisateam.com.mx\/index.php\/wp-json\/wp\/v2\/media?parent=4058"}],"wp:term":[{"taxonomy":"product_brand","embeddable":true,"href":"https:\/\/heisateam.com.mx\/index.php\/wp-json\/wp\/v2\/product_brand?post=4058"},{"taxonomy":"product_cat","embeddable":true,"href":"https:\/\/heisateam.com.mx\/index.php\/wp-json\/wp\/v2\/product_cat?post=4058"},{"taxonomy":"product_tag","embeddable":true,"href":"https:\/\/heisateam.com.mx\/index.php\/wp-json\/wp\/v2\/product_tag?post=4058"}],"curies":[{"name":"wp","href":"https:\/\/api.w.org\/{rel}","templated":true}]}}