{"id":4063,"date":"2025-07-07T11:23:31","date_gmt":"2025-07-07T17:23:31","guid":{"rendered":"https:\/\/heisateam.com.mx\/?post_type=product&#038;p=4063"},"modified":"2025-07-07T11:23:31","modified_gmt":"2025-07-07T17:23:31","slug":"regulador-de-presion-06r313ac-3-4-npt-alto-flujo-y-rendimiento-industrial","status":"publish","type":"product","link":"https:\/\/heisateam.com.mx\/index.php\/product\/regulador-de-presion-06r313ac-3-4-npt-alto-flujo-y-rendimiento-industrial\/","title":{"rendered":"Regulador de Presi\u00f3n 06R313AC, 3\/4&#8243; NPT, Alto Flujo y Rendimiento Industrial"},"content":{"rendered":"<p>Regulador de presi\u00f3n compacto para aire comprimido. Modelo 06R115AC de la Serie 06, ideal para aplicaciones neum\u00e1ticas industriales con montaje modular,\u00a0dise\u00f1ado para aplicaciones neum\u00e1ticas de alto flujo. Precisi\u00f3n, durabilidad y control confiable en entornos industriales exigentes.<\/p>\n","protected":false},"excerpt":{"rendered":"<p data-start=\"605\" data-end=\"935\">Con conexiones NPT de 3\/4\u201d, este regulador permite un flujo superior, siendo ideal para l\u00edneas principales y aplicaciones de alto consumo.<\/p>\n<p data-start=\"1389\" data-end=\"1561\">Este modelo es perfecto para maquinaria automatizada, l\u00edneas de producci\u00f3n y sistemas neum\u00e1ticos generales que requieren una regulaci\u00f3n precisa con alta capacidad de flujo.<\/p>\n","protected":false},"featured_media":3822,"comment_status":"open","ping_status":"closed","template":"","meta":[],"product_brand":[],"product_cat":[65],"product_tag":[],"class_list":{"0":"post-4063","1":"product","2":"type-product","3":"status-publish","4":"has-post-thumbnail","6":"product_cat-parker-hannifin","8":"first","9":"instock","10":"shipping-taxable","11":"product-type-simple"},"etheme_brands":{"errors":{"invalid_taxonomy":["Taxonom\u00eda no v\u00e1lida."]},"error_data":[]},"_links":{"self":[{"href":"https:\/\/heisateam.com.mx\/index.php\/wp-json\/wp\/v2\/product\/4063","targetHints":{"allow":["GET"]}}],"collection":[{"href":"https:\/\/heisateam.com.mx\/index.php\/wp-json\/wp\/v2\/product"}],"about":[{"href":"https:\/\/heisateam.com.mx\/index.php\/wp-json\/wp\/v2\/types\/product"}],"replies":[{"embeddable":true,"href":"https:\/\/heisateam.com.mx\/index.php\/wp-json\/wp\/v2\/comments?post=4063"}],"version-history":[{"count":1,"href":"https:\/\/heisateam.com.mx\/index.php\/wp-json\/wp\/v2\/product\/4063\/revisions"}],"predecessor-version":[{"id":4064,"href":"https:\/\/heisateam.com.mx\/index.php\/wp-json\/wp\/v2\/product\/4063\/revisions\/4064"}],"wp:featuredmedia":[{"embeddable":true,"href":"https:\/\/heisateam.com.mx\/index.php\/wp-json\/wp\/v2\/media\/3822"}],"wp:attachment":[{"href":"https:\/\/heisateam.com.mx\/index.php\/wp-json\/wp\/v2\/media?parent=4063"}],"wp:term":[{"taxonomy":"product_brand","embeddable":true,"href":"https:\/\/heisateam.com.mx\/index.php\/wp-json\/wp\/v2\/product_brand?post=4063"},{"taxonomy":"product_cat","embeddable":true,"href":"https:\/\/heisateam.com.mx\/index.php\/wp-json\/wp\/v2\/product_cat?post=4063"},{"taxonomy":"product_tag","embeddable":true,"href":"https:\/\/heisateam.com.mx\/index.php\/wp-json\/wp\/v2\/product_tag?post=4063"}],"curies":[{"name":"wp","href":"https:\/\/api.w.org\/{rel}","templated":true}]}}