{"id":4074,"date":"2025-07-07T11:55:19","date_gmt":"2025-07-07T17:55:19","guid":{"rendered":"https:\/\/heisateam.com.mx\/?post_type=product&#038;p=4074"},"modified":"2025-07-07T11:55:19","modified_gmt":"2025-07-07T17:55:19","slug":"regulador-de-presion-06r218ac-1-2-npt-alta-capacidad-de-flujo-y-control-confiable","status":"publish","type":"product","link":"https:\/\/heisateam.com.mx\/index.php\/product\/regulador-de-presion-06r218ac-1-2-npt-alta-capacidad-de-flujo-y-control-confiable\/","title":{"rendered":"Regulador de Presi\u00f3n 06R218AC, 1\/2&#8243; NPT, Alta Capacidad de Flujo y Control Confiable"},"content":{"rendered":"<p>Regulado 06R218AC con rosca NPT de 1\/2&#8243;, dise\u00f1ado para aplicaciones industriales que requieren alto flujo y presi\u00f3n constante. Rendimiento confiable y dise\u00f1o robusto.<\/p>\n","protected":false},"excerpt":{"rendered":"<p>Dise\u00f1ado para aplicaciones donde se requiere alta capacidad de flujo con un control de presi\u00f3n preciso y constante. Con conexiones NPT de 1\/2\u201d, es ideal para l\u00edneas principales en sistemas industriales que demandan mayor volumen de aire comprimido.<\/p>\n","protected":false},"featured_media":3822,"comment_status":"open","ping_status":"closed","template":"","meta":[],"product_brand":[],"product_cat":[65],"product_tag":[],"class_list":{"0":"post-4074","1":"product","2":"type-product","3":"status-publish","4":"has-post-thumbnail","6":"product_cat-parker-hannifin","8":"first","9":"instock","10":"shipping-taxable","11":"product-type-simple"},"etheme_brands":{"errors":{"invalid_taxonomy":["Taxonom\u00eda no v\u00e1lida."]},"error_data":[]},"_links":{"self":[{"href":"https:\/\/heisateam.com.mx\/index.php\/wp-json\/wp\/v2\/product\/4074","targetHints":{"allow":["GET"]}}],"collection":[{"href":"https:\/\/heisateam.com.mx\/index.php\/wp-json\/wp\/v2\/product"}],"about":[{"href":"https:\/\/heisateam.com.mx\/index.php\/wp-json\/wp\/v2\/types\/product"}],"replies":[{"embeddable":true,"href":"https:\/\/heisateam.com.mx\/index.php\/wp-json\/wp\/v2\/comments?post=4074"}],"version-history":[{"count":1,"href":"https:\/\/heisateam.com.mx\/index.php\/wp-json\/wp\/v2\/product\/4074\/revisions"}],"predecessor-version":[{"id":4075,"href":"https:\/\/heisateam.com.mx\/index.php\/wp-json\/wp\/v2\/product\/4074\/revisions\/4075"}],"wp:featuredmedia":[{"embeddable":true,"href":"https:\/\/heisateam.com.mx\/index.php\/wp-json\/wp\/v2\/media\/3822"}],"wp:attachment":[{"href":"https:\/\/heisateam.com.mx\/index.php\/wp-json\/wp\/v2\/media?parent=4074"}],"wp:term":[{"taxonomy":"product_brand","embeddable":true,"href":"https:\/\/heisateam.com.mx\/index.php\/wp-json\/wp\/v2\/product_brand?post=4074"},{"taxonomy":"product_cat","embeddable":true,"href":"https:\/\/heisateam.com.mx\/index.php\/wp-json\/wp\/v2\/product_cat?post=4074"},{"taxonomy":"product_tag","embeddable":true,"href":"https:\/\/heisateam.com.mx\/index.php\/wp-json\/wp\/v2\/product_tag?post=4074"}],"curies":[{"name":"wp","href":"https:\/\/api.w.org\/{rel}","templated":true}]}}