{"id":4082,"date":"2025-07-07T12:31:15","date_gmt":"2025-07-07T18:31:15","guid":{"rendered":"https:\/\/heisateam.com.mx\/?post_type=product&#038;p=4082"},"modified":"2025-07-07T12:31:15","modified_gmt":"2025-07-07T18:31:15","slug":"lubricador-neumatico-06l12be-1-4-npt-compacto-y-eficiente-para-sistemas-industriales","status":"publish","type":"product","link":"https:\/\/heisateam.com.mx\/index.php\/product\/lubricador-neumatico-06l12be-1-4-npt-compacto-y-eficiente-para-sistemas-industriales\/","title":{"rendered":"Lubricador Neum\u00e1tico 06L12BE,  1\/4&#8243; NPT, Compacto y Eficiente para Sistemas Industriales"},"content":{"rendered":"<p>Lubricador 06L12BE con conexi\u00f3n NPT de 1\/4&#8243;, ideal para prolongar la vida \u00fatil de herramientas neum\u00e1ticas. Compacto, confiable y de f\u00e1cil mantenimiento.<\/p>\n","protected":false},"excerpt":{"rendered":"<p data-start=\"966\" data-end=\"1236\">Este lubricador mejora el rendimiento de los equipos neum\u00e1ticos, reduce el desgaste y extiende su vida \u00fatil. Cuenta con un dep\u00f3sito transparente que facilita el monitoreo del nivel de aceite, y un sistema de ajuste sencillo para controlar la cantidad de lubricaci\u00f3n.<\/p>\n","protected":false},"featured_media":3830,"comment_status":"open","ping_status":"closed","template":"","meta":[],"product_brand":[],"product_cat":[65],"product_tag":[],"class_list":{"0":"post-4082","1":"product","2":"type-product","3":"status-publish","4":"has-post-thumbnail","6":"product_cat-parker-hannifin","8":"first","9":"instock","10":"shipping-taxable","11":"product-type-simple"},"etheme_brands":{"errors":{"invalid_taxonomy":["Taxonom\u00eda no v\u00e1lida."]},"error_data":[]},"_links":{"self":[{"href":"https:\/\/heisateam.com.mx\/index.php\/wp-json\/wp\/v2\/product\/4082","targetHints":{"allow":["GET"]}}],"collection":[{"href":"https:\/\/heisateam.com.mx\/index.php\/wp-json\/wp\/v2\/product"}],"about":[{"href":"https:\/\/heisateam.com.mx\/index.php\/wp-json\/wp\/v2\/types\/product"}],"replies":[{"embeddable":true,"href":"https:\/\/heisateam.com.mx\/index.php\/wp-json\/wp\/v2\/comments?post=4082"}],"version-history":[{"count":1,"href":"https:\/\/heisateam.com.mx\/index.php\/wp-json\/wp\/v2\/product\/4082\/revisions"}],"predecessor-version":[{"id":4083,"href":"https:\/\/heisateam.com.mx\/index.php\/wp-json\/wp\/v2\/product\/4082\/revisions\/4083"}],"wp:featuredmedia":[{"embeddable":true,"href":"https:\/\/heisateam.com.mx\/index.php\/wp-json\/wp\/v2\/media\/3830"}],"wp:attachment":[{"href":"https:\/\/heisateam.com.mx\/index.php\/wp-json\/wp\/v2\/media?parent=4082"}],"wp:term":[{"taxonomy":"product_brand","embeddable":true,"href":"https:\/\/heisateam.com.mx\/index.php\/wp-json\/wp\/v2\/product_brand?post=4082"},{"taxonomy":"product_cat","embeddable":true,"href":"https:\/\/heisateam.com.mx\/index.php\/wp-json\/wp\/v2\/product_cat?post=4082"},{"taxonomy":"product_tag","embeddable":true,"href":"https:\/\/heisateam.com.mx\/index.php\/wp-json\/wp\/v2\/product_tag?post=4082"}],"curies":[{"name":"wp","href":"https:\/\/api.w.org\/{rel}","templated":true}]}}