{"id":4084,"date":"2025-07-07T12:38:32","date_gmt":"2025-07-07T18:38:32","guid":{"rendered":"https:\/\/heisateam.com.mx\/?post_type=product&#038;p=4084"},"modified":"2025-07-07T12:38:32","modified_gmt":"2025-07-07T18:38:32","slug":"lubricador-neumatico-06l14be-3-8-npt-alto-desempeno-y-lubricacion-eficiente","status":"publish","type":"product","link":"https:\/\/heisateam.com.mx\/index.php\/product\/lubricador-neumatico-06l14be-3-8-npt-alto-desempeno-y-lubricacion-eficiente\/","title":{"rendered":"Lubricador Neum\u00e1tico 06L14BE, 3\/8&#8243; NPT, Alto Desempe\u00f1o y Lubricaci\u00f3n Eficiente"},"content":{"rendered":"<p>Lubricador 06L14BE con rosca NPT de 3\/8&#8243;, dise\u00f1ado para prolongar la vida \u00fatil de herramientas neum\u00e1ticas. F\u00e1cil ajuste, mantenimiento y alto rendimiento.<\/p>\n","protected":false},"excerpt":{"rendered":"<p data-start=\"550\" data-end=\"917\">Con conexiones NPT de 3\/8\u201d, es ideal para aplicaciones donde se requiere mayor capacidad de flujo y fiabilidad.<\/p>\n<p data-start=\"919\" data-end=\"1251\">Este modelo cuenta con un dep\u00f3sito transparente para una visualizaci\u00f3n r\u00e1pida del nivel de aceite y un ajuste sencillo del caudal de lubricaci\u00f3n, lo que permite adaptarse a distintos requerimientos operativos. Su dise\u00f1o modular facilita la integraci\u00f3n con reguladores y filtros Parker para conformar un sistema FRL completo.<\/p>\n","protected":false},"featured_media":3759,"comment_status":"open","ping_status":"closed","template":"","meta":[],"product_brand":[],"product_cat":[65],"product_tag":[],"class_list":{"0":"post-4084","1":"product","2":"type-product","3":"status-publish","4":"has-post-thumbnail","6":"product_cat-parker-hannifin","8":"first","9":"instock","10":"shipping-taxable","11":"product-type-simple"},"etheme_brands":{"errors":{"invalid_taxonomy":["Taxonom\u00eda no v\u00e1lida."]},"error_data":[]},"_links":{"self":[{"href":"https:\/\/heisateam.com.mx\/index.php\/wp-json\/wp\/v2\/product\/4084","targetHints":{"allow":["GET"]}}],"collection":[{"href":"https:\/\/heisateam.com.mx\/index.php\/wp-json\/wp\/v2\/product"}],"about":[{"href":"https:\/\/heisateam.com.mx\/index.php\/wp-json\/wp\/v2\/types\/product"}],"replies":[{"embeddable":true,"href":"https:\/\/heisateam.com.mx\/index.php\/wp-json\/wp\/v2\/comments?post=4084"}],"version-history":[{"count":1,"href":"https:\/\/heisateam.com.mx\/index.php\/wp-json\/wp\/v2\/product\/4084\/revisions"}],"predecessor-version":[{"id":4085,"href":"https:\/\/heisateam.com.mx\/index.php\/wp-json\/wp\/v2\/product\/4084\/revisions\/4085"}],"wp:featuredmedia":[{"embeddable":true,"href":"https:\/\/heisateam.com.mx\/index.php\/wp-json\/wp\/v2\/media\/3759"}],"wp:attachment":[{"href":"https:\/\/heisateam.com.mx\/index.php\/wp-json\/wp\/v2\/media?parent=4084"}],"wp:term":[{"taxonomy":"product_brand","embeddable":true,"href":"https:\/\/heisateam.com.mx\/index.php\/wp-json\/wp\/v2\/product_brand?post=4084"},{"taxonomy":"product_cat","embeddable":true,"href":"https:\/\/heisateam.com.mx\/index.php\/wp-json\/wp\/v2\/product_cat?post=4084"},{"taxonomy":"product_tag","embeddable":true,"href":"https:\/\/heisateam.com.mx\/index.php\/wp-json\/wp\/v2\/product_tag?post=4084"}],"curies":[{"name":"wp","href":"https:\/\/api.w.org\/{rel}","templated":true}]}}