{"id":4101,"date":"2025-07-07T14:22:13","date_gmt":"2025-07-07T20:22:13","guid":{"rendered":"https:\/\/heisateam.com.mx\/?post_type=product&#038;p=4101"},"modified":"2025-07-07T14:22:13","modified_gmt":"2025-07-07T20:22:13","slug":"filtro-de-aire-comprimido-06f14ac-3-8-npt-alto-desempeno-y-filtrado-eficiente","status":"publish","type":"product","link":"https:\/\/heisateam.com.mx\/index.php\/product\/filtro-de-aire-comprimido-06f14ac-3-8-npt-alto-desempeno-y-filtrado-eficiente\/","title":{"rendered":"Filtro de Aire Comprimido 06F14AC, 3\/8&#8243; NPT, Alto Desempe\u00f1o y Filtrado Eficiente"},"content":{"rendered":"<p data-start=\"216\" data-end=\"313\">Filtro de Aire Comprimido 06F14AC, 3\/8&#8243; NPT, Alto Desempe\u00f1o y Filtrado Eficiente<\/p>\n","protected":false},"excerpt":{"rendered":"<p>Este filtro cuenta con un elemento filtrante de alto rendimiento, que protege los componentes aguas abajo, como v\u00e1lvulas, actuadores y herramientas neum\u00e1ticas, reduciendo el desgaste y extendiendo su vida \u00fatil.<\/p>\n","protected":false},"featured_media":4102,"comment_status":"open","ping_status":"closed","template":"","meta":[],"product_brand":[],"product_cat":[65],"product_tag":[],"class_list":{"0":"post-4101","1":"product","2":"type-product","3":"status-publish","4":"has-post-thumbnail","6":"product_cat-parker-hannifin","8":"first","9":"instock","10":"shipping-taxable","11":"product-type-simple"},"etheme_brands":{"errors":{"invalid_taxonomy":["Taxonom\u00eda no v\u00e1lida."]},"error_data":[]},"_links":{"self":[{"href":"https:\/\/heisateam.com.mx\/index.php\/wp-json\/wp\/v2\/product\/4101","targetHints":{"allow":["GET"]}}],"collection":[{"href":"https:\/\/heisateam.com.mx\/index.php\/wp-json\/wp\/v2\/product"}],"about":[{"href":"https:\/\/heisateam.com.mx\/index.php\/wp-json\/wp\/v2\/types\/product"}],"replies":[{"embeddable":true,"href":"https:\/\/heisateam.com.mx\/index.php\/wp-json\/wp\/v2\/comments?post=4101"}],"version-history":[{"count":1,"href":"https:\/\/heisateam.com.mx\/index.php\/wp-json\/wp\/v2\/product\/4101\/revisions"}],"predecessor-version":[{"id":4103,"href":"https:\/\/heisateam.com.mx\/index.php\/wp-json\/wp\/v2\/product\/4101\/revisions\/4103"}],"wp:featuredmedia":[{"embeddable":true,"href":"https:\/\/heisateam.com.mx\/index.php\/wp-json\/wp\/v2\/media\/4102"}],"wp:attachment":[{"href":"https:\/\/heisateam.com.mx\/index.php\/wp-json\/wp\/v2\/media?parent=4101"}],"wp:term":[{"taxonomy":"product_brand","embeddable":true,"href":"https:\/\/heisateam.com.mx\/index.php\/wp-json\/wp\/v2\/product_brand?post=4101"},{"taxonomy":"product_cat","embeddable":true,"href":"https:\/\/heisateam.com.mx\/index.php\/wp-json\/wp\/v2\/product_cat?post=4101"},{"taxonomy":"product_tag","embeddable":true,"href":"https:\/\/heisateam.com.mx\/index.php\/wp-json\/wp\/v2\/product_tag?post=4101"}],"curies":[{"name":"wp","href":"https:\/\/api.w.org\/{rel}","templated":true}]}}