{"id":4107,"date":"2025-07-07T21:02:07","date_gmt":"2025-07-08T03:02:07","guid":{"rendered":"https:\/\/heisateam.com.mx\/?post_type=product&#038;p=4107"},"modified":"2025-07-07T21:02:08","modified_gmt":"2025-07-08T03:02:08","slug":"filtro-de-aire-comprimido-06f17ac-1-2-npt-alto-flujo-y-filtracion-precisa","status":"publish","type":"product","link":"https:\/\/heisateam.com.mx\/index.php\/product\/filtro-de-aire-comprimido-06f17ac-1-2-npt-alto-flujo-y-filtracion-precisa\/","title":{"rendered":"Filtro de Aire Comprimido 06F17AC, 1\/2&#8243; NPT, Alto Flujo y Filtraci\u00f3n Precisa"},"content":{"rendered":"<p data-start=\"385\" data-end=\"545\">Filtro 06F17AC con conexi\u00f3n NPT de 1\/2&#8243;, ideal para eliminar part\u00edculas y humedad del aire comprimido. Alto desempe\u00f1o, f\u00e1cil instalaci\u00f3n y mantenimiento.<\/p>\n","protected":false},"excerpt":{"rendered":"<p data-start=\"584\" data-end=\"971\">Su elemento filtrante de alta eficiencia captura part\u00edculas finas y prolonga la vida \u00fatil de v\u00e1lvulas, cilindros y herramientas neum\u00e1ticas.<\/p>\n","protected":false},"featured_media":3832,"comment_status":"open","ping_status":"closed","template":"","meta":[],"product_brand":[],"product_cat":[65],"product_tag":[],"class_list":{"0":"post-4107","1":"product","2":"type-product","3":"status-publish","4":"has-post-thumbnail","6":"product_cat-parker-hannifin","8":"first","9":"instock","10":"shipping-taxable","11":"product-type-simple"},"etheme_brands":{"errors":{"invalid_taxonomy":["Taxonom\u00eda no v\u00e1lida."]},"error_data":[]},"_links":{"self":[{"href":"https:\/\/heisateam.com.mx\/index.php\/wp-json\/wp\/v2\/product\/4107","targetHints":{"allow":["GET"]}}],"collection":[{"href":"https:\/\/heisateam.com.mx\/index.php\/wp-json\/wp\/v2\/product"}],"about":[{"href":"https:\/\/heisateam.com.mx\/index.php\/wp-json\/wp\/v2\/types\/product"}],"replies":[{"embeddable":true,"href":"https:\/\/heisateam.com.mx\/index.php\/wp-json\/wp\/v2\/comments?post=4107"}],"version-history":[{"count":1,"href":"https:\/\/heisateam.com.mx\/index.php\/wp-json\/wp\/v2\/product\/4107\/revisions"}],"predecessor-version":[{"id":4108,"href":"https:\/\/heisateam.com.mx\/index.php\/wp-json\/wp\/v2\/product\/4107\/revisions\/4108"}],"wp:featuredmedia":[{"embeddable":true,"href":"https:\/\/heisateam.com.mx\/index.php\/wp-json\/wp\/v2\/media\/3832"}],"wp:attachment":[{"href":"https:\/\/heisateam.com.mx\/index.php\/wp-json\/wp\/v2\/media?parent=4107"}],"wp:term":[{"taxonomy":"product_brand","embeddable":true,"href":"https:\/\/heisateam.com.mx\/index.php\/wp-json\/wp\/v2\/product_brand?post=4107"},{"taxonomy":"product_cat","embeddable":true,"href":"https:\/\/heisateam.com.mx\/index.php\/wp-json\/wp\/v2\/product_cat?post=4107"},{"taxonomy":"product_tag","embeddable":true,"href":"https:\/\/heisateam.com.mx\/index.php\/wp-json\/wp\/v2\/product_tag?post=4107"}],"curies":[{"name":"wp","href":"https:\/\/api.w.org\/{rel}","templated":true}]}}