{"id":4109,"date":"2025-07-07T21:10:39","date_gmt":"2025-07-08T03:10:39","guid":{"rendered":"https:\/\/heisateam.com.mx\/?post_type=product&#038;p=4109"},"modified":"2025-07-07T21:10:39","modified_gmt":"2025-07-08T03:10:39","slug":"filtro-de-aire-comprimido-06f18ac-3-4-npt-alta-capacidad-y-filtrado-eficiente","status":"publish","type":"product","link":"https:\/\/heisateam.com.mx\/index.php\/product\/filtro-de-aire-comprimido-06f18ac-3-4-npt-alta-capacidad-y-filtrado-eficiente\/","title":{"rendered":"Filtro de Aire Comprimido 06F18AC, 3\/4&#8243; NPT, Alta Capacidad y Filtrado Eficiente"},"content":{"rendered":"<p>Filtro 06F18AC con rosca NPT de 3\/4&#8243;, ideal para remover part\u00edculas y humedad en sistemas neum\u00e1ticos de alto flujo. Rendimiento confiable y mantenimiento sencillo.<\/p>\n","protected":false},"excerpt":{"rendered":"<p>Su elemento filtrante de alta eficiencia protege componentes neum\u00e1ticos sensibles, como v\u00e1lvulas, cilindros y herramientas, evitando da\u00f1os por impurezas y mejorando la eficiencia operativa.<\/p>\n","protected":false},"featured_media":3832,"comment_status":"open","ping_status":"closed","template":"","meta":[],"product_brand":[],"product_cat":[65],"product_tag":[],"class_list":{"0":"post-4109","1":"product","2":"type-product","3":"status-publish","4":"has-post-thumbnail","6":"product_cat-parker-hannifin","8":"first","9":"instock","10":"shipping-taxable","11":"product-type-simple"},"etheme_brands":{"errors":{"invalid_taxonomy":["Taxonom\u00eda no v\u00e1lida."]},"error_data":[]},"_links":{"self":[{"href":"https:\/\/heisateam.com.mx\/index.php\/wp-json\/wp\/v2\/product\/4109","targetHints":{"allow":["GET"]}}],"collection":[{"href":"https:\/\/heisateam.com.mx\/index.php\/wp-json\/wp\/v2\/product"}],"about":[{"href":"https:\/\/heisateam.com.mx\/index.php\/wp-json\/wp\/v2\/types\/product"}],"replies":[{"embeddable":true,"href":"https:\/\/heisateam.com.mx\/index.php\/wp-json\/wp\/v2\/comments?post=4109"}],"version-history":[{"count":1,"href":"https:\/\/heisateam.com.mx\/index.php\/wp-json\/wp\/v2\/product\/4109\/revisions"}],"predecessor-version":[{"id":4110,"href":"https:\/\/heisateam.com.mx\/index.php\/wp-json\/wp\/v2\/product\/4109\/revisions\/4110"}],"wp:featuredmedia":[{"embeddable":true,"href":"https:\/\/heisateam.com.mx\/index.php\/wp-json\/wp\/v2\/media\/3832"}],"wp:attachment":[{"href":"https:\/\/heisateam.com.mx\/index.php\/wp-json\/wp\/v2\/media?parent=4109"}],"wp:term":[{"taxonomy":"product_brand","embeddable":true,"href":"https:\/\/heisateam.com.mx\/index.php\/wp-json\/wp\/v2\/product_brand?post=4109"},{"taxonomy":"product_cat","embeddable":true,"href":"https:\/\/heisateam.com.mx\/index.php\/wp-json\/wp\/v2\/product_cat?post=4109"},{"taxonomy":"product_tag","embeddable":true,"href":"https:\/\/heisateam.com.mx\/index.php\/wp-json\/wp\/v2\/product_tag?post=4109"}],"curies":[{"name":"wp","href":"https:\/\/api.w.org\/{rel}","templated":true}]}}