{"id":4119,"date":"2025-07-07T21:30:33","date_gmt":"2025-07-08T03:30:33","guid":{"rendered":"https:\/\/heisateam.com.mx\/?post_type=product&#038;p=4119"},"modified":"2025-07-07T21:30:33","modified_gmt":"2025-07-08T03:30:33","slug":"filtro-de-aire-comprimido-06f26ac-1-npt-alto-flujo-y-filtracion-confiable-para-uso-industrial","status":"publish","type":"product","link":"https:\/\/heisateam.com.mx\/index.php\/product\/filtro-de-aire-comprimido-06f26ac-1-npt-alto-flujo-y-filtracion-confiable-para-uso-industrial\/","title":{"rendered":"Filtro de Aire Comprimido 06F26AC, 1&#8243; NPT, Alto Flujo y Filtraci\u00f3n Confiable para Uso Industrial"},"content":{"rendered":"<p>Filtro 06F26AC con conexi\u00f3n NPT de 1\u201d. Dise\u00f1ado para sistemas de aire comprimido de alto flujo. Eficiente, duradero y f\u00e1cil de mantener.<\/p>\n","protected":false},"excerpt":{"rendered":"<p>Este filtro elimina eficazmente part\u00edculas s\u00f3lidas y condensados del aire comprimido, protegiendo v\u00e1lvulas, cilindros y herramientas neum\u00e1ticas contra el desgaste y aumentando su vida \u00fatil.<\/p>\n","protected":false},"featured_media":3832,"comment_status":"open","ping_status":"closed","template":"","meta":[],"product_brand":[],"product_cat":[65],"product_tag":[],"class_list":{"0":"post-4119","1":"product","2":"type-product","3":"status-publish","4":"has-post-thumbnail","6":"product_cat-parker-hannifin","8":"first","9":"instock","10":"shipping-taxable","11":"product-type-simple"},"etheme_brands":{"errors":{"invalid_taxonomy":["Taxonom\u00eda no v\u00e1lida."]},"error_data":[]},"_links":{"self":[{"href":"https:\/\/heisateam.com.mx\/index.php\/wp-json\/wp\/v2\/product\/4119","targetHints":{"allow":["GET"]}}],"collection":[{"href":"https:\/\/heisateam.com.mx\/index.php\/wp-json\/wp\/v2\/product"}],"about":[{"href":"https:\/\/heisateam.com.mx\/index.php\/wp-json\/wp\/v2\/types\/product"}],"replies":[{"embeddable":true,"href":"https:\/\/heisateam.com.mx\/index.php\/wp-json\/wp\/v2\/comments?post=4119"}],"version-history":[{"count":1,"href":"https:\/\/heisateam.com.mx\/index.php\/wp-json\/wp\/v2\/product\/4119\/revisions"}],"predecessor-version":[{"id":4120,"href":"https:\/\/heisateam.com.mx\/index.php\/wp-json\/wp\/v2\/product\/4119\/revisions\/4120"}],"wp:featuredmedia":[{"embeddable":true,"href":"https:\/\/heisateam.com.mx\/index.php\/wp-json\/wp\/v2\/media\/3832"}],"wp:attachment":[{"href":"https:\/\/heisateam.com.mx\/index.php\/wp-json\/wp\/v2\/media?parent=4119"}],"wp:term":[{"taxonomy":"product_brand","embeddable":true,"href":"https:\/\/heisateam.com.mx\/index.php\/wp-json\/wp\/v2\/product_brand?post=4119"},{"taxonomy":"product_cat","embeddable":true,"href":"https:\/\/heisateam.com.mx\/index.php\/wp-json\/wp\/v2\/product_cat?post=4119"},{"taxonomy":"product_tag","embeddable":true,"href":"https:\/\/heisateam.com.mx\/index.php\/wp-json\/wp\/v2\/product_tag?post=4119"}],"curies":[{"name":"wp","href":"https:\/\/api.w.org\/{rel}","templated":true}]}}