{"id":4121,"date":"2025-07-07T21:32:31","date_gmt":"2025-07-08T03:32:31","guid":{"rendered":"https:\/\/heisateam.com.mx\/?post_type=product&#038;p=4121"},"modified":"2025-07-07T21:32:31","modified_gmt":"2025-07-08T03:32:31","slug":"filtro-de-aire-comprimido-06f26bc-1-npt-con-drenaje-automatico-maxima-eficiencia-para-sistemas-industriales","status":"publish","type":"product","link":"https:\/\/heisateam.com.mx\/index.php\/product\/filtro-de-aire-comprimido-06f26bc-1-npt-con-drenaje-automatico-maxima-eficiencia-para-sistemas-industriales\/","title":{"rendered":"Filtro de Aire Comprimido 06F26BC, 1&#8243; NPT con Drenaje Autom\u00e1tico, M\u00e1xima Eficiencia para Sistemas Industriales"},"content":{"rendered":"<p>Filtro 06F26BC con conexi\u00f3n NPT de 1\u201d y drenaje autom\u00e1tico. Alto flujo, filtrado confiable y m\u00ednimo mantenimiento en aplicaciones industriales.<\/p>\n","protected":false},"excerpt":{"rendered":"<p>Este modelo incluye un drenaje autom\u00e1tico, que expulsa autom\u00e1ticamente el l\u00edquido acumulado en el vaso, evitando interrupciones por mantenimiento manual. Adem\u00e1s, su elemento filtrante de alta eficiencia protege los equipos neum\u00e1ticos al reducir el ingreso de contaminantes, prolongando su vida \u00fatil y mejorando el rendimiento operativo.<\/p>\n","protected":false},"featured_media":4001,"comment_status":"open","ping_status":"closed","template":"","meta":[],"product_brand":[],"product_cat":[65],"product_tag":[],"class_list":{"0":"post-4121","1":"product","2":"type-product","3":"status-publish","4":"has-post-thumbnail","6":"product_cat-parker-hannifin","8":"first","9":"instock","10":"shipping-taxable","11":"product-type-simple"},"etheme_brands":{"errors":{"invalid_taxonomy":["Taxonom\u00eda no v\u00e1lida."]},"error_data":[]},"_links":{"self":[{"href":"https:\/\/heisateam.com.mx\/index.php\/wp-json\/wp\/v2\/product\/4121","targetHints":{"allow":["GET"]}}],"collection":[{"href":"https:\/\/heisateam.com.mx\/index.php\/wp-json\/wp\/v2\/product"}],"about":[{"href":"https:\/\/heisateam.com.mx\/index.php\/wp-json\/wp\/v2\/types\/product"}],"replies":[{"embeddable":true,"href":"https:\/\/heisateam.com.mx\/index.php\/wp-json\/wp\/v2\/comments?post=4121"}],"version-history":[{"count":1,"href":"https:\/\/heisateam.com.mx\/index.php\/wp-json\/wp\/v2\/product\/4121\/revisions"}],"predecessor-version":[{"id":4122,"href":"https:\/\/heisateam.com.mx\/index.php\/wp-json\/wp\/v2\/product\/4121\/revisions\/4122"}],"wp:featuredmedia":[{"embeddable":true,"href":"https:\/\/heisateam.com.mx\/index.php\/wp-json\/wp\/v2\/media\/4001"}],"wp:attachment":[{"href":"https:\/\/heisateam.com.mx\/index.php\/wp-json\/wp\/v2\/media?parent=4121"}],"wp:term":[{"taxonomy":"product_brand","embeddable":true,"href":"https:\/\/heisateam.com.mx\/index.php\/wp-json\/wp\/v2\/product_brand?post=4121"},{"taxonomy":"product_cat","embeddable":true,"href":"https:\/\/heisateam.com.mx\/index.php\/wp-json\/wp\/v2\/product_cat?post=4121"},{"taxonomy":"product_tag","embeddable":true,"href":"https:\/\/heisateam.com.mx\/index.php\/wp-json\/wp\/v2\/product_tag?post=4121"}],"curies":[{"name":"wp","href":"https:\/\/api.w.org\/{rel}","templated":true}]}}