{"id":4123,"date":"2025-07-07T21:42:12","date_gmt":"2025-07-08T03:42:12","guid":{"rendered":"https:\/\/heisateam.com.mx\/?post_type=product&#038;p=4123"},"modified":"2025-07-07T21:42:13","modified_gmt":"2025-07-08T03:42:13","slug":"filtro-de-aire-comprimido-06f28bc-1-1-4-npt-alto-flujo-y-filtracion-de-alto-desempeno","status":"publish","type":"product","link":"https:\/\/heisateam.com.mx\/index.php\/product\/filtro-de-aire-comprimido-06f28bc-1-1-4-npt-alto-flujo-y-filtracion-de-alto-desempeno\/","title":{"rendered":"Filtro de Aire Comprimido 06F28BC, 1-1\/4&#8243; NPT Alto Flujo y Filtraci\u00f3n de Alto Desempe\u00f1o"},"content":{"rendered":"<p>Filtro 06F28BC con conexi\u00f3n NPT de 1-1\/4\u201d y drenaje autom\u00e1tico. Dise\u00f1ado para grandes vol\u00famenes de aire comprimido en aplicaciones industriales.<\/p>\n","protected":false},"excerpt":{"rendered":"<p>Su elemento filtrante de alto rendimiento elimina part\u00edculas s\u00f3lidas y humedad del aire comprimido, protegiendo v\u00e1lvulas, cilindros y herramientas neum\u00e1ticas contra el desgaste prematuro. El drenaje autom\u00e1tico mejora la productividad al eliminar condensado sin necesidad de mantenimiento manual.<\/p>\n","protected":false},"featured_media":4102,"comment_status":"open","ping_status":"closed","template":"","meta":[],"product_brand":[],"product_cat":[65],"product_tag":[],"class_list":{"0":"post-4123","1":"product","2":"type-product","3":"status-publish","4":"has-post-thumbnail","6":"product_cat-parker-hannifin","8":"first","9":"instock","10":"shipping-taxable","11":"product-type-simple"},"etheme_brands":{"errors":{"invalid_taxonomy":["Taxonom\u00eda no v\u00e1lida."]},"error_data":[]},"_links":{"self":[{"href":"https:\/\/heisateam.com.mx\/index.php\/wp-json\/wp\/v2\/product\/4123","targetHints":{"allow":["GET"]}}],"collection":[{"href":"https:\/\/heisateam.com.mx\/index.php\/wp-json\/wp\/v2\/product"}],"about":[{"href":"https:\/\/heisateam.com.mx\/index.php\/wp-json\/wp\/v2\/types\/product"}],"replies":[{"embeddable":true,"href":"https:\/\/heisateam.com.mx\/index.php\/wp-json\/wp\/v2\/comments?post=4123"}],"version-history":[{"count":1,"href":"https:\/\/heisateam.com.mx\/index.php\/wp-json\/wp\/v2\/product\/4123\/revisions"}],"predecessor-version":[{"id":4124,"href":"https:\/\/heisateam.com.mx\/index.php\/wp-json\/wp\/v2\/product\/4123\/revisions\/4124"}],"wp:featuredmedia":[{"embeddable":true,"href":"https:\/\/heisateam.com.mx\/index.php\/wp-json\/wp\/v2\/media\/4102"}],"wp:attachment":[{"href":"https:\/\/heisateam.com.mx\/index.php\/wp-json\/wp\/v2\/media?parent=4123"}],"wp:term":[{"taxonomy":"product_brand","embeddable":true,"href":"https:\/\/heisateam.com.mx\/index.php\/wp-json\/wp\/v2\/product_brand?post=4123"},{"taxonomy":"product_cat","embeddable":true,"href":"https:\/\/heisateam.com.mx\/index.php\/wp-json\/wp\/v2\/product_cat?post=4123"},{"taxonomy":"product_tag","embeddable":true,"href":"https:\/\/heisateam.com.mx\/index.php\/wp-json\/wp\/v2\/product_tag?post=4123"}],"curies":[{"name":"wp","href":"https:\/\/api.w.org\/{rel}","templated":true}]}}