{"id":4128,"date":"2025-07-07T21:48:22","date_gmt":"2025-07-08T03:48:22","guid":{"rendered":"https:\/\/heisateam.com.mx\/?post_type=product&#038;p=4128"},"modified":"2026-02-02T03:46:48","modified_gmt":"2026-02-02T09:46:48","slug":"filtro-de-aire-comprimido-06f32bc-1-1-2-npt-filtracion-para-ambientes-industriales","status":"publish","type":"product","link":"https:\/\/heisateam.com.mx\/index.php\/product\/filtro-de-aire-comprimido-06f32bc-1-1-2-npt-filtracion-para-ambientes-industriales\/","title":{"rendered":"Filtro de Aire Comprimido 06F32BC, 1-1\/2&#8243; NPT Filtraci\u00f3n para Ambientes Industriales"},"content":{"rendered":"<p>Filtro 06F32BC con conexi\u00f3n NPT de 1-1\/2\u201d y drenaje autom\u00e1tico. Dise\u00f1ado para alto caudal de aire comprimido en aplicaciones industriales pesadas.<\/p>\n","protected":false},"excerpt":{"rendered":"<p>El drenaje autom\u00e1tico expulsa el condensado sin necesidad de intervenci\u00f3n manual, lo que reduce los tiempos de mantenimiento y evita acumulaciones da\u00f1inas. Su elemento filtrante de alta eficiencia garantiza aire limpio, prolongando la vida \u00fatil de herramientas, v\u00e1lvulas y actuadores neum\u00e1ticos.<\/p>\n","protected":false},"featured_media":3832,"comment_status":"open","ping_status":"closed","template":"","meta":[],"product_brand":[],"product_cat":[65],"product_tag":[],"class_list":{"0":"post-4128","1":"product","2":"type-product","3":"status-publish","4":"has-post-thumbnail","6":"product_cat-parker-hannifin","8":"first","9":"instock","10":"shipping-taxable","11":"product-type-simple"},"etheme_brands":{"errors":{"invalid_taxonomy":["Taxonom\u00eda no v\u00e1lida."]},"error_data":[]},"_links":{"self":[{"href":"https:\/\/heisateam.com.mx\/index.php\/wp-json\/wp\/v2\/product\/4128","targetHints":{"allow":["GET"]}}],"collection":[{"href":"https:\/\/heisateam.com.mx\/index.php\/wp-json\/wp\/v2\/product"}],"about":[{"href":"https:\/\/heisateam.com.mx\/index.php\/wp-json\/wp\/v2\/types\/product"}],"replies":[{"embeddable":true,"href":"https:\/\/heisateam.com.mx\/index.php\/wp-json\/wp\/v2\/comments?post=4128"}],"version-history":[{"count":1,"href":"https:\/\/heisateam.com.mx\/index.php\/wp-json\/wp\/v2\/product\/4128\/revisions"}],"predecessor-version":[{"id":4129,"href":"https:\/\/heisateam.com.mx\/index.php\/wp-json\/wp\/v2\/product\/4128\/revisions\/4129"}],"wp:featuredmedia":[{"embeddable":true,"href":"https:\/\/heisateam.com.mx\/index.php\/wp-json\/wp\/v2\/media\/3832"}],"wp:attachment":[{"href":"https:\/\/heisateam.com.mx\/index.php\/wp-json\/wp\/v2\/media?parent=4128"}],"wp:term":[{"taxonomy":"product_brand","embeddable":true,"href":"https:\/\/heisateam.com.mx\/index.php\/wp-json\/wp\/v2\/product_brand?post=4128"},{"taxonomy":"product_cat","embeddable":true,"href":"https:\/\/heisateam.com.mx\/index.php\/wp-json\/wp\/v2\/product_cat?post=4128"},{"taxonomy":"product_tag","embeddable":true,"href":"https:\/\/heisateam.com.mx\/index.php\/wp-json\/wp\/v2\/product_tag?post=4128"}],"curies":[{"name":"wp","href":"https:\/\/api.w.org\/{rel}","templated":true}]}}