{"id":4134,"date":"2025-07-07T22:30:33","date_gmt":"2025-07-08T04:30:33","guid":{"rendered":"https:\/\/heisateam.com.mx\/?post_type=product&#038;p=4134"},"modified":"2025-07-07T22:30:34","modified_gmt":"2025-07-08T04:30:34","slug":"filtro-de-aire-comprimido-06f36ac-2-1-2-npt-alto-flujo-y-filtracion-industrial-eficiente","status":"publish","type":"product","link":"https:\/\/heisateam.com.mx\/index.php\/product\/filtro-de-aire-comprimido-06f36ac-2-1-2-npt-alto-flujo-y-filtracion-industrial-eficiente\/","title":{"rendered":"Filtro de Aire Comprimido 06F36AC, 2-1\/2&#8243; NPT, Alto Flujo y Filtraci\u00f3n Industrial Eficiente"},"content":{"rendered":"<p data-start=\"212\" data-end=\"320\">Filtro 06F36AC con conexi\u00f3n NPT de 2-1\/2\u201d. Ideal para sistemas neum\u00e1ticos de gran volumen. Alta eficiencia de filtrado, construcci\u00f3n robusta y f\u00e1cil integraci\u00f3n.<\/p>\n","protected":false},"excerpt":{"rendered":"<p data-start=\"566\" data-end=\"947\">Equipado con rosca NPT de 2-1\/2\u201d, es ideal para l\u00edneas principales y procesos donde se requiere un caudal constante de aire limpio.\u00a0Su elemento filtrante de alto rendimiento protege componentes neum\u00e1ticos cr\u00edticos alargando su vida \u00fatil y reduciendo costos de mantenimiento.<\/p>\n","protected":false},"featured_media":4102,"comment_status":"open","ping_status":"closed","template":"","meta":[],"product_brand":[],"product_cat":[65],"product_tag":[],"class_list":{"0":"post-4134","1":"product","2":"type-product","3":"status-publish","4":"has-post-thumbnail","6":"product_cat-parker-hannifin","8":"first","9":"instock","10":"shipping-taxable","11":"product-type-simple"},"etheme_brands":{"errors":{"invalid_taxonomy":["Taxonom\u00eda no v\u00e1lida."]},"error_data":[]},"_links":{"self":[{"href":"https:\/\/heisateam.com.mx\/index.php\/wp-json\/wp\/v2\/product\/4134","targetHints":{"allow":["GET"]}}],"collection":[{"href":"https:\/\/heisateam.com.mx\/index.php\/wp-json\/wp\/v2\/product"}],"about":[{"href":"https:\/\/heisateam.com.mx\/index.php\/wp-json\/wp\/v2\/types\/product"}],"replies":[{"embeddable":true,"href":"https:\/\/heisateam.com.mx\/index.php\/wp-json\/wp\/v2\/comments?post=4134"}],"version-history":[{"count":1,"href":"https:\/\/heisateam.com.mx\/index.php\/wp-json\/wp\/v2\/product\/4134\/revisions"}],"predecessor-version":[{"id":4135,"href":"https:\/\/heisateam.com.mx\/index.php\/wp-json\/wp\/v2\/product\/4134\/revisions\/4135"}],"wp:featuredmedia":[{"embeddable":true,"href":"https:\/\/heisateam.com.mx\/index.php\/wp-json\/wp\/v2\/media\/4102"}],"wp:attachment":[{"href":"https:\/\/heisateam.com.mx\/index.php\/wp-json\/wp\/v2\/media?parent=4134"}],"wp:term":[{"taxonomy":"product_brand","embeddable":true,"href":"https:\/\/heisateam.com.mx\/index.php\/wp-json\/wp\/v2\/product_brand?post=4134"},{"taxonomy":"product_cat","embeddable":true,"href":"https:\/\/heisateam.com.mx\/index.php\/wp-json\/wp\/v2\/product_cat?post=4134"},{"taxonomy":"product_tag","embeddable":true,"href":"https:\/\/heisateam.com.mx\/index.php\/wp-json\/wp\/v2\/product_tag?post=4134"}],"curies":[{"name":"wp","href":"https:\/\/api.w.org\/{rel}","templated":true}]}}