{"id":4138,"date":"2025-07-07T22:35:45","date_gmt":"2025-07-08T04:35:45","guid":{"rendered":"https:\/\/heisateam.com.mx\/?post_type=product&#038;p=4138"},"modified":"2025-07-07T22:35:45","modified_gmt":"2025-07-08T04:35:45","slug":"filtro-de-aire-comprimido-06f38ac-3-npt-filtracion-de-alto-flujo-para-aplicaciones-industriales-criticas","status":"publish","type":"product","link":"https:\/\/heisateam.com.mx\/index.php\/product\/filtro-de-aire-comprimido-06f38ac-3-npt-filtracion-de-alto-flujo-para-aplicaciones-industriales-criticas\/","title":{"rendered":"Filtro de Aire Comprimido 06F38AC, 3&#8243; NPT, Filtraci\u00f3n de Alto Flujo para Aplicaciones Industriales Cr\u00edticas"},"content":{"rendered":"<p data-start=\"381\" data-end=\"539\">Filtro 06F38AC con conexi\u00f3n NPT de 3\u201d. Dise\u00f1ado para sistemas de aire comprimido de gran capacidad. Alta eficiencia de filtrado y construcci\u00f3n robusta.<\/p>\n","protected":false},"excerpt":{"rendered":"<p>El filtro est\u00e1 equipado con un elemento filtrante de alta eficiencia, que protege componentes neum\u00e1ticos cr\u00edticos como v\u00e1lvulas, cilindros y herramientas, reduciendo el desgaste y prolongando la vida \u00fatil del sistema.<\/p>\n","protected":false},"featured_media":3832,"comment_status":"open","ping_status":"closed","template":"","meta":[],"product_brand":[],"product_cat":[65],"product_tag":[],"class_list":{"0":"post-4138","1":"product","2":"type-product","3":"status-publish","4":"has-post-thumbnail","6":"product_cat-parker-hannifin","8":"first","9":"instock","10":"shipping-taxable","11":"product-type-simple"},"etheme_brands":{"errors":{"invalid_taxonomy":["Taxonom\u00eda no v\u00e1lida."]},"error_data":[]},"_links":{"self":[{"href":"https:\/\/heisateam.com.mx\/index.php\/wp-json\/wp\/v2\/product\/4138","targetHints":{"allow":["GET"]}}],"collection":[{"href":"https:\/\/heisateam.com.mx\/index.php\/wp-json\/wp\/v2\/product"}],"about":[{"href":"https:\/\/heisateam.com.mx\/index.php\/wp-json\/wp\/v2\/types\/product"}],"replies":[{"embeddable":true,"href":"https:\/\/heisateam.com.mx\/index.php\/wp-json\/wp\/v2\/comments?post=4138"}],"version-history":[{"count":1,"href":"https:\/\/heisateam.com.mx\/index.php\/wp-json\/wp\/v2\/product\/4138\/revisions"}],"predecessor-version":[{"id":4139,"href":"https:\/\/heisateam.com.mx\/index.php\/wp-json\/wp\/v2\/product\/4138\/revisions\/4139"}],"wp:featuredmedia":[{"embeddable":true,"href":"https:\/\/heisateam.com.mx\/index.php\/wp-json\/wp\/v2\/media\/3832"}],"wp:attachment":[{"href":"https:\/\/heisateam.com.mx\/index.php\/wp-json\/wp\/v2\/media?parent=4138"}],"wp:term":[{"taxonomy":"product_brand","embeddable":true,"href":"https:\/\/heisateam.com.mx\/index.php\/wp-json\/wp\/v2\/product_brand?post=4138"},{"taxonomy":"product_cat","embeddable":true,"href":"https:\/\/heisateam.com.mx\/index.php\/wp-json\/wp\/v2\/product_cat?post=4138"},{"taxonomy":"product_tag","embeddable":true,"href":"https:\/\/heisateam.com.mx\/index.php\/wp-json\/wp\/v2\/product_tag?post=4138"}],"curies":[{"name":"wp","href":"https:\/\/api.w.org\/{rel}","templated":true}]}}