{"id":4142,"date":"2025-07-07T22:44:00","date_gmt":"2025-07-08T04:44:00","guid":{"rendered":"https:\/\/heisateam.com.mx\/?post_type=product&#038;p=4142"},"modified":"2025-07-07T22:44:00","modified_gmt":"2025-07-08T04:44:00","slug":"regulador-de-presion-07r313ac1-3-8-npt-alta-precision-con-manometro-incluido","status":"publish","type":"product","link":"https:\/\/heisateam.com.mx\/index.php\/product\/regulador-de-presion-07r313ac1-3-8-npt-alta-precision-con-manometro-incluido\/","title":{"rendered":"Regulador de Presi\u00f3n 07R313AC1, 3\/8&#8243; NPT, Alta Precisi\u00f3n con Man\u00f3metro Incluido"},"content":{"rendered":"<p>Regulador 07R313AC1 con entrada NPT de 3\/8\u201d, ajuste preciso de presi\u00f3n y man\u00f3metro integrado. Ideal para sistemas neum\u00e1ticos industriales.<\/p>\n","protected":false},"excerpt":{"rendered":"<p data-start=\"570\" data-end=\"930\">Su conexi\u00f3n NPT de 3\/8\u201d lo hace ideal para aplicaciones donde se requiere un control preciso, como l\u00edneas de producci\u00f3n, automatizaci\u00f3n y equipos neum\u00e1ticos.\u00a0Su estructura robusta y materiales resistentes a la corrosi\u00f3n aseguran una larga vida \u00fatil incluso en entornos industriales exigentes.<\/p>\n","protected":false},"featured_media":3822,"comment_status":"open","ping_status":"closed","template":"","meta":[],"product_brand":[],"product_cat":[65],"product_tag":[],"class_list":{"0":"post-4142","1":"product","2":"type-product","3":"status-publish","4":"has-post-thumbnail","6":"product_cat-parker-hannifin","8":"first","9":"instock","10":"shipping-taxable","11":"product-type-simple"},"etheme_brands":{"errors":{"invalid_taxonomy":["Taxonom\u00eda no v\u00e1lida."]},"error_data":[]},"_links":{"self":[{"href":"https:\/\/heisateam.com.mx\/index.php\/wp-json\/wp\/v2\/product\/4142","targetHints":{"allow":["GET"]}}],"collection":[{"href":"https:\/\/heisateam.com.mx\/index.php\/wp-json\/wp\/v2\/product"}],"about":[{"href":"https:\/\/heisateam.com.mx\/index.php\/wp-json\/wp\/v2\/types\/product"}],"replies":[{"embeddable":true,"href":"https:\/\/heisateam.com.mx\/index.php\/wp-json\/wp\/v2\/comments?post=4142"}],"version-history":[{"count":1,"href":"https:\/\/heisateam.com.mx\/index.php\/wp-json\/wp\/v2\/product\/4142\/revisions"}],"predecessor-version":[{"id":4143,"href":"https:\/\/heisateam.com.mx\/index.php\/wp-json\/wp\/v2\/product\/4142\/revisions\/4143"}],"wp:featuredmedia":[{"embeddable":true,"href":"https:\/\/heisateam.com.mx\/index.php\/wp-json\/wp\/v2\/media\/3822"}],"wp:attachment":[{"href":"https:\/\/heisateam.com.mx\/index.php\/wp-json\/wp\/v2\/media?parent=4142"}],"wp:term":[{"taxonomy":"product_brand","embeddable":true,"href":"https:\/\/heisateam.com.mx\/index.php\/wp-json\/wp\/v2\/product_brand?post=4142"},{"taxonomy":"product_cat","embeddable":true,"href":"https:\/\/heisateam.com.mx\/index.php\/wp-json\/wp\/v2\/product_cat?post=4142"},{"taxonomy":"product_tag","embeddable":true,"href":"https:\/\/heisateam.com.mx\/index.php\/wp-json\/wp\/v2\/product_tag?post=4142"}],"curies":[{"name":"wp","href":"https:\/\/api.w.org\/{rel}","templated":true}]}}