{"id":4146,"date":"2025-07-07T22:53:56","date_gmt":"2025-07-08T04:53:56","guid":{"rendered":"https:\/\/heisateam.com.mx\/?post_type=product&#038;p=4146"},"modified":"2025-07-07T22:53:57","modified_gmt":"2025-07-08T04:53:57","slug":"regulador-de-presion-07r318ac-3-4-npt-alta-precision-y-caudal-para-aplicaciones-industriales","status":"publish","type":"product","link":"https:\/\/heisateam.com.mx\/index.php\/product\/regulador-de-presion-07r318ac-3-4-npt-alta-precision-y-caudal-para-aplicaciones-industriales\/","title":{"rendered":"Regulador de Presi\u00f3n 07R318AC, 3\/4&#8243; NPT, Alta Precisi\u00f3n y Caudal para Aplicaciones Industriales"},"content":{"rendered":"<p>Regulador 07R318AC con conexi\u00f3n NPT de 3\/4\u201d. Ideal para controlar con precisi\u00f3n la presi\u00f3n en sistemas neum\u00e1ticos de alto flujo.<\/p>\n","protected":false},"excerpt":{"rendered":"<p>Este modelo garantiza una presi\u00f3n de salida estable, incluso bajo variaciones en el flujo, lo que ayuda a proteger equipos aguas abajo como actuadores, v\u00e1lvulas y herramientas neum\u00e1ticas.<\/p>\n","protected":false},"featured_media":3747,"comment_status":"open","ping_status":"closed","template":"","meta":[],"product_brand":[],"product_cat":[65],"product_tag":[],"class_list":{"0":"post-4146","1":"product","2":"type-product","3":"status-publish","4":"has-post-thumbnail","6":"product_cat-parker-hannifin","8":"first","9":"instock","10":"shipping-taxable","11":"product-type-simple"},"etheme_brands":{"errors":{"invalid_taxonomy":["Taxonom\u00eda no v\u00e1lida."]},"error_data":[]},"_links":{"self":[{"href":"https:\/\/heisateam.com.mx\/index.php\/wp-json\/wp\/v2\/product\/4146","targetHints":{"allow":["GET"]}}],"collection":[{"href":"https:\/\/heisateam.com.mx\/index.php\/wp-json\/wp\/v2\/product"}],"about":[{"href":"https:\/\/heisateam.com.mx\/index.php\/wp-json\/wp\/v2\/types\/product"}],"replies":[{"embeddable":true,"href":"https:\/\/heisateam.com.mx\/index.php\/wp-json\/wp\/v2\/comments?post=4146"}],"version-history":[{"count":1,"href":"https:\/\/heisateam.com.mx\/index.php\/wp-json\/wp\/v2\/product\/4146\/revisions"}],"predecessor-version":[{"id":4147,"href":"https:\/\/heisateam.com.mx\/index.php\/wp-json\/wp\/v2\/product\/4146\/revisions\/4147"}],"wp:featuredmedia":[{"embeddable":true,"href":"https:\/\/heisateam.com.mx\/index.php\/wp-json\/wp\/v2\/media\/3747"}],"wp:attachment":[{"href":"https:\/\/heisateam.com.mx\/index.php\/wp-json\/wp\/v2\/media?parent=4146"}],"wp:term":[{"taxonomy":"product_brand","embeddable":true,"href":"https:\/\/heisateam.com.mx\/index.php\/wp-json\/wp\/v2\/product_brand?post=4146"},{"taxonomy":"product_cat","embeddable":true,"href":"https:\/\/heisateam.com.mx\/index.php\/wp-json\/wp\/v2\/product_cat?post=4146"},{"taxonomy":"product_tag","embeddable":true,"href":"https:\/\/heisateam.com.mx\/index.php\/wp-json\/wp\/v2\/product_tag?post=4146"}],"curies":[{"name":"wp","href":"https:\/\/api.w.org\/{rel}","templated":true}]}}