{"id":4150,"date":"2025-07-07T23:08:07","date_gmt":"2025-07-08T05:08:07","guid":{"rendered":"https:\/\/heisateam.com.mx\/?post_type=product&#038;p=4150"},"modified":"2025-07-07T23:08:08","modified_gmt":"2025-07-08T05:08:08","slug":"regulador-de-presion-neumatico-07r415ac-1-2-npt-alta-precision-y-rendimiento-en-sistemas-industriales","status":"publish","type":"product","link":"https:\/\/heisateam.com.mx\/index.php\/product\/regulador-de-presion-neumatico-07r415ac-1-2-npt-alta-precision-y-rendimiento-en-sistemas-industriales\/","title":{"rendered":"Regulador de Presi\u00f3n Neum\u00e1tico 07R415AC, 1\/2&#8243; NPT, Alta Precisi\u00f3n y Rendimiento en Sistemas Industriales"},"content":{"rendered":"<p>Regulador 07R415AC con conexi\u00f3n NPT de 1\/2\u201d. Dise\u00f1ado para regular con precisi\u00f3n la presi\u00f3n del aire en sistemas neum\u00e1ticos de flujo medio.<\/p>\n","protected":false},"excerpt":{"rendered":"<p>Con su conexi\u00f3n NPT de 1\/2\u201d, este modelo es ideal para aplicaciones industriales que requieren una regulaci\u00f3n precisa del aire para proteger equipos y optimizar el rendimiento del sistema.<\/p>\n","protected":false},"featured_media":3822,"comment_status":"open","ping_status":"closed","template":"","meta":[],"product_brand":[],"product_cat":[65],"product_tag":[],"class_list":{"0":"post-4150","1":"product","2":"type-product","3":"status-publish","4":"has-post-thumbnail","6":"product_cat-parker-hannifin","8":"first","9":"instock","10":"shipping-taxable","11":"product-type-simple"},"etheme_brands":{"errors":{"invalid_taxonomy":["Taxonom\u00eda no v\u00e1lida."]},"error_data":[]},"_links":{"self":[{"href":"https:\/\/heisateam.com.mx\/index.php\/wp-json\/wp\/v2\/product\/4150","targetHints":{"allow":["GET"]}}],"collection":[{"href":"https:\/\/heisateam.com.mx\/index.php\/wp-json\/wp\/v2\/product"}],"about":[{"href":"https:\/\/heisateam.com.mx\/index.php\/wp-json\/wp\/v2\/types\/product"}],"replies":[{"embeddable":true,"href":"https:\/\/heisateam.com.mx\/index.php\/wp-json\/wp\/v2\/comments?post=4150"}],"version-history":[{"count":1,"href":"https:\/\/heisateam.com.mx\/index.php\/wp-json\/wp\/v2\/product\/4150\/revisions"}],"predecessor-version":[{"id":4151,"href":"https:\/\/heisateam.com.mx\/index.php\/wp-json\/wp\/v2\/product\/4150\/revisions\/4151"}],"wp:featuredmedia":[{"embeddable":true,"href":"https:\/\/heisateam.com.mx\/index.php\/wp-json\/wp\/v2\/media\/3822"}],"wp:attachment":[{"href":"https:\/\/heisateam.com.mx\/index.php\/wp-json\/wp\/v2\/media?parent=4150"}],"wp:term":[{"taxonomy":"product_brand","embeddable":true,"href":"https:\/\/heisateam.com.mx\/index.php\/wp-json\/wp\/v2\/product_brand?post=4150"},{"taxonomy":"product_cat","embeddable":true,"href":"https:\/\/heisateam.com.mx\/index.php\/wp-json\/wp\/v2\/product_cat?post=4150"},{"taxonomy":"product_tag","embeddable":true,"href":"https:\/\/heisateam.com.mx\/index.php\/wp-json\/wp\/v2\/product_tag?post=4150"}],"curies":[{"name":"wp","href":"https:\/\/api.w.org\/{rel}","templated":true}]}}