{"id":4185,"date":"2025-07-08T08:49:47","date_gmt":"2025-07-08T14:49:47","guid":{"rendered":"https:\/\/heisateam.com.mx\/?post_type=product&#038;p=4185"},"modified":"2025-07-08T08:49:48","modified_gmt":"2025-07-08T14:49:48","slug":"filtro-de-aire-comprimido-07f46ac-3-4-npt-sistemas-industriales-de-medio-a-alto-caudal","status":"publish","type":"product","link":"https:\/\/heisateam.com.mx\/index.php\/product\/filtro-de-aire-comprimido-07f46ac-3-4-npt-sistemas-industriales-de-medio-a-alto-caudal\/","title":{"rendered":"Filtro de Aire Comprimido 07F46AC, 3\/4&#8243; NPT, Sistemas Industriales de Medio a Alto Caudal"},"content":{"rendered":"<p data-start=\"370\" data-end=\"520\">Filtro 07F46AC con conexi\u00f3n NPT de 3\/4\u201d. Filtra part\u00edculas y humedad en l\u00edneas de aire comprimido industriales. Compacto, eficiente y duradero.<\/p>\n","protected":false},"excerpt":{"rendered":"<p data-start=\"559\" data-end=\"915\">Equipado con conexi\u00f3n NPT de 3\/4\u201d, ofrece una filtraci\u00f3n eficiente de part\u00edculas s\u00f3lidas y humedad, protegiendo v\u00e1lvulas, actuadores y herramientas neum\u00e1ticas de da\u00f1os y desgaste prematuro.\u00a0Su dise\u00f1o compacto y modular permite su integraci\u00f3n en sistemas FRL (filtro, regulador, lubricador) de Parker, optimizando la calidad del aire y el rendimiento del sistema.<\/p>\n","protected":false},"featured_media":3832,"comment_status":"open","ping_status":"closed","template":"","meta":[],"product_brand":[],"product_cat":[65],"product_tag":[],"class_list":{"0":"post-4185","1":"product","2":"type-product","3":"status-publish","4":"has-post-thumbnail","6":"product_cat-parker-hannifin","8":"first","9":"instock","10":"shipping-taxable","11":"product-type-simple"},"etheme_brands":{"errors":{"invalid_taxonomy":["Taxonom\u00eda no v\u00e1lida."]},"error_data":[]},"_links":{"self":[{"href":"https:\/\/heisateam.com.mx\/index.php\/wp-json\/wp\/v2\/product\/4185","targetHints":{"allow":["GET"]}}],"collection":[{"href":"https:\/\/heisateam.com.mx\/index.php\/wp-json\/wp\/v2\/product"}],"about":[{"href":"https:\/\/heisateam.com.mx\/index.php\/wp-json\/wp\/v2\/types\/product"}],"replies":[{"embeddable":true,"href":"https:\/\/heisateam.com.mx\/index.php\/wp-json\/wp\/v2\/comments?post=4185"}],"version-history":[{"count":1,"href":"https:\/\/heisateam.com.mx\/index.php\/wp-json\/wp\/v2\/product\/4185\/revisions"}],"predecessor-version":[{"id":4186,"href":"https:\/\/heisateam.com.mx\/index.php\/wp-json\/wp\/v2\/product\/4185\/revisions\/4186"}],"wp:featuredmedia":[{"embeddable":true,"href":"https:\/\/heisateam.com.mx\/index.php\/wp-json\/wp\/v2\/media\/3832"}],"wp:attachment":[{"href":"https:\/\/heisateam.com.mx\/index.php\/wp-json\/wp\/v2\/media?parent=4185"}],"wp:term":[{"taxonomy":"product_brand","embeddable":true,"href":"https:\/\/heisateam.com.mx\/index.php\/wp-json\/wp\/v2\/product_brand?post=4185"},{"taxonomy":"product_cat","embeddable":true,"href":"https:\/\/heisateam.com.mx\/index.php\/wp-json\/wp\/v2\/product_cat?post=4185"},{"taxonomy":"product_tag","embeddable":true,"href":"https:\/\/heisateam.com.mx\/index.php\/wp-json\/wp\/v2\/product_tag?post=4185"}],"curies":[{"name":"wp","href":"https:\/\/api.w.org\/{rel}","templated":true}]}}