{"id":4232,"date":"2025-07-08T10:48:35","date_gmt":"2025-07-08T16:48:35","guid":{"rendered":"https:\/\/heisateam.com.mx\/?post_type=product&#038;p=4232"},"modified":"2025-07-08T10:48:35","modified_gmt":"2025-07-08T16:48:35","slug":"conector-enchufe-din-41651-11pe-socket-me-5004711-aplicaciones-industriales","status":"publish","type":"product","link":"https:\/\/heisateam.com.mx\/index.php\/product\/conector-enchufe-din-41651-11pe-socket-me-5004711-aplicaciones-industriales\/","title":{"rendered":"Conector Enchufe DIN 41651 11+PE \u2013 Socket ME 5004711 Aplicaciones Industriales"},"content":{"rendered":"<p>El conector tipo socket 5004711, compatible con norma DIN 41651, cuenta con 11 contactos m\u00e1s PE (tierra). Ideal para conexiones el\u00e9ctricas seguras en entornos industriales y automatizaci\u00f3n.<\/p>\n","protected":false},"excerpt":{"rendered":"<p data-start=\"600\" data-end=\"992\">El 5004711 es un conector hembra (socket) tipo LEITUNGSDOSE, compatible con la norma DIN 41651, dise\u00f1ado para establecer conexiones el\u00e9ctricas seguras y confiables en sistemas de automatizaci\u00f3n, control y maquinaria industrial. Dispone de 11 pines de se\u00f1al m\u00e1s 1 de tierra (PE), lo que permite manejar m\u00faltiples l\u00edneas de comunicaci\u00f3n o alimentaci\u00f3n con una sola conexi\u00f3n.<\/p>\n","protected":false},"featured_media":4233,"comment_status":"open","ping_status":"closed","template":"","meta":[],"product_brand":[],"product_cat":[65,68],"product_tag":[],"class_list":{"0":"post-4232","1":"product","2":"type-product","3":"status-publish","4":"has-post-thumbnail","6":"product_cat-parker-hannifin","7":"product_cat-watson-mc-daniel","9":"first","10":"instock","11":"shipping-taxable","12":"product-type-simple"},"etheme_brands":{"errors":{"invalid_taxonomy":["Taxonom\u00eda no v\u00e1lida."]},"error_data":[]},"_links":{"self":[{"href":"https:\/\/heisateam.com.mx\/index.php\/wp-json\/wp\/v2\/product\/4232","targetHints":{"allow":["GET"]}}],"collection":[{"href":"https:\/\/heisateam.com.mx\/index.php\/wp-json\/wp\/v2\/product"}],"about":[{"href":"https:\/\/heisateam.com.mx\/index.php\/wp-json\/wp\/v2\/types\/product"}],"replies":[{"embeddable":true,"href":"https:\/\/heisateam.com.mx\/index.php\/wp-json\/wp\/v2\/comments?post=4232"}],"version-history":[{"count":1,"href":"https:\/\/heisateam.com.mx\/index.php\/wp-json\/wp\/v2\/product\/4232\/revisions"}],"predecessor-version":[{"id":4234,"href":"https:\/\/heisateam.com.mx\/index.php\/wp-json\/wp\/v2\/product\/4232\/revisions\/4234"}],"wp:featuredmedia":[{"embeddable":true,"href":"https:\/\/heisateam.com.mx\/index.php\/wp-json\/wp\/v2\/media\/4233"}],"wp:attachment":[{"href":"https:\/\/heisateam.com.mx\/index.php\/wp-json\/wp\/v2\/media?parent=4232"}],"wp:term":[{"taxonomy":"product_brand","embeddable":true,"href":"https:\/\/heisateam.com.mx\/index.php\/wp-json\/wp\/v2\/product_brand?post=4232"},{"taxonomy":"product_cat","embeddable":true,"href":"https:\/\/heisateam.com.mx\/index.php\/wp-json\/wp\/v2\/product_cat?post=4232"},{"taxonomy":"product_tag","embeddable":true,"href":"https:\/\/heisateam.com.mx\/index.php\/wp-json\/wp\/v2\/product_tag?post=4232"}],"curies":[{"name":"wp","href":"https:\/\/api.w.org\/{rel}","templated":true}]}}