{"id":4242,"date":"2025-07-08T11:21:50","date_gmt":"2025-07-08T17:21:50","guid":{"rendered":"https:\/\/heisateam.com.mx\/?post_type=product&#038;p=4242"},"modified":"2025-07-08T11:45:53","modified_gmt":"2025-07-08T17:45:53","slug":"conector-grommet-3p-con-leads-de-72-3-8-ds","status":"publish","type":"product","link":"https:\/\/heisateam.com.mx\/index.php\/product\/conector-grommet-3p-con-leads-de-72-3-8-ds\/","title":{"rendered":"V\u00e1lvula Solenoide Neum\u00e1tica XM \u2013 3\/2 o 4\/2 Direct-Acting, 1\/8\u2033 NPT"},"content":{"rendered":"<p>V\u00e1lvula solenoide neum\u00e1tica compacta, 3\/2 o 4\/2 v\u00edas, con roscas 1\/8\u2033 NPT y bobina de servicio continuo. Disponible con conexiones el\u00e9ctricas tipo DIN, grommet o conduit.<\/p>\n","protected":false},"excerpt":{"rendered":"<p><span class=\"relative -mx-px my-[-0.2rem] rounded px-px py-[0.2rem] transition-colors duration-100 ease-in-out\">La Serie XM de Parker es una v\u00e1lvula solenoide neum\u00e1tica direct\u2011acting (directamente accionada), con configuraciones de 3\/2 o 4\/2 v\u00edas y puerto de rosca 1\/8\u2033 NPT. Puede instalarse en cualquier orientaci\u00f3n y ofrece varias opciones de conexi\u00f3n el\u00e9ctrica: enchufe DIN de 15\u202fmm de 3 pines, prensaestopa grommet con cableados, y entrada por conducto de 1\/2\u2033 NPT.<\/span><\/p>\n","protected":false},"featured_media":4253,"comment_status":"open","ping_status":"closed","template":"","meta":[],"product_brand":[],"product_cat":[65],"product_tag":[],"class_list":{"0":"post-4242","1":"product","2":"type-product","3":"status-publish","4":"has-post-thumbnail","6":"product_cat-parker-hannifin","8":"first","9":"instock","10":"shipping-taxable","11":"product-type-simple"},"etheme_brands":{"errors":{"invalid_taxonomy":["Taxonom\u00eda no v\u00e1lida."]},"error_data":[]},"_links":{"self":[{"href":"https:\/\/heisateam.com.mx\/index.php\/wp-json\/wp\/v2\/product\/4242","targetHints":{"allow":["GET"]}}],"collection":[{"href":"https:\/\/heisateam.com.mx\/index.php\/wp-json\/wp\/v2\/product"}],"about":[{"href":"https:\/\/heisateam.com.mx\/index.php\/wp-json\/wp\/v2\/types\/product"}],"replies":[{"embeddable":true,"href":"https:\/\/heisateam.com.mx\/index.php\/wp-json\/wp\/v2\/comments?post=4242"}],"version-history":[{"count":3,"href":"https:\/\/heisateam.com.mx\/index.php\/wp-json\/wp\/v2\/product\/4242\/revisions"}],"predecessor-version":[{"id":4254,"href":"https:\/\/heisateam.com.mx\/index.php\/wp-json\/wp\/v2\/product\/4242\/revisions\/4254"}],"wp:featuredmedia":[{"embeddable":true,"href":"https:\/\/heisateam.com.mx\/index.php\/wp-json\/wp\/v2\/media\/4253"}],"wp:attachment":[{"href":"https:\/\/heisateam.com.mx\/index.php\/wp-json\/wp\/v2\/media?parent=4242"}],"wp:term":[{"taxonomy":"product_brand","embeddable":true,"href":"https:\/\/heisateam.com.mx\/index.php\/wp-json\/wp\/v2\/product_brand?post=4242"},{"taxonomy":"product_cat","embeddable":true,"href":"https:\/\/heisateam.com.mx\/index.php\/wp-json\/wp\/v2\/product_cat?post=4242"},{"taxonomy":"product_tag","embeddable":true,"href":"https:\/\/heisateam.com.mx\/index.php\/wp-json\/wp\/v2\/product_tag?post=4242"}],"curies":[{"name":"wp","href":"https:\/\/api.w.org\/{rel}","templated":true}]}}